{"id":1321,"date":"2024-04-30T10:51:41","date_gmt":"2024-04-30T08:51:41","guid":{"rendered":"https:\/\/www.poesie-italiane.de\/?page_id=1321"},"modified":"2024-09-26T10:10:45","modified_gmt":"2024-09-26T08:10:45","slug":"cd","status":"publish","type":"page","link":"https:\/\/www.poesie-italiane.de\/es\/cd\/","title":{"rendered":"CD"},"content":{"rendered":"[vc_row][vc_column][vc_widget_sidebar sidebar_id=\u00bbsidebar-15&#8243; el_id=\u00bbsprachen\u00bb][\/vc_column][\/vc_row][vc_row css=\u00bb.vc_custom_1713599604741{padding-top: 70px !important;padding-bottom: 25px !important;}\u00bb][vc_column width=\u00bb1\/6&#8243;][\/vc_column][vc_column width=\u00bb2\/6&#8243;][vc_column_text css=\u00bb.vc_custom_1713601514280{margin-bottom: 0px !important;}\u00bb]\n<h3>Aspettami!<\/h3>\n<p>Non c\u2019era bisogno<br \/>\ndi grandi pensieri,<br \/>\nperch\u00e9 sei tu<br \/>\nun grande pensiero<br \/>\ndell\u2019universo.<br \/>\nIl tuo affetto<br \/>\nera semplice,<br \/>\nnaturale e<br \/>\ndegno di fiducia<br \/>\ncome la luce del sole.<br \/>\nCon te non<br \/>\ndesideravo niente,<br \/>\nperch\u00e9 avevo tutto.<br \/>\nMi manchi,<br \/>\nma un giorno<br \/>\nci ritroveremo.<br \/>\nAspettami![\/vc_column_text][\/vc_column][vc_column width=\u00bb2\/6&#8243;][vc_column_text css=\u00bb.vc_custom_1714466844980{margin-bottom: 0px !important;}\u00bb]\n<h3>\u00a1Esp\u00e9rame!<\/h3>\n<p>No fueron necesarios<br \/>\ngrandes pensamientos,<br \/>\nporque t\u00fa eres<br \/>\nun gran pensamiento<br \/>\ndel universo.<br \/>\nTu afecto<br \/>\nfue simple,<br \/>\nnatural y<br \/>\ndigno de confianza<br \/>\ncomo la luz del sol.<br \/>\nContigo no<br \/>\nesper\u00e9 nada,<br \/>\nporque lo tuve todo.<br \/>\nTe extra\u00f1o,<br \/>\npero un d\u00eda<br \/>\nnos reencontraremos.<br \/>\n\u00a1Esp\u00e9rame![\/vc_column_text][\/vc_column][vc_column width=\u00bb1\/6&#8243;][\/vc_column][\/vc_row][vc_row css=\u00bb.vc_custom_1713599615363{padding-top: 25px !important;padding-bottom: 25px !important;}\u00bb][vc_column width=\u00bb1\/6&#8243;][\/vc_column][vc_column width=\u00bb2\/6&#8243;][vc_column_text css=\u00bb.vc_custom_1713601529611{margin-bottom: 0px !important;}\u00bb]\n<h3>Se il cielo si apre<\/h3>\n<p>Perch\u00e9 chiedere<br \/>\nuna parte<br \/>\nse tutto<br \/>\n\u00e8 possibile?<br \/>\nPerch\u00e9 limitare<br \/>\nle mete<br \/>\nse i confini<br \/>\nnon esistono?<br \/>\nPerch\u00e9 legarsi<br \/>\nalla terra<br \/>\nse il cielo<br \/>\nsi apre?[\/vc_column_text][\/vc_column][vc_column width=\u00bb2\/6&#8243;][vc_column_text css=\u00bb.vc_custom_1714466861841{margin-bottom: 0px !important;}\u00bb]\n<h3>Cuando el cielo se abre<\/h3>\n<p>\u00bfPor qu\u00e9 preguntar<br \/>\npor una parte<br \/>\ncuando todo<br \/>\nes posible?<br \/>\n\u00bfPor qu\u00e9 limitar<br \/>\nlas metas<br \/>\ncuando las restricciones<br \/>\nno existen?<br \/>\n\u00bfPor qu\u00e9 ligarse<br \/>\na la tierra<br \/>\ncuando el cielo<br \/>\nse abre?[\/vc_column_text][\/vc_column][vc_column width=\u00bb1\/6&#8243;][\/vc_column][\/vc_row][vc_row css=\u00bb.vc_custom_1713599627277{padding-top: 25px !important;padding-bottom: 25px !important;}\u00bb][vc_column width=\u00bb1\/6&#8243;][\/vc_column][vc_column width=\u00bb2\/6&#8243;][vc_column_text css=\u00bb.vc_custom_1713601541840{margin-bottom: 0px !important;}\u00bb]\n<h3>Il mio messaggio<\/h3>\n<p>Il mio messaggio<br \/>\nper il mondo \u00e8<br \/>\nche non ho<br \/>\nun messaggio.<br \/>\nChi sostiene<br \/>\ndi averne uno<br \/>\nracconta bugie.<br \/>\nNon c\u2019\u00e8 niente<br \/>\nche vale<br \/>\nper tutti.<br \/>\nCi obbliga<br \/>\nsolo la voce<br \/>\ndel cuore<br \/>\ne questa vale<br \/>\nsenza riserva.[\/vc_column_text][\/vc_column][vc_column width=\u00bb2\/6&#8243;][vc_column_text css=\u00bb.vc_custom_1714466877515{margin-bottom: 0px !important;}\u00bb]\n<h3>Mi mensaje<\/h3>\n<p>Mi mensaje<br \/>\npara el mundo es<br \/>\nque no soy due\u00f1o<br \/>\nde ning\u00fan mensaje.<br \/>\nQuien sostenga<br \/>\nque tiene uno<br \/>\ndice mentiras.<br \/>\nNo s\u00e9 nada<br \/>\nque valga<br \/>\npara alguien.<br \/>\nEstamos obligados<br \/>\na seguir solamente<br \/>\nla voz del coraz\u00f3n<br \/>\ny esto es verdad<br \/>\nsin reserva.[\/vc_column_text][\/vc_column][vc_column width=\u00bb1\/6&#8243;][\/vc_column][\/vc_row][vc_row css=\u00bb.vc_custom_1713599650160{padding-top: 25px !important;padding-bottom: 25px !important;}\u00bb][vc_column width=\u00bb1\/6&#8243;][\/vc_column][vc_column width=\u00bb2\/6&#8243;][vc_column_text css=\u00bb.vc_custom_1713601553011{margin-bottom: 0px !important;}\u00bb]\n<h3>Scritto sulla sabbia<\/h3>\n<p>Sono stato<br \/>\nalla spiaggia<br \/>\nammirando<br \/>\nil movimento<br \/>\ndelle onde<br \/>\ne ho scritto<br \/>\nil tuo nome<br \/>\nsulla sabbia.<br \/>\nE l\u2019acqua<br \/>\nl\u2019ha portato via<br \/>\ne inciso<br \/>\nnella sua<br \/>\nmemoria eterna.[\/vc_column_text][\/vc_column][vc_column width=\u00bb2\/6&#8243;][vc_column_text css=\u00bb.vc_custom_1714466890929{margin-bottom: 0px !important;}\u00bb]\n<h3>Escrito sobre la arena<\/h3>\n<p>He estado<br \/>\nen la playa,<br \/>\nadmirando<br \/>\nel movimiento<br \/>\nde las olas<br \/>\ny escrib\u00ed<br \/>\ntu nombre<br \/>\nsobre la arena.<br \/>\nEl agua<br \/>\nse lo ha llevado<br \/>\ny estampado<br \/>\nen su<br \/>\nmemoria eterna.[\/vc_column_text][\/vc_column][vc_column width=\u00bb1\/6&#8243;][\/vc_column][\/vc_row][vc_row css=\u00bb.vc_custom_1713599650160{padding-top: 25px !important;padding-bottom: 25px !important;}\u00bb][vc_column width=\u00bb1\/6&#8243;][\/vc_column][vc_column width=\u00bb2\/6&#8243;][vc_column_text css=\u00bb.vc_custom_1713601568941{margin-bottom: 0px !important;}\u00bb]\n<h3>Memoria<\/h3>\n<p>Ho dimenticato<br \/>\nche ho le ali,<br \/>\nche la terra<br \/>\nnon mi lega?<br \/>\nVoglio volare<br \/>\nsulla campagna,<br \/>\ni laghi, il mare.<br \/>\nHo dimenticato<br \/>\nche sono<br \/>\nun\u2019anima eterna<br \/>\nnon solo<br \/>\nuomo mortale?<br \/>\nNon l\u2019ho<br \/>\ndimenticato.<br \/>\nRicordo<br \/>\ne comincio<br \/>\nad esser<br \/>\nquel che sono.[\/vc_column_text][\/vc_column][vc_column width=\u00bb2\/6&#8243;][vc_column_text css=\u00bb.vc_custom_1714466902681{margin-bottom: 0px !important;}\u00bb]\n<h3>Memoria<\/h3>\n<p>\u00bfHe olvidado<br \/>\nque tengo alas,<br \/>\nque la tierra<br \/>\nno me ata?<br \/>\nQuisiera volar<br \/>\nsobre el campo,<br \/>\nlos lagos, el mar.<br \/>\n\u00bfHe olvidado<br \/>\nque soy<br \/>\nalma eterna y<br \/>\nno solamente<br \/>\nhombre mortal?<br \/>\nNo, no lo he<br \/>\nolvidado.<br \/>\nRecuerdo<br \/>\ny comienzo<br \/>\na ser<br \/>\nlo que soy.[\/vc_column_text][\/vc_column][vc_column width=\u00bb1\/6&#8243;][\/vc_column][\/vc_row][vc_row css=\u00bb.vc_custom_1713599650160{padding-top: 25px !important;padding-bottom: 25px !important;}\u00bb][vc_column width=\u00bb1\/6&#8243;][\/vc_column][vc_column width=\u00bb2\/6&#8243;][vc_column_text css=\u00bb.vc_custom_1713601586018{margin-bottom: 0px !important;}\u00bb]\n<h3>L\u2019amore \u00e8 libert\u00e0<\/h3>\n<p>Non dico:<br \/>\n\u2018Ti amo,<br \/>\nti voglio,<br \/>\nsei mia,<br \/>\nsono tuo.\u2019<br \/>\nNo, io amo<br \/>\ncome se tenessi<br \/>\nun uccello<br \/>\nnella mano aperta.<br \/>\nTi dico:<br \/>\n\u2018Vola,<br \/>\nse hai il desiderio<br \/>\ndi esser te stessa,<br \/>\nrimani,<br \/>\nse lo vuoi.\u2019[\/vc_column_text][\/vc_column][vc_column width=\u00bb2\/6&#8243;][vc_column_text css=\u00bb.vc_custom_1714466915834{margin-bottom: 0px !important;}\u00bb]\n<h3>El amor es libertad<\/h3>\n<p>No digo:<br \/>\n\u2018Te amo,<br \/>\nte deseo,<br \/>\nt\u00fa eres m\u00eda,<br \/>\nyo soy tuyo.\u2019<br \/>\nNo, yo amo<br \/>\ncomo si tuviera<br \/>\nun p\u00e1jaro<br \/>\nen la mano abierta.<br \/>\nTe digo:<br \/>\n\u2018\u00a1Vuela,<br \/>\nsi ser t\u00fa misma<br \/>\nes tu deseo,<br \/>\nqu\u00e9date<br \/>\nsi quieres!\u2019[\/vc_column_text][\/vc_column][vc_column width=\u00bb1\/6&#8243;][\/vc_column][\/vc_row][vc_row css=\u00bb.vc_custom_1713599650160{padding-top: 25px !important;padding-bottom: 25px !important;}\u00bb][vc_column width=\u00bb1\/6&#8243;][\/vc_column][vc_column width=\u00bb2\/6&#8243;][vc_column_text css=\u00bb.vc_custom_1713601600576{margin-bottom: 0px !important;}\u00bb]\n<h3>L\u2019attimo felice<\/h3>\n<p>Sei un fiore<br \/>\nche fiorisce<br \/>\nsolo una volta?<br \/>\nSei un uccello<br \/>\nche canta<br \/>\nsolo una canzone?<br \/>\nSei una stella cadente<br \/>\nche illumina<br \/>\nil cielo notturno<br \/>\nper fuggire per sempre<br \/>\nnella vastit\u00e0<br \/>\ndell\u2019universo?<br \/>\nNon lo so,<br \/>\nma fioristi,<br \/>\ncantasti<br \/>\ned illuminasti<br \/>\nla mia strada<br \/>\nper un attimo<br \/>\ne mi rendesti<br \/>\ntanto felice.[\/vc_column_text][\/vc_column][vc_column width=\u00bb2\/6&#8243;][vc_column_text css=\u00bb.vc_custom_1714466928647{margin-bottom: 0px !important;}\u00bb]\n<h3>El momento feliz<\/h3>\n<p>\u00bfEres una flor<br \/>\nque florece<br \/>\nsolamente una vez?<br \/>\n\u00bfEres un p\u00e1jaro<br \/>\nque canta solamente<br \/>\nuna canci\u00f3n?<br \/>\n\u00bfEres una estrella candente<br \/>\nque ilumina<br \/>\nel cielo nocturno<br \/>\npara fugarse<br \/>\neternamente<br \/>\nen la inmensidad<br \/>\ndel universo?<br \/>\nNo lo s\u00e9,<br \/>\npero t\u00fa floreciste,<br \/>\nt\u00fa cantaste<br \/>\ne iluminaste mi camino<br \/>\npor un momento<br \/>\ny me hiciste<br \/>\nmuy feliz.[\/vc_column_text][\/vc_column][vc_column width=\u00bb1\/6&#8243;][\/vc_column][\/vc_row][vc_row css=\u00bb.vc_custom_1713599650160{padding-top: 25px !important;padding-bottom: 25px !important;}\u00bb][vc_column width=\u00bb1\/6&#8243;][\/vc_column][vc_column width=\u00bb2\/6&#8243;][vc_column_text css=\u00bb.vc_custom_1713601617901{margin-bottom: 0px !important;}\u00bb]\n<h3>Il caso<\/h3>\n<p>Niente<br \/>\ndi quel<br \/>\nche succede<br \/>\n\u00e8 senza<br \/>\nsignificato.<br \/>\nL\u2019errore<br \/>\npi\u00f9 grande<br \/>\n\u00e8 l\u2019idea<br \/>\ndel caso,<br \/>\nperch\u00e9 tutto<br \/>\n\u00e8 previsto<br \/>\ndall\u2019anima<br \/>\nnostra.[\/vc_column_text][\/vc_column][vc_column width=\u00bb2\/6&#8243;][vc_column_text css=\u00bb.vc_custom_1714466942653{margin-bottom: 0px !important;}\u00bb]\n<h3>La coincidencia<\/h3>\n<p>Nada<br \/>\nde aquello<br \/>\nque sucede<br \/>\nes sin<br \/>\nsignificado.<br \/>\nEl error<br \/>\nm\u00e1s grande<br \/>\nes la idea<br \/>\nde la coincidencia,<br \/>\nporque todo<br \/>\nest\u00e1 previsto<br \/>\npor nuestra<br \/>\nalma.[\/vc_column_text][\/vc_column][vc_column width=\u00bb1\/6&#8243;][\/vc_column][\/vc_row][vc_row css=\u00bb.vc_custom_1713599650160{padding-top: 25px !important;padding-bottom: 25px !important;}\u00bb][vc_column width=\u00bb1\/6&#8243;][\/vc_column][vc_column width=\u00bb2\/6&#8243;][vc_column_text css=\u00bb.vc_custom_1713601630703{margin-bottom: 0px !important;}\u00bb]\n<h3>Il canto delle onde<\/h3>\n<p>\u2018Sono il mare<br \/>\nti circondo<br \/>\ncon i miei sensi<br \/>\nsentendoti<br \/>\nse ti immergi<br \/>\nnell\u2019acqua s\u00ec azzurra.<br \/>\nLa mia voce<br \/>\n\u00e8 il canto delle onde.<br \/>\nMi senti?<br \/>\nStai attento!<br \/>\n\u00c8 ancora<br \/>\nun richiamo sommesso,<br \/>\nma nei giorni seguenti<br \/>\nsarai felice<br \/>\ndi udirmi chiaramente.\u2019[\/vc_column_text][\/vc_column][vc_column width=\u00bb2\/6&#8243;][vc_column_text css=\u00bb.vc_custom_1714467060430{margin-bottom: 0px !important;}\u00bb]\n<h3>El canto de las olas<\/h3>\n<p>\u2018Soy el mar<br \/>\nte rodeo<br \/>\ncon mis sentidos<br \/>\nsinti\u00e9ndote<br \/>\nsumergida<br \/>\ndentro del agua azul.<br \/>\nMi voz<br \/>\nes el canto de las olas.<br \/>\n\u00bfMe escuchas?<br \/>\n\u00a1Cuidado!<br \/>\nEs a\u00fan<br \/>\nun llamado silencioso,<br \/>\npero en los d\u00edas siguientes<br \/>\nser\u00e1s feliz<br \/>\nde o\u00edrme claramente.\u2019[\/vc_column_text][\/vc_column][vc_column width=\u00bb1\/6&#8243;][\/vc_column][\/vc_row][vc_row css=\u00bb.vc_custom_1713599650160{padding-top: 25px !important;padding-bottom: 25px !important;}\u00bb][vc_column width=\u00bb1\/6&#8243;][\/vc_column][vc_column width=\u00bb2\/6&#8243;][vc_column_text css=\u00bb.vc_custom_1713601644485{margin-bottom: 0px !important;}\u00bb]\n<h3>Tu<\/h3>\n<p>Tu leghi quello<br \/>\nche voglio legare<br \/>\ne posso legare<br \/>\ncon te:<br \/>\nLa gioia della<br \/>\nbellezza del mondo<br \/>\ne pensieri profondi<br \/>\nsul senso della vita.<br \/>\nSei nata l\u00ec<br \/>\ndove il mio cuore<br \/>\nha il suo posto.<br \/>\nIn questo modo<br \/>\nabbiamo una<br \/>\npatria comune<br \/>\ne la nostra lingua<br \/>\n\u00e8 la lingua<br \/>\ndel cuore.[\/vc_column_text][\/vc_column][vc_column width=\u00bb2\/6&#8243;][vc_column_text css=\u00bb.vc_custom_1714467073381{margin-bottom: 0px !important;}\u00bb]\n<h3>T\u00fa<\/h3>\n<p>T\u00fa atas lo que<br \/>\nyo quiero<br \/>\natar y puedo<br \/>\natar contigo:<br \/>\nLa alegr\u00eda de la<br \/>\nbelleza del mundo<br \/>\ny los pensamientos profundos<br \/>\nsobre el sentido<br \/>\nde la vida.<br \/>\nNaciste donde<br \/>\nmi coraz\u00f3n<br \/>\ntiene su lugar.<br \/>\nDe este modo<br \/>\nuna patria com\u00fan<br \/>\ny nuestra lengua<br \/>\nes la lengua<br \/>\ndel coraz\u00f3n.[\/vc_column_text][\/vc_column][vc_column width=\u00bb1\/6&#8243;][\/vc_column][\/vc_row][vc_row css=\u00bb.vc_custom_1713599650160{padding-top: 25px !important;padding-bottom: 25px !important;}\u00bb][vc_column width=\u00bb1\/6&#8243;][\/vc_column][vc_column width=\u00bb2\/6&#8243;][vc_column_text css=\u00bb.vc_custom_1713601658390{margin-bottom: 0px !important;}\u00bb]\n<h3>Il cuore<\/h3>\n<p>Mi hai detto<br \/>\nche le mie poesie<br \/>\ntoccano il tuo cuore.<br \/>\nChe desidero di pi\u00f9?<br \/>\nQuello che senti<br \/>\nmi d\u00e0 il coraggio<br \/>\ndi dare il massimo<br \/>\ndal cuore,<br \/>\nnon dall\u2019intelletto.<br \/>\nNiente contro l\u2019intelletto!<br \/>\n\u00c8 l\u2019esaminatore severo,<br \/>\nma il cuore \u00e8<br \/>\nin verit\u00e0 il creatore.[\/vc_column_text][\/vc_column][vc_column width=\u00bb2\/6&#8243;][vc_column_text css=\u00bb.vc_custom_1714467084618{margin-bottom: 0px !important;}\u00bb]\n<h3>El coraz\u00f3n<\/h3>\n<p>Me has dicho<br \/>\nque mis poemas<br \/>\ntocan tu coraz\u00f3n.<br \/>\n\u00bfQu\u00e9 m\u00e1s desear\u00eda?<br \/>\nTus sentimientos<br \/>\nme dan el valor<br \/>\npara dar lo m\u00e1ximo<br \/>\nde mi coraz\u00f3n,<br \/>\nno de mi intelecto.<br \/>\n\u00a1Nada en contra del intelecto!<br \/>\n\u00c9l es el examinador estricto,<br \/>\npero el coraz\u00f3n<br \/>\nes en verdad el creador.[\/vc_column_text][\/vc_column][vc_column width=\u00bb1\/6&#8243;][\/vc_column][\/vc_row][vc_row css=\u00bb.vc_custom_1713599650160{padding-top: 25px !important;padding-bottom: 25px !important;}\u00bb][vc_column width=\u00bb1\/6&#8243;][\/vc_column][vc_column width=\u00bb2\/6&#8243;][vc_column_text css=\u00bb.vc_custom_1713601709184{margin-bottom: 0px !important;}\u00bb]\n<h3>Una porta aperta<\/h3>\n<p>Il dramma della vita \u00e8<br \/>\nche conosciamo<br \/>\ntutte le cose<br \/>\nnel cuore,<br \/>\nma agiamo<br \/>\ncon la mente<br \/>\n\u2018razionalmente\u2019,<br \/>\ncreando problemi<br \/>\nche non esistono<br \/>\nin verit\u00e0.<br \/>\nA volte rifiutiamo<br \/>\ndi passare<br \/>\nper una porta aperta<br \/>\ne proviamo la strada<br \/>\nattraverso le mura,<br \/>\nperch\u00e9 ci sembra<br \/>\nla pi\u00f9 facile.[\/vc_column_text][\/vc_column][vc_column width=\u00bb2\/6&#8243;][vc_column_text css=\u00bb.vc_custom_1714467098277{margin-bottom: 0px !important;}\u00bb]\n<h3>Una puerta abierta<\/h3>\n<p>El drama de la vida es<br \/>\nque sabemos<br \/>\ntodas las cosas<br \/>\nen el coraz\u00f3n,<br \/>\npero actuamos<br \/>\n\u2018racionalmente\u2019<br \/>\ncon nuestra mente,<br \/>\ncreando problemas<br \/>\nque no existen<br \/>\nen verdad.<br \/>\nA veces rechazamos<br \/>\npasar a trav\u00e9s<br \/>\nde una puerta abierta<br \/>\npara probar el camino<br \/>\na trav\u00e9s de los muros,<br \/>\nporque parece<br \/>\nm\u00e1s f\u00e1cil.[\/vc_column_text][\/vc_column][vc_column width=\u00bb1\/6&#8243;][\/vc_column][\/vc_row][vc_row css=\u00bb.vc_custom_1725604673750{padding-top: 30px !important;}\u00bb][vc_column width=\u00bb1\/6&#8243;][\/vc_column][vc_column width=\u00bb2\/3&#8243;][vc_single_image image=\u00bb1330&#8243; img_size=\u00bbfull\u00bb alignment=\u00bbcenter\u00bb style=\u00bbvc_box_shadow\u00bb onclick=\u00bbcustom_link\u00bb img_link_target=\u00bb_blank\u00bb link=\u00bbhttps:\/\/www.youtube.com\/watch?v=X5ZDu_9YWt0&#8243;][mk_button dimension=\u00bbtwo\u00bb size=\u00bbmedium\u00bb icon=\u00bbmk-icon-arrow-circle-right\u00bb url=\u00bb\/en\/contact\/\u00bb align=\u00bbcenter\u00bb bg_color=\u00bb#1e73be\u00bb]Comprar CD[\/mk_button][vc_column_text css=\u00bb.vc_custom_1725604759875{margin-bottom: 0px !important;}\u00bb]Utilice el formulario de contacto si desea comprar un CD (19,99 \u20ac m\u00e1s gastos de env\u00edo). Luego le enviaremos las opciones de pago.[\/vc_column_text][\/vc_column][vc_column width=\u00bb1\/6&#8243;][\/vc_column][\/vc_row]\n","protected":false},"excerpt":{"rendered":"<p>[vc_row][vc_column][vc_widget_sidebar sidebar_id=\u00bbsidebar-15&#8243; el_id=\u00bbsprachen\u00bb][\/vc_column][\/vc_row][vc_row css=\u00bb.vc_custom_1713599604741{padding-top: 70px !important;padding-bottom: 25px !important;}\u00bb][vc_column width=\u00bb1\/6&#8243;][\/vc_column][vc_column width=\u00bb2\/6&#8243;][vc_column_text css=\u00bb.vc_custom_1713601514280{margin-bottom: 0px !important;}\u00bb] Aspettami! Non c\u2019era bisogno di grandi pensieri, perch\u00e9 sei tu un grande pensiero dell\u2019universo. Il tuo affetto era semplice, naturale e degno di fiducia come la luce del sole. Con te non desideravo niente, perch\u00e9 avevo tutto. Mi manchi, ma un giorno [&hellip;]<\/p>\n","protected":false},"author":2,"featured_media":0,"parent":0,"menu_order":0,"comment_status":"closed","ping_status":"closed","template":"","meta":[],"_links":{"self":[{"href":"https:\/\/www.poesie-italiane.de\/es\/wp-json\/wp\/v2\/pages\/1321\/"}],"collection":[{"href":"https:\/\/www.poesie-italiane.de\/es\/wp-json\/wp\/v2\/pages\/"}],"about":[{"href":"https:\/\/www.poesie-italiane.de\/es\/wp-json\/wp\/v2\/types\/page\/"}],"author":[{"embeddable":true,"href":"https:\/\/www.poesie-italiane.de\/es\/wp-json\/wp\/v2\/users\/2\/"}],"replies":[{"embeddable":true,"href":"https:\/\/www.poesie-italiane.de\/es\/wp-json\/wp\/v2\/comments\/?post=1321"}],"version-history":[{"count":6,"href":"https:\/\/www.poesie-italiane.de\/es\/wp-json\/wp\/v2\/pages\/1321\/revisions\/"}],"predecessor-version":[{"id":1382,"href":"https:\/\/www.poesie-italiane.de\/es\/wp-json\/wp\/v2\/pages\/1321\/revisions\/1382\/"}],"wp:attachment":[{"href":"https:\/\/www.poesie-italiane.de\/es\/wp-json\/wp\/v2\/media\/?parent=1321"}],"curies":[{"name":"wp","href":"https:\/\/api.w.org\/{rel}","templated":true}]}}