{"id":147,"date":"2019-09-04T12:14:19","date_gmt":"2019-09-04T10:14:19","guid":{"rendered":"https:\/\/www.poesie-italiane.de\/poesie\/"},"modified":"2024-10-11T12:34:44","modified_gmt":"2024-10-11T10:34:44","slug":"gedichte","status":"publish","type":"page","link":"https:\/\/www.poesie-italiane.de\/es\/","title":{"rendered":"Poes\u00eda"},"content":{"rendered":"[vc_row fullwidth=\u00bbtrue\u00bb fullwidth_content=\u00bbfalse\u00bb sidebar_id=\u00bbsidebar-15&#8243; el_id=\u00bbsprachen\u00bb title=\u00bb\u00bb][vc_column][vc_widget_sidebar sidebar_id=\u00bbsidebar-15&#8243; el_id=\u00bbsprachen\u00bb][\/vc_column][\/vc_row][vc_row css=\u00bb.vc_custom_1570191217337{margin-bottom: 40px !important;padding-top: 20px !important;}\u00bb][vc_column][vc_column_text css=\u00bb.vc_custom_1728642728606{margin-bottom: 0px !important;padding-bottom: 0px !important;}\u00bb]Desde mi juventud he buscado comprender el sentido de mi vida. S\u00f3crates, con su llamada a conocerse a s\u00ed mismo, fue el fil\u00f3sofo que m\u00e1s me inspir\u00f3. En sus ideas veo la conexi\u00f3n entre la filosof\u00eda y la espiritualidad. Mis poes\u00edas cuentan sobre esta b\u00fasqueda. As\u00ed quiero animar a mis lectores a descubrir su propio yo. \u00a1Vale la pena!<\/p>\n<p>Mi libro contiene una selecci\u00f3n de poemas sobre ocho temas: de la alegr\u00eda, del amor y de la felicidad, de mis gatos, de la voz del oto\u00f1o, de la fuente, del mar, de vivir a morir, de mi punto de vista.[\/vc_column_text][\/vc_column][\/vc_row][vc_row css=\u00bb.vc_custom_1728641582739{margin-bottom: 0px !important;padding-bottom: 0px !important;}\u00bb][vc_column width=\u00bb1\/3&#8243;][\/vc_column][vc_column width=\u00bb1\/3&#8243;][mk_button dimension=\u00bbtwo\u00bb size=\u00bblarge\u00bb url=\u00bb\/es\/buch\/\u00bb align=\u00bbcenter\u00bb fullwidth=\u00bbtrue\u00bb margin_right=\u00bb20&#8243; bg_color=\u00bb#1e73be\u00bb]LIBRO[\/mk_button][\/vc_column][vc_column width=\u00bb1\/3&#8243;][\/vc_column][\/vc_row][vc_row css=\u00bb.vc_custom_1570191217337{margin-bottom: 40px !important;padding-top: 20px !important;}\u00bb][vc_column][vc_column_text css=\u00bb.vc_custom_1728642812228{margin-bottom: 0px !important;padding-bottom: 0px !important;}\u00bb]\u00bfQu\u00e9 puede ser mejor que expandir las cosas siguiendo la voz del coraz\u00f3n? As\u00ed fue como surgi\u00f3 la maravillosa colaboraci\u00f3n con Roald Raschner (http:\/\/www.rr-mupro.de), que compuso el tipo de m\u00fasica para algunos de mis poemas de una forma que yo lo habr\u00eda hecho, si hubiera podido. Es m\u00fasica para escuchar, pensar, cantar y bailar[\/vc_column_text][\/vc_column][\/vc_row][vc_row css=\u00bb.vc_custom_1728641582739{margin-bottom: 0px !important;padding-bottom: 0px !important;}\u00bb][vc_column width=\u00bb1\/3&#8243;][\/vc_column][vc_column width=\u00bb1\/3&#8243;][mk_button dimension=\u00bbtwo\u00bb size=\u00bblarge\u00bb url=\u00bb\/es\/cd\/\u00bb align=\u00bbcenter\u00bb fullwidth=\u00bbtrue\u00bb margin_right=\u00bb20&#8243; bg_color=\u00bb#1e73be\u00bb]CD[\/mk_button][\/vc_column][vc_column width=\u00bb1\/3&#8243;][\/vc_column][\/vc_row]\n","protected":false},"excerpt":{"rendered":"<p>[vc_row fullwidth=\u00bbtrue\u00bb fullwidth_content=\u00bbfalse\u00bb sidebar_id=\u00bbsidebar-15&#8243; el_id=\u00bbsprachen\u00bb title=\u00bb\u00bb][vc_column][vc_widget_sidebar sidebar_id=\u00bbsidebar-15&#8243; el_id=\u00bbsprachen\u00bb][\/vc_column][\/vc_row][vc_row css=\u00bb.vc_custom_1570191217337{margin-bottom: 40px !important;padding-top: 20px !important;}\u00bb][vc_column][vc_column_text css=\u00bb.vc_custom_1728642728606{margin-bottom: 0px !important;padding-bottom: 0px !important;}\u00bb]Desde mi juventud he buscado comprender el sentido de mi vida. S\u00f3crates, con su llamada a conocerse a s\u00ed mismo, fue el fil\u00f3sofo que m\u00e1s me inspir\u00f3. En sus ideas veo la conexi\u00f3n entre la filosof\u00eda y la [&hellip;]<\/p>\n","protected":false},"author":2,"featured_media":0,"parent":0,"menu_order":3,"comment_status":"closed","ping_status":"closed","template":"","meta":[],"_links":{"self":[{"href":"https:\/\/www.poesie-italiane.de\/es\/wp-json\/wp\/v2\/pages\/147\/"}],"collection":[{"href":"https:\/\/www.poesie-italiane.de\/es\/wp-json\/wp\/v2\/pages\/"}],"about":[{"href":"https:\/\/www.poesie-italiane.de\/es\/wp-json\/wp\/v2\/types\/page\/"}],"author":[{"embeddable":true,"href":"https:\/\/www.poesie-italiane.de\/es\/wp-json\/wp\/v2\/users\/2\/"}],"replies":[{"embeddable":true,"href":"https:\/\/www.poesie-italiane.de\/es\/wp-json\/wp\/v2\/comments\/?post=147"}],"version-history":[{"count":14,"href":"https:\/\/www.poesie-italiane.de\/es\/wp-json\/wp\/v2\/pages\/147\/revisions\/"}],"predecessor-version":[{"id":1393,"href":"https:\/\/www.poesie-italiane.de\/es\/wp-json\/wp\/v2\/pages\/147\/revisions\/1393\/"}],"wp:attachment":[{"href":"https:\/\/www.poesie-italiane.de\/es\/wp-json\/wp\/v2\/media\/?parent=147"}],"curies":[{"name":"wp","href":"https:\/\/api.w.org\/{rel}","templated":true}]}}