{"id":376,"date":"2019-09-11T10:54:02","date_gmt":"2019-09-11T08:54:02","guid":{"rendered":"https:\/\/www.poesie-italiane.de\/?page_id=376"},"modified":"2020-01-03T10:03:54","modified_gmt":"2020-01-03T09:03:54","slug":"contacto","status":"publish","type":"page","link":"https:\/\/www.poesie-italiane.de\/es\/contacto\/","title":{"rendered":"Contacto"},"content":{"rendered":"[vc_row sidebar_id=\u00bbsidebar-15&#8243; el_id=\u00bbsprachen\u00bb title=\u00bb\u00bb][vc_column][vc_widget_sidebar sidebar_id=\u00bbsidebar-15&#8243; el_id=\u00bbsprachen\u00bb][\/vc_column][\/vc_row][vc_row css=\u00bb.vc_custom_1571996174515{margin-bottom: 40px !important;padding-top: 20px !important;}\u00bb][vc_column width=\u00bb1\/2&#8243;][vc_custom_heading text=\u00bbContacto\u00bb use_theme_fonts=\u00bbyes\u00bb css=\u00bb.vc_custom_1573477942309{margin-bottom: 40px !important;}\u00bb][vc_column_text css=\u00bb.vc_custom_1573477961703{margin-bottom: 0px !important;}\u00bb]\u00bfDesea conocerme? \u00bfTiene preguntas? Puede enviarme un mensaje mediante el formulario de contacto. Responder\u00e9 a todas las consultas a la brevedad en alem\u00e1n, en italiano o en ingl\u00e9s.<\/p>\n<p>Naturalmente toda la informaci\u00f3n se tratar\u00e1 de forma confidencial.[\/vc_column_text][\/vc_column][vc_column width=\u00bb1\/2&#8243;]<div role=\"form\" class=\"wpcf7\" id=\"wpcf7-f835-o1\" lang=\"de-DE\" dir=\"ltr\">\n<div class=\"screen-reader-response\"><p role=\"status\" aria-live=\"polite\" aria-atomic=\"true\"><\/p> <ul><\/ul><\/div>\n<form action=\"\/es\/wp-json\/wp\/v2\/pages\/376\/#wpcf7-f835-o1\" method=\"post\" class=\"wpcf7-form init\" novalidate=\"novalidate\" data-status=\"init\">\n<div style=\"display: none;\">\n<input type=\"hidden\" name=\"_wpcf7\" value=\"835\" \/>\n<input type=\"hidden\" name=\"_wpcf7_version\" value=\"5.5.6.1\" \/>\n<input type=\"hidden\" name=\"_wpcf7_locale\" value=\"de_DE\" \/>\n<input type=\"hidden\" name=\"_wpcf7_unit_tag\" value=\"wpcf7-f835-o1\" \/>\n<input type=\"hidden\" name=\"_wpcf7_container_post\" value=\"0\" \/>\n<input type=\"hidden\" name=\"_wpcf7_posted_data_hash\" value=\"\" \/>\n<\/div>\n<p><label> Nombre*<br \/>\n    <span class=\"wpcf7-form-control-wrap your-name\"><input type=\"text\" name=\"your-name\" value=\"\" size=\"40\" class=\"wpcf7-form-control wpcf7-text wpcf7-validates-as-required\" aria-required=\"true\" aria-invalid=\"false\" \/><\/span> <\/label><\/p>\n<p><label> Direcci\u00f3n de correo electr\u00f3nico*<br \/>\n    <span class=\"wpcf7-form-control-wrap your-email\"><input type=\"email\" name=\"your-email\" value=\"\" size=\"40\" class=\"wpcf7-form-control wpcf7-text wpcf7-email wpcf7-validates-as-required wpcf7-validates-as-email\" aria-required=\"true\" aria-invalid=\"false\" \/><\/span> <\/label><\/p>\n<p><label> Asunto<br \/>\n    <span class=\"wpcf7-form-control-wrap your-subject\"><input type=\"text\" name=\"your-subject\" value=\"\" size=\"40\" class=\"wpcf7-form-control wpcf7-text\" aria-invalid=\"false\" \/><\/span> <\/label><\/p>\n<p><label> Mensaje<br \/>\n    <span class=\"wpcf7-form-control-wrap your-message\"><textarea name=\"your-message\" cols=\"40\" rows=\"10\" class=\"wpcf7-form-control wpcf7-textarea\" aria-invalid=\"false\"><\/textarea><\/span> <\/label><br \/>\n<span class=\"wpcf7-form-control-wrap zustimmung\"><span class=\"wpcf7-form-control wpcf7-acceptance\"><span class=\"wpcf7-list-item\"><label><input type=\"checkbox\" name=\"zustimmung\" value=\"1\" aria-invalid=\"false\" \/><span class=\"wpcf7-list-item-label\">He le\u00eddo las disposiciones relativas a la protecci\u00f3n de datos.<\/span><\/label><\/span><\/span><\/span><\/p>\n<p><input type=\"submit\" value=\"Enviar\" class=\"wpcf7-form-control has-spinner wpcf7-submit\" \/><\/p>\n<div class=\"wpcf7-response-output\" aria-hidden=\"true\"><\/div><\/form><\/div>[\/vc_column][\/vc_row]\n","protected":false},"excerpt":{"rendered":"<p>[vc_row sidebar_id=\u00bbsidebar-15&#8243; el_id=\u00bbsprachen\u00bb title=\u00bb\u00bb][vc_column][vc_widget_sidebar sidebar_id=\u00bbsidebar-15&#8243; el_id=\u00bbsprachen\u00bb][\/vc_column][\/vc_row][vc_row css=\u00bb.vc_custom_1571996174515{margin-bottom: 40px !important;padding-top: 20px !important;}\u00bb][vc_column width=\u00bb1\/2&#8243;][vc_custom_heading text=\u00bbContacto\u00bb use_theme_fonts=\u00bbyes\u00bb css=\u00bb.vc_custom_1573477942309{margin-bottom: 40px !important;}\u00bb][vc_column_text css=\u00bb.vc_custom_1573477961703{margin-bottom: 0px !important;}\u00bb]\u00bfDesea conocerme? \u00bfTiene preguntas? Puede enviarme un mensaje mediante el formulario de contacto. Responder\u00e9 a todas las consultas a la brevedad en alem\u00e1n, en italiano o en ingl\u00e9s. Naturalmente toda la informaci\u00f3n se tratar\u00e1 de forma [&hellip;]<\/p>\n","protected":false},"author":2,"featured_media":0,"parent":0,"menu_order":4,"comment_status":"closed","ping_status":"closed","template":"","meta":[],"_links":{"self":[{"href":"https:\/\/www.poesie-italiane.de\/es\/wp-json\/wp\/v2\/pages\/376\/"}],"collection":[{"href":"https:\/\/www.poesie-italiane.de\/es\/wp-json\/wp\/v2\/pages\/"}],"about":[{"href":"https:\/\/www.poesie-italiane.de\/es\/wp-json\/wp\/v2\/types\/page\/"}],"author":[{"embeddable":true,"href":"https:\/\/www.poesie-italiane.de\/es\/wp-json\/wp\/v2\/users\/2\/"}],"replies":[{"embeddable":true,"href":"https:\/\/www.poesie-italiane.de\/es\/wp-json\/wp\/v2\/comments\/?post=376"}],"version-history":[{"count":5,"href":"https:\/\/www.poesie-italiane.de\/es\/wp-json\/wp\/v2\/pages\/376\/revisions\/"}],"predecessor-version":[{"id":1070,"href":"https:\/\/www.poesie-italiane.de\/es\/wp-json\/wp\/v2\/pages\/376\/revisions\/1070\/"}],"wp:attachment":[{"href":"https:\/\/www.poesie-italiane.de\/es\/wp-json\/wp\/v2\/media\/?parent=376"}],"curies":[{"name":"wp","href":"https:\/\/api.w.org\/{rel}","templated":true}]}}