{"id":1245,"date":"2024-04-24T15:48:34","date_gmt":"2024-04-24T13:48:34","guid":{"rendered":"https:\/\/www.poesie-italiane.de\/?page_id=1245"},"modified":"2024-10-11T13:48:50","modified_gmt":"2024-10-11T11:48:50","slug":"buch","status":"publish","type":"page","link":"https:\/\/www.poesie-italiane.de\/fi\/buch\/","title":{"rendered":"Buch"},"content":{"rendered":"[vc_row][vc_column][vc_widget_sidebar sidebar_id=&#8221;sidebar-15&#8243; el_id=&#8221;sprachen&#8221;][\/vc_column][\/vc_row][vc_row css=&#8221;.vc_custom_1713599604741{padding-top: 70px !important;padding-bottom: 25px !important;}&#8221;][vc_column width=&#8221;1\/6&#8243;][\/vc_column][vc_column width=&#8221;2\/6&#8243;][vc_column_text css=&#8221;.vc_custom_1728647328228{margin-bottom: 0px !important;}&#8221;]\n<h3>Invece di sognare<\/h3>\n<p>\u00c8 saggio godere<br \/>\nla bellezza<br \/>\ndei fiori ai lati<br \/>\ndella strada<br \/>\ninvece di sognare<br \/>\nla meraviglia<br \/>\ndella prossima<br \/>\nprimavera.<br \/>\nMa quando<br \/>\nsar\u00e0 venuta,<br \/>\nsar\u00e0 arrivato<br \/>\nl\u2019attimo giusto<br \/>\nper godere<br \/>\ni fiori che<br \/>\nfioriranno.[\/vc_column_text][\/vc_column][vc_column width=&#8221;2\/6&#8243;][vc_column_text css=&#8221;.vc_custom_1713966298035{margin-bottom: 0px !important;}&#8221;]\n<h3>Haaveiden sijasta<\/h3>\n<p>On viisasta<br \/>\niloita kukkien<br \/>\nkauneudesta<br \/>\ntien varrella,<br \/>\nsen sijaan<br \/>\nett\u00e4 uneksii<br \/>\ntulevan kev\u00e4\u00e4n<br \/>\nihmeist\u00e4.<br \/>\nMutta kun kev\u00e4t<br \/>\nsitten<br \/>\nsaapuu,<br \/>\nsilloin on<br \/>\noikea hetki<br \/>\niloita kukista<br \/>\njotka silloin kukkivat.[\/vc_column_text][\/vc_column][vc_column width=&#8221;1\/6&#8243;][\/vc_column][\/vc_row][vc_row css=&#8221;.vc_custom_1713599615363{padding-top: 25px !important;padding-bottom: 25px !important;}&#8221;][vc_column width=&#8221;1\/6&#8243;][\/vc_column][vc_column width=&#8221;2\/6&#8243;][vc_column_text css=&#8221;.vc_custom_1727336816686{margin-bottom: 0px !important;}&#8221;]\n<h3>Una vita felice<\/h3>\n<p>Se ci ripenso<br \/>\n\u00e8 stata la mia vita<br \/>\nsempre felice,<br \/>\nnon mi sono sentito<br \/>\nmai abbandonato,<br \/>\nal contrario<br \/>\nsempre portato<br \/>\nda un\u2019energia celeste<br \/>\nche mi incoraggiava:<br \/>\n\u2018Credi<br \/>\nnella grande fonte,<br \/>\nfidati di quello<br \/>\nche porti in te<br \/>\ne non dimenticare<br \/>\nmai quelli che<br \/>\nti vogliono bene!\u2019[\/vc_column_text][\/vc_column][vc_column width=&#8221;2\/6&#8243;][vc_column_text css=&#8221;.vc_custom_1713966313167{margin-bottom: 0px !important;}&#8221;]\n<h3>Onnellinen el\u00e4m\u00e4<\/h3>\n<p>Kun muistelen<br \/>\nel\u00e4m\u00e4\u00e4ni<br \/>\noli se aina<br \/>\nonnellista,<br \/>\nen tuntenut itse\u00e4ni<br \/>\nkoskaan hyl\u00e4tyksi,<br \/>\np\u00e4invastoin<br \/>\ntunsin, ett\u00e4<br \/>\ntaivaallinen voima<br \/>\naina kantoi minua ja<br \/>\nrohkaisi:<br \/>\n\u2018Usko suureen l\u00e4hteeseen,<br \/>\nluota siihen<br \/>\nmit\u00e4 kannat sis\u00e4ll\u00e4si<br \/>\n\u00e4l\u00e4k\u00e4 unohda koskaan<br \/>\nheit\u00e4, joille olet t\u00e4rke\u00e4!\u2019[\/vc_column_text][\/vc_column][vc_column width=&#8221;1\/6&#8243;][\/vc_column][\/vc_row][vc_row css=&#8221;.vc_custom_1713599627277{padding-top: 25px !important;padding-bottom: 25px !important;}&#8221;][vc_column width=&#8221;1\/6&#8243;][\/vc_column][vc_column width=&#8221;2\/6&#8243;][vc_column_text css=&#8221;.vc_custom_1713600303714{margin-bottom: 0px !important;}&#8221;]\n<h3>Anime<\/h3>\n<p>Siamo molto intimi,<br \/>\ndimentichiamo<br \/>\nil tempo,<br \/>\nviviamo<br \/>\nun attimo<br \/>\ndell\u2019eternit\u00e0<br \/>\nin cui siamo<br \/>\ninconsciamente<br \/>\nal sicuro<br \/>\ne capiamo<br \/>\nche il contatto<br \/>\ndei nostri corpi<br \/>\n\u00e8 solo l\u2019espressione<br \/>\ndel contatto<br \/>\ndelle nostre anime.[\/vc_column_text][\/vc_column][vc_column width=&#8221;2\/6&#8243;][vc_column_text css=&#8221;.vc_custom_1713966333394{margin-bottom: 0px !important;}&#8221;]\n<h3>Sielut<\/h3>\n<p>Olemme<br \/>\nhyvin l\u00e4hekk\u00e4in,<br \/>\nunohdamme<br \/>\najan,<br \/>\nkoemme hetken<br \/>\nikuisuutta<br \/>\njossa olemme<br \/>\ntiedostamatta<br \/>\nturvassa ja<br \/>\nymm\u00e4rr\u00e4mme,<br \/>\nett\u00e4 kehojemme<br \/>\nkosketus<br \/>\non vain ilmaus<br \/>\nsielujemme<br \/>\nkosketuksesta.[\/vc_column_text][\/vc_column][vc_column width=&#8221;1\/6&#8243;][\/vc_column][\/vc_row][vc_row css=&#8221;.vc_custom_1713599650160{padding-top: 25px !important;padding-bottom: 25px !important;}&#8221;][vc_column width=&#8221;1\/6&#8243;][\/vc_column][vc_column width=&#8221;2\/6&#8243;][vc_column_text css=&#8221;.vc_custom_1713600324718{margin-bottom: 0px !important;}&#8221;]\n<h3>L\u2019attimo pi\u00f9 santo<\/h3>\n<p>Forse<br \/>\nl\u2019attimo pi\u00f9 santo<br \/>\nin una vita \u00e8 quello<br \/>\nin cui ci accorgiamo<br \/>\ndell\u2019amore<br \/>\nsenza condizioni.<br \/>\nIn quell\u2019attimo<br \/>\nsiamo in grado<br \/>\ndi spezzare le catene<br \/>\ndei preconcetti.<br \/>\nIn quell\u2019attimo<br \/>\ncadono le mura<br \/>\nche sembravano<br \/>\nproteggerci<br \/>\ne siamo liberi<br \/>\ndi fare quello<br \/>\nche l\u2019anima nostra<br \/>\nha sempre saputo.[\/vc_column_text][\/vc_column][vc_column width=&#8221;2\/6&#8243;][vc_column_text css=&#8221;.vc_custom_1713966345645{margin-bottom: 0px !important;}&#8221;]\n<h3>Pyhin hetki<\/h3>\n<p>Kenties<br \/>\nkaikkein pyhin hetki<br \/>\nel\u00e4m\u00e4ss\u00e4 on silloin<br \/>\nkun l\u00f6yd\u00e4mme<br \/>\nrakkauden ilman<br \/>\nehtoja.<br \/>\nSin\u00e4 hetken\u00e4<br \/>\nvoimme katkaista<br \/>\nennakkoluulojen<br \/>\nkahleet,<br \/>\nsin\u00e4 hetken\u00e4<br \/>\nkaatuvat muurit<br \/>\njotka n\u00e4yttiv\u00e4t<br \/>\nmeit\u00e4 suojaavan<br \/>\nja olemme vapaat<br \/>\ntekem\u00e4\u00e4n sen<br \/>\nmink\u00e4 sielumme<br \/>\naina tiesi.[\/vc_column_text][\/vc_column][vc_column width=&#8221;1\/6&#8243;][\/vc_column][\/vc_row][vc_row css=&#8221;.vc_custom_1713599650160{padding-top: 25px !important;padding-bottom: 25px !important;}&#8221;][vc_column width=&#8221;1\/6&#8243;][\/vc_column][vc_column width=&#8221;2\/6&#8243;][vc_column_text css=&#8221;.vc_custom_1713600344079{margin-bottom: 0px !important;}&#8221;]\n<h3>Un miagolare<\/h3>\n<p>Avevo i miei principi,<br \/>\nnon volevo nessun<br \/>\ngatto in casa,<br \/>\nma un miagolare<br \/>\nsommesso<br \/>\ncambi\u00f2 il mio mondo.<br \/>\nProvai un affetto ignoto,<br \/>\nmi manc\u00f2 ogni difesa,<br \/>\nparl\u00f2 solo il mio cuore<br \/>\ne disse: \u2018benvenuti\u2019.<br \/>\nE ricevetti un dono<br \/>\nbellissimo:<br \/>\nla vostra amicizia.[\/vc_column_text][\/vc_column][vc_column width=&#8221;2\/6&#8243;][vc_column_text css=&#8221;.vc_custom_1713966358290{margin-bottom: 0px !important;}&#8221;]\n<h3>Naukaisu<\/h3>\n<p>Minulla oli periaatteeni,<br \/>\nei kissoja taloon,<br \/>\nmutta hiljainen naukaisu<br \/>\nmuutti maailmani.<br \/>\nTunsin rakkautta,<br \/>\njosta en ennen tiennyt,<br \/>\nja vailla vastustusta<br \/>\nvain syd\u00e4meni<br \/>\npuhui ja sanoi:<br \/>\n\u2018tervetuloa\u2019.<br \/>\nJa sain lahjan<br \/>\nmit\u00e4 kauneimman:<br \/>\nyst\u00e4vyytenne.[\/vc_column_text][\/vc_column][vc_column width=&#8221;1\/6&#8243;][\/vc_column][\/vc_row][vc_row css=&#8221;.vc_custom_1713599650160{padding-top: 25px !important;padding-bottom: 25px !important;}&#8221;][vc_column width=&#8221;1\/6&#8243;][\/vc_column][vc_column width=&#8221;2\/6&#8243;][vc_column_text css=&#8221;.vc_custom_1713600369280{margin-bottom: 0px !important;}&#8221;]\n<h3>Le fusa<\/h3>\n<p>Sara,<br \/>\nmi hai insegnato<br \/>\na pensare<br \/>\ncon il cuore,<br \/>\na fidarmi<br \/>\ndell\u2019intuizione.<br \/>\nNon dimenticher\u00f2<br \/>\nche sempre,<br \/>\nse pensavo<br \/>\ntroppo a qualcosa,<br \/>\nti sdraiavi<br \/>\nsu uno dei miei libri<br \/>\ne facevi le fusa.[\/vc_column_text][\/vc_column][vc_column width=&#8221;2\/6&#8243;][vc_column_text css=&#8221;.vc_custom_1713966372926{margin-bottom: 0px !important;}&#8221;]\n<h3>Kehr\u00e4\u00e4minen<\/h3>\n<p>Sara,<br \/>\nopetit minua<br \/>\najattelemaan<br \/>\nsyd\u00e4mell\u00e4,<br \/>\nluottamaan<br \/>\nvaistooni.<br \/>\nEn tule koskaan<br \/>\nunohtamaan<br \/>\nkuinka sin\u00e4,<br \/>\naina kun pohdin<br \/>\nliikaa jotakin,<br \/>\nasetuit kirjojeni p\u00e4\u00e4lle<br \/>\nja kehr\u00e4sit.[\/vc_column_text][\/vc_column][vc_column width=&#8221;1\/6&#8243;][\/vc_column][\/vc_row][vc_row css=&#8221;.vc_custom_1713599650160{padding-top: 25px !important;padding-bottom: 25px !important;}&#8221;][vc_column width=&#8221;1\/6&#8243;][\/vc_column][vc_column width=&#8221;2\/6&#8243;][vc_column_text css=&#8221;.vc_custom_1713600388540{margin-bottom: 0px !important;}&#8221;]\n<h3>Solo i sogni<\/h3>\n<p>Solo i sogni<br \/>\nci fanno<br \/>\nricordare.<br \/>\nSolo i sogni<br \/>\nci fanno<br \/>\nritrovare<br \/>\nquei tesori interiori<br \/>\nche vivono in noi<br \/>\nda tempi<br \/>\nimmemorabili.<br \/>\nSolo i sogni<br \/>\nci danno il coraggio<br \/>\ndi seguire<br \/>\nla voce del cuore.[\/vc_column_text][\/vc_column][vc_column width=&#8221;2\/6&#8243;][vc_column_text css=&#8221;.vc_custom_1713966389048{margin-bottom: 0px !important;}&#8221;]\n<h3>Vain unelmat<\/h3>\n<p>Vain unelmat<br \/>\nluovat meille<br \/>\nmuistoja.<br \/>\nVain unelmat<br \/>\nsallivat meid\u00e4n<br \/>\nl\u00f6yt\u00e4\u00e4 uudelleen<br \/>\nsis\u00e4iset aarteemme,<br \/>\njotka el\u00e4v\u00e4t meiss\u00e4<br \/>\nikimuistoisista ajoista.<br \/>\nVain unelmat<br \/>\nantavat meille<br \/>\nrohkeuden<br \/>\nseurata<br \/>\nsyd\u00e4men \u00e4\u00e4nt\u00e4.[\/vc_column_text][\/vc_column][vc_column width=&#8221;1\/6&#8243;][\/vc_column][\/vc_row][vc_row css=&#8221;.vc_custom_1713599650160{padding-top: 25px !important;padding-bottom: 25px !important;}&#8221;][vc_column width=&#8221;1\/6&#8243;][\/vc_column][vc_column width=&#8221;2\/6&#8243;][vc_column_text css=&#8221;.vc_custom_1713600412413{margin-bottom: 0px !important;}&#8221;]\n<h3>Godot<\/h3>\n<p>Attendere la felicit\u00e0<br \/>\n\u00e8 come<br \/>\nattendere Godot<br \/>\nche non appar\u00ec mai.<br \/>\nQuello che<br \/>\nci rende felici<br \/>\n\u00e8 il coraggio<br \/>\ndi avere visioni,<br \/>\ncredendo<br \/>\nalla sapienza<br \/>\ndel cuore<br \/>\ne all\u2019audacia<br \/>\ndi viverle<br \/>\nsenza riserva.[\/vc_column_text][\/vc_column][vc_column width=&#8221;2\/6&#8243;][vc_column_text css=&#8221;.vc_custom_1713966401378{margin-bottom: 0px !important;}&#8221;]\n<h3>Godot<\/h3>\n<p>Onnen odotus<br \/>\non kuin<br \/>\nodottaisi Godot\u2019a<br \/>\njoka ei koskaan tullut.<br \/>\nSe, mik\u00e4 meid\u00e4t tekee<br \/>\nonnelliseksi<br \/>\non rohkeus<br \/>\nluottaa<br \/>\nunelmiimme,<br \/>\nuskoen syd\u00e4men<br \/>\nviisauteen ja<br \/>\nuskallus<br \/>\nel\u00e4\u00e4 varauksetta<br \/>\nsen mukaan.[\/vc_column_text][\/vc_column][vc_column width=&#8221;1\/6&#8243;][\/vc_column][\/vc_row][vc_row css=&#8221;.vc_custom_1713599650160{padding-top: 25px !important;padding-bottom: 25px !important;}&#8221;][vc_column width=&#8221;1\/6&#8243;][\/vc_column][vc_column width=&#8221;2\/6&#8243;][vc_column_text css=&#8221;.vc_custom_1713600432494{margin-bottom: 0px !important;}&#8221;]\n<h3>La fonte<\/h3>\n<p>\u2018La tua poesia<br \/>\nviene dal cuore<br \/>\ned entra<br \/>\nin un attimo<br \/>\ndirettamente nel mio.\u2019<br \/>\nUn bel complimento.<br \/>\nMa come scrivo io?<br \/>\nSento,<br \/>\nrifletto,<br \/>\ncreo?<br \/>\nPenso di no.<br \/>\nAttingo soltanto<br \/>\ncol cuore aperto<br \/>\ndalla grande fonte.[\/vc_column_text][\/vc_column][vc_column width=&#8221;2\/6&#8243;][vc_column_text css=&#8221;.vc_custom_1713966414789{margin-bottom: 0px !important;}&#8221;]\n<h3>L\u00e4hde<\/h3>\n<p>\u2018Runoutesi tulee<br \/>\nsyd\u00e4mest\u00e4 ja<br \/>\nhetkess\u00e4 osuu<br \/>\nsuoraan omaani.\u2019<br \/>\nKaunis kohteliaisuus.<br \/>\nMutta kuinka<br \/>\nmin\u00e4 kirjoitan?<br \/>\nTunnenko,<br \/>\npohdinko,<br \/>\nluonko?<br \/>\nEn n\u00e4in usko.<br \/>\nAmmennan vain<br \/>\navoimin syd\u00e4min<br \/>\nsuuresta l\u00e4hteest\u00e4.[\/vc_column_text][\/vc_column][vc_column width=&#8221;1\/6&#8243;][\/vc_column][\/vc_row][vc_row css=&#8221;.vc_custom_1713599650160{padding-top: 25px !important;padding-bottom: 25px !important;}&#8221;][vc_column width=&#8221;1\/6&#8243;][\/vc_column][vc_column width=&#8221;2\/6&#8243;][vc_column_text css=&#8221;.vc_custom_1713600454702{margin-bottom: 0px !important;}&#8221;]\n<h3>Attimi<\/h3>\n<p>Viviamo attimi<br \/>\nche valgono<br \/>\nper sempre.<br \/>\nSono fulmini<br \/>\nluminosi<br \/>\nin cielo,<br \/>\ntuoni forti<br \/>\nche fanno<br \/>\ntremare la terra,<br \/>\nattimi che danno<br \/>\nun segno<br \/>\ne ci fanno<br \/>\nvedere<br \/>\nla nostra<br \/>\npropria strada.[\/vc_column_text][\/vc_column][vc_column width=&#8221;2\/6&#8243;][vc_column_text css=&#8221;.vc_custom_1713966429290{margin-bottom: 0px !important;}&#8221;]\n<h3>Hetki\u00e4<\/h3>\n<p>Koemme hetki\u00e4,<br \/>\njoilla on<br \/>\nikuinen merkitys.<br \/>\nNe ovat<br \/>\nsalamoita<br \/>\nkirkkaina<br \/>\ntaivaalla,<br \/>\njyrin\u00e4\u00e4 joka<br \/>\nsaa maan<br \/>\nvapisemaan,<br \/>\nhetki\u00e4 jotka<br \/>\nantavat suunnan<br \/>\nja saavat meid\u00e4t<br \/>\nn\u00e4kem\u00e4\u00e4n<br \/>\noman tiemme.[\/vc_column_text][\/vc_column][vc_column width=&#8221;1\/6&#8243;][\/vc_column][\/vc_row][vc_row css=&#8221;.vc_custom_1713599650160{padding-top: 25px !important;padding-bottom: 25px !important;}&#8221;][vc_column width=&#8221;1\/6&#8243;][\/vc_column][vc_column width=&#8221;2\/6&#8243;][vc_column_text css=&#8221;.vc_custom_1713600471904{margin-bottom: 0px !important;}&#8221;]\n<h3>L\u2019odore del mare<\/h3>\n<p>Sognai,<br \/>\nmi svegliai<br \/>\nsentendoti<br \/>\nvicina<br \/>\ne godei<br \/>\nil profumo<br \/>\ndella tua pelle<br \/>\nche raccontava<br \/>\ndel mare,<br \/>\ncome la mia.[\/vc_column_text][\/vc_column][vc_column width=&#8221;2\/6&#8243;][vc_column_text css=&#8221;.vc_custom_1713966442059{margin-bottom: 0px !important;}&#8221;]\n<h3>Meren tuoksu<\/h3>\n<p>N\u00e4in unta,<br \/>\nher\u00e4sin<br \/>\ntunsin<br \/>\nl\u00e4heisyytesi<br \/>\nja nautin<br \/>\nihosi tuoksusta,<br \/>\njoka kertoi<br \/>\nmerest\u00e4,<br \/>\nkuten<br \/>\nminunkin.[\/vc_column_text][\/vc_column][vc_column width=&#8221;1\/6&#8243;][\/vc_column][\/vc_row][vc_row css=&#8221;.vc_custom_1713599650160{padding-top: 25px !important;padding-bottom: 25px !important;}&#8221;][vc_column width=&#8221;1\/6&#8243;][\/vc_column][vc_column width=&#8221;2\/6&#8243;][vc_column_text css=&#8221;.vc_custom_1713600486709{margin-bottom: 0px !important;}&#8221;]\n<h3>Parte del tutto<\/h3>\n<p>Nuoto verso<br \/>\nil sole calante<br \/>\nin questa<br \/>\nstrada aurea<br \/>\ncos\u00ec bella.<br \/>\nL\u2019acqua mi porta,<br \/>\nmi circonda,<br \/>\nmi accarezza.<br \/>\nPer un attimo<br \/>\nsono l\u2019acqua,<br \/>\nparte del tutto,<br \/>\nma non perdo<br \/>\nla coscienza<br \/>\ndel mio proprio io.[\/vc_column_text][\/vc_column][vc_column width=&#8221;2\/6&#8243;][vc_column_text css=&#8221;.vc_custom_1713966453973{margin-bottom: 0px !important;}&#8221;]\n<h3>Osa kaikkea<\/h3>\n<p>Uin kohti<br \/>\nlaskevaa aurinkoa<br \/>\nkultaisella<br \/>\nsillalla<br \/>\nniin kauniilla.<br \/>\nVesi kantaa minua,<br \/>\nymp\u00e4r\u00f6i ja<br \/>\nhyv\u00e4ilee minua.<br \/>\nHetkeksi olen<br \/>\nvesi,<br \/>\nosa kaikkea,<br \/>\nmutta en kadota<br \/>\ntietoisuutta<br \/>\nomasta itsest\u00e4ni.[\/vc_column_text][\/vc_column][vc_column width=&#8221;1\/6&#8243;][\/vc_column][\/vc_row][vc_row css=&#8221;.vc_custom_1713599650160{padding-top: 25px !important;padding-bottom: 25px !important;}&#8221;][vc_column width=&#8221;1\/6&#8243;][\/vc_column][vc_column width=&#8221;2\/6&#8243;][vc_column_text css=&#8221;.vc_custom_1713600502414{margin-bottom: 0px !important;}&#8221;]\n<h3>Tutto<\/h3>\n<p>Il perenne io<br \/>\nsa tutte le storie<br \/>\ndi tutte le vite<br \/>\nda me vissute.<br \/>\nCi\u00f2 che ho visto,<br \/>\nsentito,<br \/>\nsaputo<br \/>\n\u00e8 memorizzato<br \/>\nnell\u2019anima mia.<br \/>\n\u00c8 l\u00ec il tesoro<br \/>\nche mi permette<br \/>\ndi seguire le mie<br \/>\nproprie tracce.[\/vc_column_text][\/vc_column][vc_column width=&#8221;2\/6&#8243;][vc_column_text css=&#8221;.vc_custom_1713966465281{margin-bottom: 0px !important;}&#8221;]\n<h3>Kaikki<\/h3>\n<p>Ikuinen min\u00e4<br \/>\ntuntee kaikki tarinat<br \/>\njokaisesta el\u00e4m\u00e4st\u00e4,<br \/>\njonka elin.<br \/>\nSen, mit\u00e4 n\u00e4in,<br \/>\ntunsin,<br \/>\ntiesin<br \/>\non tallennettu<br \/>\nsieluuni.<br \/>\nSiell\u00e4 on aarre,<br \/>\njoka sallii<br \/>\nminun seurata<br \/>\nomia j\u00e4lki\u00e4ni.[\/vc_column_text][\/vc_column][vc_column width=&#8221;1\/6&#8243;][\/vc_column][\/vc_row][vc_row css=&#8221;.vc_custom_1713599650160{padding-top: 25px !important;padding-bottom: 25px !important;}&#8221;][vc_column width=&#8221;1\/6&#8243;][\/vc_column][vc_column width=&#8221;2\/6&#8243;][vc_column_text css=&#8221;.vc_custom_1713600519346{margin-bottom: 0px !important;}&#8221;]\n<h3>Un felice sorriso<\/h3>\n<p>Per il mio<br \/>\nultimo giorno<br \/>\nho solo<br \/>\nun desiderio:<br \/>\nvedere<br \/>\nsul tuo volto<br \/>\nun felice sorriso<br \/>\nper il nostro tempo.<br \/>\nPer questo<br \/>\nfaccio tutto,<br \/>\nlascio tutto,<br \/>\nperch\u00e9<br \/>\nvoglio raggiungere<br \/>\nquesta visione.[\/vc_column_text][\/vc_column][vc_column width=&#8221;2\/6&#8243;][vc_column_text css=&#8221;.vc_custom_1713966478791{margin-bottom: 0px !important;}&#8221;]\n<h3>Onnellinen hymy<\/h3>\n<p>Viimeiselle<br \/>\np\u00e4iv\u00e4lleni<br \/>\nminulla on vain<br \/>\nyksi toive:<br \/>\nn\u00e4hd\u00e4 kasvoillasi<br \/>\nonnellinen hymy<br \/>\nyhteisest\u00e4<br \/>\najasta.<br \/>\nSen hyv\u00e4ksi<br \/>\nteen kaiken,<br \/>\nj\u00e4t\u00e4n kaiken,<br \/>\nsill\u00e4 haluan<br \/>\nkokea<br \/>\nt\u00e4m\u00e4n n\u00e4yn.[\/vc_column_text][\/vc_column][vc_column width=&#8221;1\/6&#8243;][\/vc_column][\/vc_row][vc_row css=&#8221;.vc_custom_1713599650160{padding-top: 25px !important;padding-bottom: 25px !important;}&#8221;][vc_column width=&#8221;1\/6&#8243;][\/vc_column][vc_column width=&#8221;2\/6&#8243;][vc_column_text css=&#8221;.vc_custom_1713600537391{margin-bottom: 0px !important;}&#8221;]\n<h3>Non scambiare<\/h3>\n<p>Anche se<br \/>\nun\u2019idea<br \/>\n\u00e8 davvero<br \/>\nsacra<br \/>\nnon dobbiamo<br \/>\nscambiare<br \/>\nil messaggio<br \/>\ncol messaggero.<br \/>\nSe non<br \/>\ndiscerniamo<br \/>\nla fonte<br \/>\ndal pozzo<br \/>\nconfondiamo tutto<br \/>\ne forse fondiamo<br \/>\nuna religione.[\/vc_column_text][\/vc_column][vc_column width=&#8221;2\/6&#8243;][vc_column_text css=&#8221;.vc_custom_1713966493382{margin-bottom: 0px !important;}&#8221;]\n<h3>\u00c4l\u00e4 sekoita<\/h3>\n<p>Vaikka jokin<br \/>\naate olisi<br \/>\nkuinka pyh\u00e4,<br \/>\nei saa<br \/>\nsekoittaa<br \/>\nviesti\u00e4<br \/>\nviestintuojaan.<br \/>\nJos emme<br \/>\nerota<br \/>\nl\u00e4hdett\u00e4 kaivosta<br \/>\nh\u00e4mmenn\u00e4mme<br \/>\nkaiken<br \/>\nja ehk\u00e4<br \/>\nperustamme<br \/>\nuskonnon.[\/vc_column_text][\/vc_column][vc_column width=&#8221;1\/6&#8243;][\/vc_column][\/vc_row][vc_row css=&#8221;.vc_custom_1713599650160{padding-top: 25px !important;padding-bottom: 25px !important;}&#8221;][vc_column width=&#8221;1\/6&#8243;][\/vc_column][vc_column width=&#8221;2\/6&#8243;][vc_column_text css=&#8221;.vc_custom_1713600552466{margin-bottom: 0px !important;}&#8221;]\n<h3>Sonno e sogno<\/h3>\n<p>L\u2019energia<br \/>\ndella vita<br \/>\ncambia,<br \/>\nma l\u2019essenza<br \/>\ndell\u2019esistenza<br \/>\n\u00e8 senza fine.<br \/>\nSiamo tutto,<br \/>\nmateria e anima,<br \/>\nsonno e sogno,<br \/>\nviviamo ogni forma.<br \/>\nLa forza divina<br \/>\nci dona<br \/>\nle possibilit\u00e0,<br \/>\nma la creazione<br \/>\n\u00e8 il nostro dovere.[\/vc_column_text][\/vc_column][vc_column width=&#8221;2\/6&#8243;][vc_column_text css=&#8221;.vc_custom_1713966508558{margin-bottom: 0px !important;}&#8221;]\n<h3>Unta ja unelmaa<\/h3>\n<p>El\u00e4m\u00e4n voima<br \/>\nmuuttuu, mutta<br \/>\nolemassaolon<br \/>\nydin on vailla loppua.<br \/>\nOlemme kaikkea,<br \/>\nainetta ja sielua,<br \/>\nunta ja unelmaa,<br \/>\nel\u00e4mme jokaisen<br \/>\nmuodon.<br \/>\nJumalallinen voima<br \/>\nsuo meille<br \/>\nmahdollisuudet,<br \/>\nmutta itse luominen<br \/>\non meid\u00e4n<br \/>\nteht\u00e4v\u00e4mme.[\/vc_column_text][\/vc_column][vc_column width=&#8221;1\/6&#8243;][\/vc_column][\/vc_row][vc_row css=&#8221;.vc_custom_1570192413313{padding-top: 30px !important;}&#8221;][vc_column width=&#8221;1\/2&#8243;][vc_single_image image=&#8221;1283&#8243; img_size=&#8221;252&#215;390&#8243; alignment=&#8221;center&#8221; style=&#8221;vc_box_shadow&#8221; onclick=&#8221;custom_link&#8221; img_link_target=&#8221;_blank&#8221; link=&#8221;https:\/\/amzn.to\/3UA94OB&#8221;][mk_button dimension=&#8221;two&#8221; size=&#8221;medium&#8221; icon=&#8221;mk-jupiter-icon-simple-amazon&#8221; url=&#8221;https:\/\/amzn.to\/3UA94OB&#8221; target=&#8221;_blank&#8221; nofollow=&#8221;true&#8221; align=&#8221;center&#8221; bg_color=&#8221;#1e73be&#8221;]Bei Amazon kaufen[\/mk_button][\/vc_column][vc_column width=&#8221;1\/2&#8243;][\/vc_column][\/vc_row]\n","protected":false},"excerpt":{"rendered":"<p>[vc_row][vc_column][vc_widget_sidebar sidebar_id=&#8221;sidebar-15&#8243; el_id=&#8221;sprachen&#8221;][\/vc_column][\/vc_row][vc_row css=&#8221;.vc_custom_1713599604741{padding-top: 70px !important;padding-bottom: 25px !important;}&#8221;][vc_column width=&#8221;1\/6&#8243;][\/vc_column][vc_column width=&#8221;2\/6&#8243;][vc_column_text css=&#8221;.vc_custom_1728647328228{margin-bottom: 0px !important;}&#8221;] Invece di sognare \u00c8 saggio godere la bellezza dei fiori ai lati della strada invece di sognare la meraviglia della prossima primavera. Ma quando sar\u00e0 venuta, sar\u00e0 arrivato l\u2019attimo giusto per godere i fiori che fioriranno.[\/vc_column_text][\/vc_column][vc_column width=&#8221;2\/6&#8243;][vc_column_text css=&#8221;.vc_custom_1713966298035{margin-bottom: 0px !important;}&#8221;] Haaveiden sijasta [&hellip;]<\/p>\n","protected":false},"author":2,"featured_media":0,"parent":0,"menu_order":0,"comment_status":"closed","ping_status":"closed","template":"","meta":[],"_links":{"self":[{"href":"https:\/\/www.poesie-italiane.de\/fi\/wp-json\/wp\/v2\/pages\/1245\/"}],"collection":[{"href":"https:\/\/www.poesie-italiane.de\/fi\/wp-json\/wp\/v2\/pages\/"}],"about":[{"href":"https:\/\/www.poesie-italiane.de\/fi\/wp-json\/wp\/v2\/types\/page\/"}],"author":[{"embeddable":true,"href":"https:\/\/www.poesie-italiane.de\/fi\/wp-json\/wp\/v2\/users\/2\/"}],"replies":[{"embeddable":true,"href":"https:\/\/www.poesie-italiane.de\/fi\/wp-json\/wp\/v2\/comments\/?post=1245"}],"version-history":[{"count":5,"href":"https:\/\/www.poesie-italiane.de\/fi\/wp-json\/wp\/v2\/pages\/1245\/revisions\/"}],"predecessor-version":[{"id":1399,"href":"https:\/\/www.poesie-italiane.de\/fi\/wp-json\/wp\/v2\/pages\/1245\/revisions\/1399\/"}],"wp:attachment":[{"href":"https:\/\/www.poesie-italiane.de\/fi\/wp-json\/wp\/v2\/media\/?parent=1245"}],"curies":[{"name":"wp","href":"https:\/\/api.w.org\/{rel}","templated":true}]}}