{"id":1325,"date":"2024-04-30T10:59:21","date_gmt":"2024-04-30T08:59:21","guid":{"rendered":"https:\/\/www.poesie-italiane.de\/?page_id=1325"},"modified":"2024-09-26T10:14:16","modified_gmt":"2024-09-26T08:14:16","slug":"cd","status":"publish","type":"page","link":"https:\/\/www.poesie-italiane.de\/fi\/cd\/","title":{"rendered":"CD"},"content":{"rendered":"[vc_row][vc_column][vc_widget_sidebar sidebar_id=&#8221;sidebar-15&#8243; el_id=&#8221;sprachen&#8221;][\/vc_column][\/vc_row][vc_row css=&#8221;.vc_custom_1713599604741{padding-top: 70px !important;padding-bottom: 25px !important;}&#8221;][vc_column width=&#8221;1\/6&#8243;][\/vc_column][vc_column width=&#8221;2\/6&#8243;][vc_column_text css=&#8221;.vc_custom_1713601514280{margin-bottom: 0px !important;}&#8221;]\n<h3>Aspettami!<\/h3>\n<p>Non c\u2019era bisogno<br \/>\ndi grandi pensieri,<br \/>\nperch\u00e9 sei tu<br \/>\nun grande pensiero<br \/>\ndell\u2019universo.<br \/>\nIl tuo affetto<br \/>\nera semplice,<br \/>\nnaturale e<br \/>\ndegno di fiducia<br \/>\ncome la luce del sole.<br \/>\nCon te non<br \/>\ndesideravo niente,<br \/>\nperch\u00e9 avevo tutto.<br \/>\nMi manchi,<br \/>\nma un giorno<br \/>\nci ritroveremo.<br \/>\nAspettami![\/vc_column_text][\/vc_column][vc_column width=&#8221;2\/6&#8243;][vc_column_text css=&#8221;.vc_custom_1714467322762{margin-bottom: 0px !important;}&#8221;]\n<h3>Odota minua!<\/h3>\n<p>Emme kaivanneet suuria<br \/>\najatuksia, koska<br \/>\nsin\u00e4 olet<br \/>\nmaailmankaikkeuden<br \/>\nsuuri ajatus.<br \/>\nRakkautesi oli<br \/>\nvilpit\u00f6nt\u00e4, aitoa ja<br \/>\nluotettavaa kuin<br \/>\nauringon valo.<br \/>\nSinun kanssasi<br \/>\nen kaivannut mit\u00e4\u00e4n,<br \/>\nsill\u00e4 minulla oli jo kaikki.<br \/>\nKaipaan sinua, mutta<br \/>\ner\u00e4\u00e4n\u00e4 p\u00e4iv\u00e4n\u00e4<br \/>\nl\u00f6yd\u00e4mme<br \/>\ntoisemme j\u00e4lleen.<br \/>\nOdota minua![\/vc_column_text][\/vc_column][vc_column width=&#8221;1\/6&#8243;][\/vc_column][\/vc_row][vc_row css=&#8221;.vc_custom_1713599615363{padding-top: 25px !important;padding-bottom: 25px !important;}&#8221;][vc_column width=&#8221;1\/6&#8243;][\/vc_column][vc_column width=&#8221;2\/6&#8243;][vc_column_text css=&#8221;.vc_custom_1713601529611{margin-bottom: 0px !important;}&#8221;]\n<h3>Se il cielo si apre<\/h3>\n<p>Perch\u00e9 chiedere<br \/>\nuna parte<br \/>\nse tutto<br \/>\n\u00e8 possibile?<br \/>\nPerch\u00e9 limitare<br \/>\nle mete<br \/>\nse i confini<br \/>\nnon esistono?<br \/>\nPerch\u00e9 legarsi<br \/>\nalla terra<br \/>\nse il cielo<br \/>\nsi apre?[\/vc_column_text][\/vc_column][vc_column width=&#8221;2\/6&#8243;][vc_column_text css=&#8221;.vc_custom_1714467338625{margin-bottom: 0px !important;}&#8221;]\n<h3>Kun taivas on avoinna<\/h3>\n<p>Miksi pyyt\u00e4\u00e4 vain<br \/>\nosasta<br \/>\njos kaikki on<br \/>\nmahdollista?<br \/>\nMiksi rajoittaa<br \/>\ntavoitteita<br \/>\njos rajoja<br \/>\nei ole?<br \/>\nMiksi sitoa<br \/>\nitsens\u00e4 maahan<br \/>\nkun taivas<br \/>\non avoinna?[\/vc_column_text][\/vc_column][vc_column width=&#8221;1\/6&#8243;][\/vc_column][\/vc_row][vc_row css=&#8221;.vc_custom_1713599627277{padding-top: 25px !important;padding-bottom: 25px !important;}&#8221;][vc_column width=&#8221;1\/6&#8243;][\/vc_column][vc_column width=&#8221;2\/6&#8243;][vc_column_text css=&#8221;.vc_custom_1713601541840{margin-bottom: 0px !important;}&#8221;]\n<h3>Il mio messaggio<\/h3>\n<p>Il mio messaggio<br \/>\nper il mondo \u00e8<br \/>\nche non ho<br \/>\nun messaggio.<br \/>\nChi sostiene<br \/>\ndi averne uno<br \/>\nracconta bugie.<br \/>\nNon c\u2019\u00e8 niente<br \/>\nche vale<br \/>\nper tutti.<br \/>\nCi obbliga<br \/>\nsolo la voce<br \/>\ndel cuore<br \/>\ne questa vale<br \/>\nsenza riserva.[\/vc_column_text][\/vc_column][vc_column width=&#8221;2\/6&#8243;][vc_column_text css=&#8221;.vc_custom_1714467350291{margin-bottom: 0px !important;}&#8221;]\n<h3>Minun viestini<\/h3>\n<p>Minun viestini<br \/>\nmaailmalle on,<br \/>\nett\u00e4 minulla<br \/>\nei ole<br \/>\nviesti\u00e4.<br \/>\nJoka n\u00e4in v\u00e4itt\u00e4\u00e4<br \/>\npuhuu valhetta.<br \/>\nEi ole mit\u00e4\u00e4n<br \/>\nmik\u00e4 olisi<br \/>\nkaikille totta.<br \/>\nMeit\u00e4 velvoittaa<br \/>\nvain syd\u00e4men<br \/>\n\u00e4\u00e4ni ja t\u00e4m\u00e4<br \/>\np\u00e4tee<br \/>\nilman rajoituksia.[\/vc_column_text][\/vc_column][vc_column width=&#8221;1\/6&#8243;][\/vc_column][\/vc_row][vc_row css=&#8221;.vc_custom_1713599650160{padding-top: 25px !important;padding-bottom: 25px !important;}&#8221;][vc_column width=&#8221;1\/6&#8243;][\/vc_column][vc_column width=&#8221;2\/6&#8243;][vc_column_text css=&#8221;.vc_custom_1713601553011{margin-bottom: 0px !important;}&#8221;]\n<h3>Scritto sulla sabbia<\/h3>\n<p>Sono stato<br \/>\nalla spiaggia<br \/>\nammirando<br \/>\nil movimento<br \/>\ndelle onde<br \/>\ne ho scritto<br \/>\nil tuo nome<br \/>\nsulla sabbia.<br \/>\nE l\u2019acqua<br \/>\nl\u2019ha portato via<br \/>\ne inciso<br \/>\nnella sua<br \/>\nmemoria eterna.[\/vc_column_text][\/vc_column][vc_column width=&#8221;2\/6&#8243;][vc_column_text css=&#8221;.vc_custom_1714467403943{margin-bottom: 0px !important;}&#8221;]\n<h3>Hiekkaan kirjoitettu<\/h3>\n<p>Seisoin<br \/>\nrannalla,<br \/>\nihailin<br \/>\naaltojen<br \/>\nleikki\u00e4.<br \/>\nKirjoitin<br \/>\nnimesi<br \/>\nhiekkaan,<br \/>\nvesi huuhtoi<br \/>\nsen pois<br \/>\nja kirjasi sen<br \/>\nikuiseen<br \/>\nmuistiinsa.[\/vc_column_text][\/vc_column][vc_column width=&#8221;1\/6&#8243;][\/vc_column][\/vc_row][vc_row css=&#8221;.vc_custom_1713599650160{padding-top: 25px !important;padding-bottom: 25px !important;}&#8221;][vc_column width=&#8221;1\/6&#8243;][\/vc_column][vc_column width=&#8221;2\/6&#8243;][vc_column_text css=&#8221;.vc_custom_1713601568941{margin-bottom: 0px !important;}&#8221;]\n<h3>Memoria<\/h3>\n<p>Ho dimenticato<br \/>\nche ho le ali,<br \/>\nche la terra<br \/>\nnon mi lega?<br \/>\nVoglio volare<br \/>\nsulla campagna,<br \/>\ni laghi, il mare.<br \/>\nHo dimenticato<br \/>\nche sono<br \/>\nun\u2019anima eterna<br \/>\nnon solo<br \/>\nuomo mortale?<br \/>\nNon l\u2019ho<br \/>\ndimenticato.<br \/>\nRicordo<br \/>\ne comincio<br \/>\nad esser<br \/>\nquel che sono.[\/vc_column_text][\/vc_column][vc_column width=&#8221;2\/6&#8243;][vc_column_text css=&#8221;.vc_custom_1714467420188{margin-bottom: 0px !important;}&#8221;]\n<h3>Muisto<\/h3>\n<p>Olenko unohtanut,<br \/>\nett\u00e4 minulla<br \/>\non siivet,<br \/>\nettei maa<br \/>\nminua sido?<br \/>\nTahdon lent\u00e4\u00e4<br \/>\nyli maan,<br \/>\nyli j\u00e4rvien ja meren.<br \/>\nOlenko unohtanut,<br \/>\nett\u00e4 olen<br \/>\nikuinen sielu<br \/>\nen vain<br \/>\nkuolevainen<br \/>\nihminen?<br \/>\nEn ole sit\u00e4<br \/>\nunohtanut.<br \/>\nMuistan ja alan<br \/>\nolla se joka olen.[\/vc_column_text][\/vc_column][vc_column width=&#8221;1\/6&#8243;][\/vc_column][\/vc_row][vc_row css=&#8221;.vc_custom_1713599650160{padding-top: 25px !important;padding-bottom: 25px !important;}&#8221;][vc_column width=&#8221;1\/6&#8243;][\/vc_column][vc_column width=&#8221;2\/6&#8243;][vc_column_text css=&#8221;.vc_custom_1713601586018{margin-bottom: 0px !important;}&#8221;]\n<h3>L\u2019amore \u00e8 libert\u00e0<\/h3>\n<p>Non dico:<br \/>\n\u2018Ti amo,<br \/>\nti voglio,<br \/>\nsei mia,<br \/>\nsono tuo.\u2019<br \/>\nNo, io amo<br \/>\ncome se tenessi<br \/>\nun uccello<br \/>\nnella mano aperta.<br \/>\nTi dico:<br \/>\n\u2018Vola,<br \/>\nse hai il desiderio<br \/>\ndi esser te stessa,<br \/>\nrimani,<br \/>\nse lo vuoi.\u2019[\/vc_column_text][\/vc_column][vc_column width=&#8221;2\/6&#8243;][vc_column_text css=&#8221;.vc_custom_1714467434306{margin-bottom: 0px !important;}&#8221;]\n<h3>Rakkaus on vapautta<\/h3>\n<p>En sano:<br \/>\n\u2018Rakastan sinua,<br \/>\nhaluan sinut,<br \/>\nolet minun,<br \/>\nolen sinun.\u2019<br \/>\nEi, rakastan kuin<br \/>\npit\u00e4isin<br \/>\nlintua<br \/>\navok\u00e4mmenell\u00e4.<br \/>\n\u2018Sanon sinulle:<br \/>\nLenn\u00e4,<br \/>\njos toiveesi on<br \/>\nolla oma itsesi,<br \/>\nj\u00e4\u00e4,<br \/>\njos niin tahdot.\u2019[\/vc_column_text][\/vc_column][vc_column width=&#8221;1\/6&#8243;][\/vc_column][\/vc_row][vc_row css=&#8221;.vc_custom_1713599650160{padding-top: 25px !important;padding-bottom: 25px !important;}&#8221;][vc_column width=&#8221;1\/6&#8243;][\/vc_column][vc_column width=&#8221;2\/6&#8243;][vc_column_text css=&#8221;.vc_custom_1713601600576{margin-bottom: 0px !important;}&#8221;]\n<h3>L\u2019attimo felice<\/h3>\n<p>Sei un fiore<br \/>\nche fiorisce<br \/>\nsolo una volta?<br \/>\nSei un uccello<br \/>\nche canta<br \/>\nsolo una canzone?<br \/>\nSei una stella cadente<br \/>\nche illumina<br \/>\nil cielo notturno<br \/>\nper fuggire per sempre<br \/>\nnella vastit\u00e0<br \/>\ndell\u2019universo?<br \/>\nNon lo so,<br \/>\nma fioristi,<br \/>\ncantasti<br \/>\ned illuminasti<br \/>\nla mia strada<br \/>\nper un attimo<br \/>\ne mi rendesti<br \/>\ntanto felice.[\/vc_column_text][\/vc_column][vc_column width=&#8221;2\/6&#8243;][vc_column_text css=&#8221;.vc_custom_1714467452835{margin-bottom: 0px !important;}&#8221;]\n<h3>Onnellinen hetki<\/h3>\n<p>Oletko kukka,<br \/>\njoka vain<br \/>\nkerran kukkii?<br \/>\nOletko lintu,<br \/>\njoka vain<br \/>\nyhden laulun laulaa?<br \/>\nOletko t\u00e4hdenlento,<br \/>\njoka valaisee<br \/>\ny\u00f6taivaan kadotakseen<br \/>\nainiaaksi<br \/>\nmaailmankaikkeuden<br \/>\nsyvyyksiin?<br \/>\nEn tied\u00e4,<br \/>\nmutta olet<br \/>\nkukkinut,<br \/>\nolet laulanut<br \/>\nja valaissut tieni<br \/>\nhetkeksi<br \/>\nja tehnyt minut<br \/>\nhyvin onnelliseksi.[\/vc_column_text][\/vc_column][vc_column width=&#8221;1\/6&#8243;][\/vc_column][\/vc_row][vc_row css=&#8221;.vc_custom_1713599650160{padding-top: 25px !important;padding-bottom: 25px !important;}&#8221;][vc_column width=&#8221;1\/6&#8243;][\/vc_column][vc_column width=&#8221;2\/6&#8243;][vc_column_text css=&#8221;.vc_custom_1713601617901{margin-bottom: 0px !important;}&#8221;]\n<h3>Il caso<\/h3>\n<p>Niente<br \/>\ndi quel<br \/>\nche succede<br \/>\n\u00e8 senza<br \/>\nsignificato.<br \/>\nL\u2019errore<br \/>\npi\u00f9 grande<br \/>\n\u00e8 l\u2019idea<br \/>\ndel caso,<br \/>\nperch\u00e9 tutto<br \/>\n\u00e8 previsto<br \/>\ndall\u2019anima<br \/>\nnostra.[\/vc_column_text][\/vc_column][vc_column width=&#8221;2\/6&#8243;][vc_column_text css=&#8221;.vc_custom_1714467468529{margin-bottom: 0px !important;}&#8221;]\n<h3>Sattuma<\/h3>\n<p>Mik\u00e4\u00e4n siit\u00e4,<br \/>\nmit\u00e4 tapahtuu<br \/>\nei ole ilman<br \/>\nmerkityst\u00e4.<br \/>\nSuurin<br \/>\nerehdys on<br \/>\nidea<br \/>\nsattumasta,<br \/>\nsill\u00e4<br \/>\nkaikki<br \/>\nmik\u00e4 tapahtuu<br \/>\non jo ennakoitu<br \/>\nsielussamme.[\/vc_column_text][\/vc_column][vc_column width=&#8221;1\/6&#8243;][\/vc_column][\/vc_row][vc_row css=&#8221;.vc_custom_1713599650160{padding-top: 25px !important;padding-bottom: 25px !important;}&#8221;][vc_column width=&#8221;1\/6&#8243;][\/vc_column][vc_column width=&#8221;2\/6&#8243;][vc_column_text css=&#8221;.vc_custom_1713601630703{margin-bottom: 0px !important;}&#8221;]\n<h3>Il canto delle onde<\/h3>\n<p>\u2018Sono il mare<br \/>\nti circondo<br \/>\ncon i miei sensi<br \/>\nsentendoti<br \/>\nse ti immergi<br \/>\nnell\u2019acqua s\u00ec azzurra.<br \/>\nLa mia voce<br \/>\n\u00e8 il canto delle onde.<br \/>\nMi senti?<br \/>\nStai attento!<br \/>\n\u00c8 ancora<br \/>\nun richiamo sommesso,<br \/>\nma nei giorni seguenti<br \/>\nsarai felice<br \/>\ndi udirmi chiaramente.\u2019[\/vc_column_text][\/vc_column][vc_column width=&#8221;2\/6&#8243;][vc_column_text css=&#8221;.vc_custom_1714467482457{margin-bottom: 0px !important;}&#8221;]\n<h3>Aaltojen laulu<\/h3>\n<p>\u2018Olen meri<br \/>\nymp\u00e4r\u00f6in sinut<br \/>\naisteillani<br \/>\ntunnen sinut<br \/>\nkun uppoat<br \/>\nsiniseen veteen.<br \/>\nAaltojen laulu<br \/>\non minun \u00e4\u00e4neni.<br \/>\nKuuletko?<br \/>\nOle tarkkana!<br \/>\nViel\u00e4 se on vaimea kutsu,<br \/>\nmutta er\u00e4\u00e4n\u00e4 p\u00e4iv\u00e4n\u00e4<br \/>\ntulet oleman onnellinen<br \/>\nkun kuulet minut<br \/>\nselv\u00e4sti.\u2019[\/vc_column_text][\/vc_column][vc_column width=&#8221;1\/6&#8243;][\/vc_column][\/vc_row][vc_row css=&#8221;.vc_custom_1713599650160{padding-top: 25px !important;padding-bottom: 25px !important;}&#8221;][vc_column width=&#8221;1\/6&#8243;][\/vc_column][vc_column width=&#8221;2\/6&#8243;][vc_column_text css=&#8221;.vc_custom_1713601644485{margin-bottom: 0px !important;}&#8221;]\n<h3>Tu<\/h3>\n<p>Tu leghi quello<br \/>\nche voglio legare<br \/>\ne posso legare<br \/>\ncon te:<br \/>\nLa gioia della<br \/>\nbellezza del mondo<br \/>\ne pensieri profondi<br \/>\nsul senso della vita.<br \/>\nSei nata l\u00ec<br \/>\ndove il mio cuore<br \/>\nha il suo posto.<br \/>\nIn questo modo<br \/>\nabbiamo una<br \/>\npatria comune<br \/>\ne la nostra lingua<br \/>\n\u00e8 la lingua<br \/>\ndel cuore.[\/vc_column_text][\/vc_column][vc_column width=&#8221;2\/6&#8243;][vc_column_text css=&#8221;.vc_custom_1714467557113{margin-bottom: 0px !important;}&#8221;]\n<h3>Sin\u00e4<\/h3>\n<p>Yhdist\u00e4t sen,<br \/>\nmit\u00e4 haluan yhdist\u00e4<br \/>\nja mit\u00e4 voin yhdist\u00e4<br \/>\nkanssasi:<br \/>\nIloa maailman kauneudesta<br \/>\nja syvi\u00e4 ajatuksia<br \/>\nel\u00e4m\u00e4n tarkoituksesta.<br \/>\nSynnyit sinne,<br \/>\nmihin syd\u00e4meni kuullu.<br \/>\nN\u00e4in meill\u00e4<br \/>\non yhteinen kotimaa<br \/>\nja kielemme<br \/>\non syd\u00e4men kieli.[\/vc_column_text][\/vc_column][vc_column width=&#8221;1\/6&#8243;][\/vc_column][\/vc_row][vc_row css=&#8221;.vc_custom_1713599650160{padding-top: 25px !important;padding-bottom: 25px !important;}&#8221;][vc_column width=&#8221;1\/6&#8243;][\/vc_column][vc_column width=&#8221;2\/6&#8243;][vc_column_text css=&#8221;.vc_custom_1713601658390{margin-bottom: 0px !important;}&#8221;]\n<h3>Il cuore<\/h3>\n<p>Mi hai detto<br \/>\nche le mie poesie<br \/>\ntoccano il tuo cuore.<br \/>\nChe desidero di pi\u00f9?<br \/>\nQuello che senti<br \/>\nmi d\u00e0 il coraggio<br \/>\ndi dare il massimo<br \/>\ndal cuore,<br \/>\nnon dall\u2019intelletto.<br \/>\nNiente contro l\u2019intelletto!<br \/>\n\u00c8 l\u2019esaminatore severo,<br \/>\nma il cuore \u00e8<br \/>\nin verit\u00e0 il creatore.[\/vc_column_text][\/vc_column][vc_column width=&#8221;2\/6&#8243;][vc_column_text css=&#8221;.vc_custom_1714467540587{margin-bottom: 0px !important;}&#8221;]\n<h3>Syd\u00e4n<\/h3>\n<p>Sanoit<br \/>\nett\u00e4 runoni<br \/>\nkoskettavat syd\u00e4nt\u00e4si.<br \/>\nMit\u00e4 toivoisin enemp\u00e4\u00e4?<br \/>\nSe, mit\u00e4 tunnet<br \/>\nsuo minulle rohkeutta<br \/>\nantaa parastani<br \/>\nsyd\u00e4mest\u00e4ni,<br \/>\nei j\u00e4rjell\u00e4ni.<br \/>\nEi mit\u00e4\u00e4n j\u00e4rke\u00e4 vastaan,<br \/>\nse on ankara tutkija,<br \/>\nmutta syd\u00e4n on<br \/>\ntodellisuudessa luoja.[\/vc_column_text][\/vc_column][vc_column width=&#8221;1\/6&#8243;][\/vc_column][\/vc_row][vc_row css=&#8221;.vc_custom_1713599650160{padding-top: 25px !important;padding-bottom: 25px !important;}&#8221;][vc_column width=&#8221;1\/6&#8243;][\/vc_column][vc_column width=&#8221;2\/6&#8243;][vc_column_text css=&#8221;.vc_custom_1713601709184{margin-bottom: 0px !important;}&#8221;]\n<h3>Una porta aperta<\/h3>\n<p>Il dramma della vita \u00e8<br \/>\nche conosciamo<br \/>\ntutte le cose<br \/>\nnel cuore,<br \/>\nma agiamo<br \/>\ncon la mente<br \/>\n\u2018razionalmente\u2019,<br \/>\ncreando problemi<br \/>\nche non esistono<br \/>\nin verit\u00e0.<br \/>\nA volte rifiutiamo<br \/>\ndi passare<br \/>\nper una porta aperta<br \/>\ne proviamo la strada<br \/>\nattraverso le mura,<br \/>\nperch\u00e9 ci sembra<br \/>\nla pi\u00f9 facile.[\/vc_column_text][\/vc_column][vc_column width=&#8221;2\/6&#8243;][vc_column_text css=&#8221;.vc_custom_1714467526963{margin-bottom: 0px !important;}&#8221;]\n<h3>Avoin ovi<\/h3>\n<p>El\u00e4m\u00e4n draama<br \/>\non siin\u00e4, ett\u00e4<br \/>\nsyd\u00e4mess\u00e4mme<br \/>\ntied\u00e4mme asiat<br \/>\noikeiksi, mutta<br \/>\ntoimimme<br \/>\n\u00e4lyymme mukaisesti<br \/>\n\u2018j\u00e4rkev\u00e4sti\u2019,<br \/>\nluoden ongelmia<br \/>\njoita itse asiassa<br \/>\nei olekaan.<br \/>\nJoskus kielt\u00e4ydymme<br \/>\nmenem\u00e4st\u00e4 avoimen<br \/>\noven l\u00e4pi, koska<br \/>\nluulemme, ett\u00e4<br \/>\nmuurin l\u00e4pi p\u00e4\u00e4see<br \/>\nhelpommin.[\/vc_column_text][\/vc_column][vc_column width=&#8221;1\/6&#8243;][\/vc_column][\/vc_row][vc_row css=&#8221;.vc_custom_1725604399978{padding-top: 30px !important;}&#8221;][vc_column width=&#8221;1\/6&#8243;][\/vc_column][vc_column width=&#8221;2\/3&#8243;][vc_single_image image=&#8221;1330&#8243; img_size=&#8221;full&#8221; alignment=&#8221;center&#8221; style=&#8221;vc_box_shadow&#8221; onclick=&#8221;custom_link&#8221; img_link_target=&#8221;_blank&#8221; link=&#8221;https:\/\/www.youtube.com\/watch?v=X5ZDu_9YWt0&#8243;][mk_button dimension=&#8221;two&#8221; size=&#8221;medium&#8221; icon=&#8221;mk-icon-arrow-circle-right&#8221; url=&#8221;\/en\/contact\/&#8221; target=&#8221;_blank&#8221; align=&#8221;center&#8221; bg_color=&#8221;#1e73be&#8221;]Osta CD[\/mk_button][vc_column_text css=&#8221;.vc_custom_1725604421399{margin-bottom: 0px !important;}&#8221;]K\u00e4yt\u00e4 yhteydenottolomaketta, jos haluat ostaa CD-levyn (19,99 \u20ac plus postikulut). L\u00e4het\u00e4mme sinulle sitten maksuvaihtoehdot.[\/vc_column_text][\/vc_column][vc_column width=&#8221;1\/6&#8243;][\/vc_column][\/vc_row]\n","protected":false},"excerpt":{"rendered":"<p>[vc_row][vc_column][vc_widget_sidebar sidebar_id=&#8221;sidebar-15&#8243; el_id=&#8221;sprachen&#8221;][\/vc_column][\/vc_row][vc_row css=&#8221;.vc_custom_1713599604741{padding-top: 70px !important;padding-bottom: 25px !important;}&#8221;][vc_column width=&#8221;1\/6&#8243;][\/vc_column][vc_column width=&#8221;2\/6&#8243;][vc_column_text css=&#8221;.vc_custom_1713601514280{margin-bottom: 0px !important;}&#8221;] Aspettami! Non c\u2019era bisogno di grandi pensieri, perch\u00e9 sei tu un grande pensiero dell\u2019universo. Il tuo affetto era semplice, naturale e degno di fiducia come la luce del sole. Con te non desideravo niente, perch\u00e9 avevo tutto. Mi manchi, ma un giorno [&hellip;]<\/p>\n","protected":false},"author":2,"featured_media":0,"parent":0,"menu_order":0,"comment_status":"closed","ping_status":"closed","template":"","meta":[],"_links":{"self":[{"href":"https:\/\/www.poesie-italiane.de\/fi\/wp-json\/wp\/v2\/pages\/1325\/"}],"collection":[{"href":"https:\/\/www.poesie-italiane.de\/fi\/wp-json\/wp\/v2\/pages\/"}],"about":[{"href":"https:\/\/www.poesie-italiane.de\/fi\/wp-json\/wp\/v2\/types\/page\/"}],"author":[{"embeddable":true,"href":"https:\/\/www.poesie-italiane.de\/fi\/wp-json\/wp\/v2\/users\/2\/"}],"replies":[{"embeddable":true,"href":"https:\/\/www.poesie-italiane.de\/fi\/wp-json\/wp\/v2\/comments\/?post=1325"}],"version-history":[{"count":7,"href":"https:\/\/www.poesie-italiane.de\/fi\/wp-json\/wp\/v2\/pages\/1325\/revisions\/"}],"predecessor-version":[{"id":1374,"href":"https:\/\/www.poesie-italiane.de\/fi\/wp-json\/wp\/v2\/pages\/1325\/revisions\/1374\/"}],"wp:attachment":[{"href":"https:\/\/www.poesie-italiane.de\/fi\/wp-json\/wp\/v2\/media\/?parent=1325"}],"curies":[{"name":"wp","href":"https:\/\/api.w.org\/{rel}","templated":true}]}}