{"id":254,"date":"2019-09-11T10:31:25","date_gmt":"2019-09-11T08:31:25","guid":{"rendered":"https:\/\/www.poesie-italiane.de\/?page_id=254"},"modified":"2024-10-11T12:30:27","modified_gmt":"2024-10-11T10:30:27","slug":"runous","status":"publish","type":"page","link":"https:\/\/www.poesie-italiane.de\/fi\/","title":{"rendered":"Runoja"},"content":{"rendered":"[vc_row fullwidth=&#8221;true&#8221; fullwidth_content=&#8221;false&#8221; sidebar_id=&#8221;sidebar-15&#8243; el_id=&#8221;sprachen&#8221; title=&#8221;&#8221;][vc_column][vc_widget_sidebar sidebar_id=&#8221;sidebar-15&#8243; el_id=&#8221;sprachen&#8221;][\/vc_column][\/vc_row][vc_row css=&#8221;.vc_custom_1570191217337{margin-bottom: 40px !important;padding-top: 20px !important;}&#8221;][vc_column][vc_column_text css=&#8221;.vc_custom_1728642537737{margin-bottom: 0px !important;padding-bottom: 0px !important;}&#8221;]Nuoruudestani l\u00e4htien olen koettanut ymm\u00e4rt\u00e4\u00e4 el\u00e4m\u00e4ni tarkoitusta. Filosofina minua inspiroi einiten Sokrates, joka kehotti itsens\u00e4 tuntemiseen. H\u00e4nen ideoissaan n\u00e4en filosofian ja spiritualiteetin v\u00e4lisen yhteyden. Runoni kertovat t\u00e4st\u00e4 etsinn\u00e4st\u00e4. Niinp\u00e4 haluan kannustaa lukijoita tutkimaan omaa itse\u00e4\u00e4n. Se kannattaa!<\/p>\n<p>Kirjassani on kokoelma runoja kahdeksasta aiheesta: ilosta, rakkaudesta ja onnesta, kissoistani, syd\u00e4men \u00e4\u00e4nest\u00e4, l\u00e4hteest\u00e4, merest\u00e4, el\u00e4m\u00e4st\u00e4 ja kuolemasta ja omasta n\u00e4k\u00f6kulmastani.[\/vc_column_text][\/vc_column][\/vc_row][vc_row css=&#8221;.vc_custom_1728641582739{margin-bottom: 0px !important;padding-bottom: 0px !important;}&#8221;][vc_column width=&#8221;1\/3&#8243;][\/vc_column][vc_column width=&#8221;1\/3&#8243;][mk_button dimension=&#8221;two&#8221; size=&#8221;large&#8221; url=&#8221;\/fi\/buch\/&#8221; align=&#8221;center&#8221; fullwidth=&#8221;true&#8221; margin_right=&#8221;20&#8243; bg_color=&#8221;#1e73be&#8221;]KIRJA[\/mk_button][\/vc_column][vc_column width=&#8221;1\/3&#8243;][\/vc_column][\/vc_row][vc_row css=&#8221;.vc_custom_1570191217337{margin-bottom: 40px !important;padding-top: 20px !important;}&#8221;][vc_column][vc_column_text css=&#8221;.vc_custom_1728642624350{margin-bottom: 0px !important;padding-bottom: 0px !important;}&#8221;]Mik\u00e4 voisi olla parempaa kuin se, ett\u00e4 asiat laajenevat, kun seuraa syd\u00e4men \u00e4\u00e4nt\u00e4? N\u00e4in syntyi hieno yhteisty\u00f6 Roald Raschnerin (http:\/\/www.rr-mupro.de) kanssa, joka loi musiikin joihinkin runoihin tavalla, jonka olisin itse tehnyt, jos olisin voinut. T\u00e4m\u00e4 on musiikkia kuuntelemiseen, ajatteluun, mukaan laulamiseen, tanssimiseen[\/vc_column_text][\/vc_column][\/vc_row][vc_row css=&#8221;.vc_custom_1728641582739{margin-bottom: 0px !important;padding-bottom: 0px !important;}&#8221;][vc_column width=&#8221;1\/3&#8243;][\/vc_column][vc_column width=&#8221;1\/3&#8243;][mk_button dimension=&#8221;two&#8221; size=&#8221;large&#8221; url=&#8221;\/fi\/cd\/&#8221; align=&#8221;center&#8221; fullwidth=&#8221;true&#8221; margin_right=&#8221;20&#8243; bg_color=&#8221;#1e73be&#8221;]CD[\/mk_button][\/vc_column][vc_column width=&#8221;1\/3&#8243;][\/vc_column][\/vc_row]\n","protected":false},"excerpt":{"rendered":"<p>[vc_row fullwidth=&#8221;true&#8221; fullwidth_content=&#8221;false&#8221; sidebar_id=&#8221;sidebar-15&#8243; el_id=&#8221;sprachen&#8221; title=&#8221;&#8221;][vc_column][vc_widget_sidebar sidebar_id=&#8221;sidebar-15&#8243; el_id=&#8221;sprachen&#8221;][\/vc_column][\/vc_row][vc_row css=&#8221;.vc_custom_1570191217337{margin-bottom: 40px !important;padding-top: 20px !important;}&#8221;][vc_column][vc_column_text css=&#8221;.vc_custom_1728642537737{margin-bottom: 0px !important;padding-bottom: 0px !important;}&#8221;]Nuoruudestani l\u00e4htien olen koettanut ymm\u00e4rt\u00e4\u00e4 el\u00e4m\u00e4ni tarkoitusta. Filosofina minua inspiroi einiten Sokrates, joka kehotti itsens\u00e4 tuntemiseen. H\u00e4nen ideoissaan n\u00e4en filosofian ja spiritualiteetin v\u00e4lisen yhteyden. Runoni kertovat t\u00e4st\u00e4 etsinn\u00e4st\u00e4. Niinp\u00e4 haluan kannustaa lukijoita tutkimaan omaa itse\u00e4\u00e4n. Se kannattaa! Kirjassani [&hellip;]<\/p>\n","protected":false},"author":2,"featured_media":0,"parent":0,"menu_order":3,"comment_status":"closed","ping_status":"closed","template":"","meta":[],"_links":{"self":[{"href":"https:\/\/www.poesie-italiane.de\/fi\/wp-json\/wp\/v2\/pages\/254\/"}],"collection":[{"href":"https:\/\/www.poesie-italiane.de\/fi\/wp-json\/wp\/v2\/pages\/"}],"about":[{"href":"https:\/\/www.poesie-italiane.de\/fi\/wp-json\/wp\/v2\/types\/page\/"}],"author":[{"embeddable":true,"href":"https:\/\/www.poesie-italiane.de\/fi\/wp-json\/wp\/v2\/users\/2\/"}],"replies":[{"embeddable":true,"href":"https:\/\/www.poesie-italiane.de\/fi\/wp-json\/wp\/v2\/comments\/?post=254"}],"version-history":[{"count":11,"href":"https:\/\/www.poesie-italiane.de\/fi\/wp-json\/wp\/v2\/pages\/254\/revisions\/"}],"predecessor-version":[{"id":1392,"href":"https:\/\/www.poesie-italiane.de\/fi\/wp-json\/wp\/v2\/pages\/254\/revisions\/1392\/"}],"wp:attachment":[{"href":"https:\/\/www.poesie-italiane.de\/fi\/wp-json\/wp\/v2\/media\/?parent=254"}],"curies":[{"name":"wp","href":"https:\/\/api.w.org\/{rel}","templated":true}]}}