{"id":429,"date":"2019-09-11T11:54:17","date_gmt":"2019-09-11T09:54:17","guid":{"rendered":"https:\/\/www.poesie-italiane.de\/?page_id=429"},"modified":"2022-09-29T08:53:09","modified_gmt":"2022-09-29T06:53:09","slug":"rakkaudesta-ja-onnesta","status":"publish","type":"page","link":"https:\/\/www.poesie-italiane.de\/fi\/runous\/rakkaudesta-ja-onnesta\/","title":{"rendered":"Rakkaudesta ja onnesta"},"content":{"rendered":"[vc_row sidebar_id=&#8221;sidebar-15&#8243; el_id=&#8221;sprachen&#8221; title=&#8221;&#8221;][vc_column][vc_widget_sidebar sidebar_id=&#8221;sidebar-15&#8243; el_id=&#8221;sprachen&#8221;][\/vc_column][\/vc_row][vc_row css=&#8221;.vc_custom_1570196771798{padding-top: 30px !important;}&#8221;][vc_column width=&#8221;1\/2&#8243;][vc_single_image image=&#8221;411&#8243; img_size=&#8221;252&#215;390&#8243; alignment=&#8221;center&#8221; style=&#8221;vc_box_shadow&#8221; onclick=&#8221;custom_link&#8221; img_link_target=&#8221;_blank&#8221; link=&#8221;https:\/\/www.amazon.de\/gp\/product\/3947989180\/&#8221;][mk_button dimension=&#8221;two&#8221; size=&#8221;medium&#8221; icon=&#8221;mk-jupiter-icon-simple-amazon&#8221; url=&#8221;https:\/\/www.amazon.de\/gp\/product\/3947989180\/&#8221; target=&#8221;_blank&#8221; nofollow=&#8221;true&#8221; align=&#8221;center&#8221; bg_color=&#8221;#efbc3b&#8221;]Bei Amazon kaufen[\/mk_button][\/vc_column][vc_column width=&#8221;1\/2&#8243;][vc_column_text css=&#8221;.vc_custom_1568195651875{margin-bottom: 0px !important;}&#8221;]\n<h3>Sielut<\/h3>\n<p>Olemme<br \/>\nhyvin l\u00e4hekk\u00e4in,<br \/>\nunohdamme<br \/>\najan,<br \/>\nkoemme hetken<br \/>\nikuisuutta<br \/>\njossa olemme<br \/>\ntiedostamatta<br \/>\nturvassa ja<br \/>\nymm\u00e4rr\u00e4mme,<br \/>\nett\u00e4 kehojemme<br \/>\nkosketus<br \/>\non vain ilmaus<br \/>\nsielujemme<br \/>\nkosketuksesta.<\/p>\n<h3>Pyhin hetki<\/h3>\n<p>Kenties<br \/>\nkaikkein pyhin hetki<br \/>\nel\u00e4m\u00e4ss\u00e4 on silloin<br \/>\nkun l\u00f6yd\u00e4mme<br \/>\nrakkauden ilman<br \/>\nehtoja.<br \/>\nSin\u00e4 hetken\u00e4<br \/>\nvoimme katkaista<br \/>\nennakkoluulojen<br \/>\nkahleet,<br \/>\nsin\u00e4 hetken\u00e4<br \/>\nkaatuvat muurit<br \/>\njotka n\u00e4yttiv\u00e4t<br \/>\nmeit\u00e4 suojaavan<br \/>\nja olemme vapaat<br \/>\ntekem\u00e4\u00e4n sen<br \/>\nmink\u00e4 sielumme<br \/>\naina tiesi.[\/vc_column_text][\/vc_column][\/vc_row]\n","protected":false},"excerpt":{"rendered":"<p>[vc_row sidebar_id=&#8221;sidebar-15&#8243; el_id=&#8221;sprachen&#8221; title=&#8221;&#8221;][vc_column][vc_widget_sidebar sidebar_id=&#8221;sidebar-15&#8243; el_id=&#8221;sprachen&#8221;][\/vc_column][\/vc_row][vc_row css=&#8221;.vc_custom_1570196771798{padding-top: 30px !important;}&#8221;][vc_column width=&#8221;1\/2&#8243;][vc_single_image image=&#8221;411&#8243; img_size=&#8221;252&#215;390&#8243; alignment=&#8221;center&#8221; style=&#8221;vc_box_shadow&#8221; onclick=&#8221;custom_link&#8221; img_link_target=&#8221;_blank&#8221; link=&#8221;https:\/\/www.amazon.de\/gp\/product\/3947989180\/&#8221;][mk_button dimension=&#8221;two&#8221; size=&#8221;medium&#8221; icon=&#8221;mk-jupiter-icon-simple-amazon&#8221; url=&#8221;https:\/\/www.amazon.de\/gp\/product\/3947989180\/&#8221; target=&#8221;_blank&#8221; nofollow=&#8221;true&#8221; align=&#8221;center&#8221; bg_color=&#8221;#efbc3b&#8221;]Bei Amazon kaufen[\/mk_button][\/vc_column][vc_column width=&#8221;1\/2&#8243;][vc_column_text css=&#8221;.vc_custom_1568195651875{margin-bottom: 0px !important;}&#8221;] Sielut Olemme hyvin l\u00e4hekk\u00e4in, unohdamme ajan, koemme hetken ikuisuutta jossa olemme tiedostamatta turvassa ja ymm\u00e4rr\u00e4mme, ett\u00e4 kehojemme kosketus on vain ilmaus sielujemme kosketuksesta. Pyhin [&hellip;]<\/p>\n","protected":false},"author":2,"featured_media":0,"parent":254,"menu_order":0,"comment_status":"closed","ping_status":"closed","template":"","meta":[],"_links":{"self":[{"href":"https:\/\/www.poesie-italiane.de\/fi\/wp-json\/wp\/v2\/pages\/429\/"}],"collection":[{"href":"https:\/\/www.poesie-italiane.de\/fi\/wp-json\/wp\/v2\/pages\/"}],"about":[{"href":"https:\/\/www.poesie-italiane.de\/fi\/wp-json\/wp\/v2\/types\/page\/"}],"author":[{"embeddable":true,"href":"https:\/\/www.poesie-italiane.de\/fi\/wp-json\/wp\/v2\/users\/2\/"}],"replies":[{"embeddable":true,"href":"https:\/\/www.poesie-italiane.de\/fi\/wp-json\/wp\/v2\/comments\/?post=429"}],"version-history":[{"count":5,"href":"https:\/\/www.poesie-italiane.de\/fi\/wp-json\/wp\/v2\/pages\/429\/revisions\/"}],"predecessor-version":[{"id":1208,"href":"https:\/\/www.poesie-italiane.de\/fi\/wp-json\/wp\/v2\/pages\/429\/revisions\/1208\/"}],"up":[{"embeddable":true,"href":"https:\/\/www.poesie-italiane.de\/fi\/wp-json\/wp\/v2\/pages\/254\/"}],"wp:attachment":[{"href":"https:\/\/www.poesie-italiane.de\/fi\/wp-json\/wp\/v2\/media\/?parent=429"}],"curies":[{"name":"wp","href":"https:\/\/api.w.org\/{rel}","templated":true}]}}