{"id":437,"date":"2019-09-11T11:59:50","date_gmt":"2019-09-11T09:59:50","guid":{"rendered":"https:\/\/www.poesie-italiane.de\/?page_id=437"},"modified":"2022-09-29T08:52:32","modified_gmt":"2022-09-29T06:52:32","slug":"sydaemen-aeaenestae","status":"publish","type":"page","link":"https:\/\/www.poesie-italiane.de\/fi\/runous\/sydaemen-aeaenestae\/","title":{"rendered":"Syd\u00e4men \u00e4\u00e4nest\u00e4"},"content":{"rendered":"[vc_row sidebar_id=&#8221;sidebar-15&#8243; el_id=&#8221;sprachen&#8221; title=&#8221;&#8221;][vc_column][vc_widget_sidebar sidebar_id=&#8221;sidebar-15&#8243; el_id=&#8221;sprachen&#8221;][\/vc_column][\/vc_row][vc_row css=&#8221;.vc_custom_1570196825678{padding-top: 30px !important;}&#8221;][vc_column width=&#8221;1\/2&#8243;][vc_single_image image=&#8221;411&#8243; img_size=&#8221;252&#215;390&#8243; alignment=&#8221;center&#8221; style=&#8221;vc_box_shadow&#8221; onclick=&#8221;custom_link&#8221; img_link_target=&#8221;_blank&#8221; link=&#8221;https:\/\/www.amazon.de\/gp\/product\/3947989180\/&#8221;][mk_button dimension=&#8221;two&#8221; size=&#8221;medium&#8221; icon=&#8221;mk-jupiter-icon-simple-amazon&#8221; url=&#8221;https:\/\/www.amazon.de\/gp\/product\/3947989180\/&#8221; target=&#8221;_blank&#8221; nofollow=&#8221;true&#8221; align=&#8221;center&#8221; bg_color=&#8221;#efbc3b&#8221;]Bei Amazon kaufen[\/mk_button][\/vc_column][vc_column width=&#8221;1\/2&#8243;][vc_column_text css=&#8221;.vc_custom_1568195986485{margin-bottom: 0px !important;}&#8221;]\n<h3>Syd\u00e4n<\/h3>\n<p>Sanoit<br \/>\nett\u00e4 runoni<br \/>\nkoskettavat syd\u00e4nt\u00e4si.<br \/>\nMit\u00e4 toivoisin enemp\u00e4\u00e4?<br \/>\nSe, mit\u00e4 tunnet,<br \/>\nsuo minulle rohkeutta<br \/>\nantaa parastani<br \/>\nsyd\u00e4mest\u00e4ni,<br \/>\nei j\u00e4rjell\u00e4ni.<br \/>\nEi mit\u00e4\u00e4n j\u00e4rke\u00e4 vastaan,<br \/>\nse on ankara tutkija,<br \/>\nmutta syd\u00e4n on<br \/>\ntodellisuudessa luoja.<\/p>\n<h3>Sattuma<\/h3>\n<p>Mik\u00e4\u00e4n siit\u00e4,<br \/>\nmit\u00e4 tapahtuu<br \/>\nei ole ilman<br \/>\nmerkityst\u00e4.<br \/>\nSuurin<br \/>\nerehdys on<br \/>\nidea<br \/>\nsattumasta,<br \/>\nsill\u00e4<br \/>\nkaikki<br \/>\nmik\u00e4 tapahtuu<br \/>\non jo ennakoitu<br \/>\nsielussamme.[\/vc_column_text][\/vc_column][\/vc_row]\n","protected":false},"excerpt":{"rendered":"<p>[vc_row sidebar_id=&#8221;sidebar-15&#8243; el_id=&#8221;sprachen&#8221; title=&#8221;&#8221;][vc_column][vc_widget_sidebar sidebar_id=&#8221;sidebar-15&#8243; el_id=&#8221;sprachen&#8221;][\/vc_column][\/vc_row][vc_row css=&#8221;.vc_custom_1570196825678{padding-top: 30px !important;}&#8221;][vc_column width=&#8221;1\/2&#8243;][vc_single_image image=&#8221;411&#8243; img_size=&#8221;252&#215;390&#8243; alignment=&#8221;center&#8221; style=&#8221;vc_box_shadow&#8221; onclick=&#8221;custom_link&#8221; img_link_target=&#8221;_blank&#8221; link=&#8221;https:\/\/www.amazon.de\/gp\/product\/3947989180\/&#8221;][mk_button dimension=&#8221;two&#8221; size=&#8221;medium&#8221; icon=&#8221;mk-jupiter-icon-simple-amazon&#8221; url=&#8221;https:\/\/www.amazon.de\/gp\/product\/3947989180\/&#8221; target=&#8221;_blank&#8221; nofollow=&#8221;true&#8221; align=&#8221;center&#8221; bg_color=&#8221;#efbc3b&#8221;]Bei Amazon kaufen[\/mk_button][\/vc_column][vc_column width=&#8221;1\/2&#8243;][vc_column_text css=&#8221;.vc_custom_1568195986485{margin-bottom: 0px !important;}&#8221;] Syd\u00e4n Sanoit ett\u00e4 runoni koskettavat syd\u00e4nt\u00e4si. Mit\u00e4 toivoisin enemp\u00e4\u00e4? Se, mit\u00e4 tunnet, suo minulle rohkeutta antaa parastani syd\u00e4mest\u00e4ni, ei j\u00e4rjell\u00e4ni. Ei mit\u00e4\u00e4n j\u00e4rke\u00e4 vastaan, [&hellip;]<\/p>\n","protected":false},"author":2,"featured_media":0,"parent":254,"menu_order":0,"comment_status":"closed","ping_status":"closed","template":"","meta":[],"_links":{"self":[{"href":"https:\/\/www.poesie-italiane.de\/fi\/wp-json\/wp\/v2\/pages\/437\/"}],"collection":[{"href":"https:\/\/www.poesie-italiane.de\/fi\/wp-json\/wp\/v2\/pages\/"}],"about":[{"href":"https:\/\/www.poesie-italiane.de\/fi\/wp-json\/wp\/v2\/types\/page\/"}],"author":[{"embeddable":true,"href":"https:\/\/www.poesie-italiane.de\/fi\/wp-json\/wp\/v2\/users\/2\/"}],"replies":[{"embeddable":true,"href":"https:\/\/www.poesie-italiane.de\/fi\/wp-json\/wp\/v2\/comments\/?post=437"}],"version-history":[{"count":6,"href":"https:\/\/www.poesie-italiane.de\/fi\/wp-json\/wp\/v2\/pages\/437\/revisions\/"}],"predecessor-version":[{"id":1206,"href":"https:\/\/www.poesie-italiane.de\/fi\/wp-json\/wp\/v2\/pages\/437\/revisions\/1206\/"}],"up":[{"embeddable":true,"href":"https:\/\/www.poesie-italiane.de\/fi\/wp-json\/wp\/v2\/pages\/254\/"}],"wp:attachment":[{"href":"https:\/\/www.poesie-italiane.de\/fi\/wp-json\/wp\/v2\/media\/?parent=437"}],"curies":[{"name":"wp","href":"https:\/\/api.w.org\/{rel}","templated":true}]}}