{"id":453,"date":"2019-09-11T12:08:57","date_gmt":"2019-09-11T10:08:57","guid":{"rendered":"https:\/\/www.poesie-italiane.de\/?page_id=453"},"modified":"2022-09-29T08:52:16","modified_gmt":"2022-09-29T06:52:16","slug":"laehteestae","status":"publish","type":"page","link":"https:\/\/www.poesie-italiane.de\/fi\/runous\/laehteestae\/","title":{"rendered":"L\u00e4hteest\u00e4"},"content":{"rendered":"[vc_row sidebar_id=&#8221;sidebar-15&#8243; el_id=&#8221;sprachen&#8221; title=&#8221;&#8221;][vc_column][vc_widget_sidebar sidebar_id=&#8221;sidebar-15&#8243; el_id=&#8221;sprachen&#8221;][\/vc_column][\/vc_row][vc_row css=&#8221;.vc_custom_1570196702434{padding-top: 30px !important;}&#8221;][vc_column width=&#8221;1\/2&#8243;][vc_single_image image=&#8221;411&#8243; img_size=&#8221;252&#215;390&#8243; alignment=&#8221;center&#8221; style=&#8221;vc_box_shadow&#8221; onclick=&#8221;custom_link&#8221; img_link_target=&#8221;_blank&#8221; link=&#8221;https:\/\/www.amazon.de\/gp\/product\/3947989180\/&#8221;][mk_button dimension=&#8221;two&#8221; size=&#8221;medium&#8221; icon=&#8221;mk-jupiter-icon-simple-amazon&#8221; url=&#8221;https:\/\/www.amazon.de\/gp\/product\/3947989180\/&#8221; target=&#8221;_blank&#8221; nofollow=&#8221;true&#8221; align=&#8221;center&#8221; bg_color=&#8221;#efbc3b&#8221;]Bei Amazon kaufen[\/mk_button][\/vc_column][vc_column width=&#8221;1\/2&#8243;][vc_column_text css=&#8221;.vc_custom_1568196532534{margin-bottom: 0px !important;}&#8221;]\n<h3>L\u00e4hde<\/h3>\n<p>\u2018Runoutesi tulee<br \/>\nsyd\u00e4mest\u00e4 ja<br \/>\nhetkess\u00e4 osuu<br \/>\nsuoraan omaani.\u2019<br \/>\nKaunis kohteliaisuus.<br \/>\nMutta kuinka<br \/>\nmin\u00e4 kirjoitan?<br \/>\nTunnenko,<br \/>\npohdinko,<br \/>\nluonko?<br \/>\nEn n\u00e4in usko.<br \/>\nAmmennan vain<br \/>\navoimin syd\u00e4min<br \/>\nsuuresta l\u00e4hteest\u00e4.<\/p>\n<h3>Hetki\u00e4<\/h3>\n<p>Koemme hetki\u00e4,<br \/>\njoilla on<br \/>\nikuinen merkitys.<br \/>\nNe ovat<br \/>\nsalamoita<br \/>\nkirkkaina<br \/>\ntaivaalla,<br \/>\njyrin\u00e4\u00e4 joka<br \/>\nsaa maan<br \/>\nvapisemaan,<br \/>\nhetki\u00e4 jotka<br \/>\nantavat suunnan<br \/>\nja saavat meid\u00e4t<br \/>\nn\u00e4kem\u00e4\u00e4n<br \/>\noman tiemme.[\/vc_column_text][\/vc_column][\/vc_row]\n","protected":false},"excerpt":{"rendered":"<p>[vc_row sidebar_id=&#8221;sidebar-15&#8243; el_id=&#8221;sprachen&#8221; title=&#8221;&#8221;][vc_column][vc_widget_sidebar sidebar_id=&#8221;sidebar-15&#8243; el_id=&#8221;sprachen&#8221;][\/vc_column][\/vc_row][vc_row css=&#8221;.vc_custom_1570196702434{padding-top: 30px !important;}&#8221;][vc_column width=&#8221;1\/2&#8243;][vc_single_image image=&#8221;411&#8243; img_size=&#8221;252&#215;390&#8243; alignment=&#8221;center&#8221; style=&#8221;vc_box_shadow&#8221; onclick=&#8221;custom_link&#8221; img_link_target=&#8221;_blank&#8221; link=&#8221;https:\/\/www.amazon.de\/gp\/product\/3947989180\/&#8221;][mk_button dimension=&#8221;two&#8221; size=&#8221;medium&#8221; icon=&#8221;mk-jupiter-icon-simple-amazon&#8221; url=&#8221;https:\/\/www.amazon.de\/gp\/product\/3947989180\/&#8221; target=&#8221;_blank&#8221; nofollow=&#8221;true&#8221; align=&#8221;center&#8221; bg_color=&#8221;#efbc3b&#8221;]Bei Amazon kaufen[\/mk_button][\/vc_column][vc_column width=&#8221;1\/2&#8243;][vc_column_text css=&#8221;.vc_custom_1568196532534{margin-bottom: 0px !important;}&#8221;] L\u00e4hde \u2018Runoutesi tulee syd\u00e4mest\u00e4 ja hetkess\u00e4 osuu suoraan omaani.\u2019 Kaunis kohteliaisuus. Mutta kuinka min\u00e4 kirjoitan? Tunnenko, pohdinko, luonko? En n\u00e4in usko. Ammennan vain avoimin [&hellip;]<\/p>\n","protected":false},"author":2,"featured_media":0,"parent":254,"menu_order":0,"comment_status":"closed","ping_status":"closed","template":"","meta":[],"_links":{"self":[{"href":"https:\/\/www.poesie-italiane.de\/fi\/wp-json\/wp\/v2\/pages\/453\/"}],"collection":[{"href":"https:\/\/www.poesie-italiane.de\/fi\/wp-json\/wp\/v2\/pages\/"}],"about":[{"href":"https:\/\/www.poesie-italiane.de\/fi\/wp-json\/wp\/v2\/types\/page\/"}],"author":[{"embeddable":true,"href":"https:\/\/www.poesie-italiane.de\/fi\/wp-json\/wp\/v2\/users\/2\/"}],"replies":[{"embeddable":true,"href":"https:\/\/www.poesie-italiane.de\/fi\/wp-json\/wp\/v2\/comments\/?post=453"}],"version-history":[{"count":6,"href":"https:\/\/www.poesie-italiane.de\/fi\/wp-json\/wp\/v2\/pages\/453\/revisions\/"}],"predecessor-version":[{"id":1205,"href":"https:\/\/www.poesie-italiane.de\/fi\/wp-json\/wp\/v2\/pages\/453\/revisions\/1205\/"}],"up":[{"embeddable":true,"href":"https:\/\/www.poesie-italiane.de\/fi\/wp-json\/wp\/v2\/pages\/254\/"}],"wp:attachment":[{"href":"https:\/\/www.poesie-italiane.de\/fi\/wp-json\/wp\/v2\/media\/?parent=453"}],"curies":[{"name":"wp","href":"https:\/\/api.w.org\/{rel}","templated":true}]}}