{"id":465,"date":"2019-09-11T12:40:50","date_gmt":"2019-09-11T10:40:50","guid":{"rendered":"https:\/\/www.poesie-italiane.de\/?page_id=465"},"modified":"2022-09-29T08:51:56","modified_gmt":"2022-09-29T06:51:56","slug":"sinusta-ja-merestae","status":"publish","type":"page","link":"https:\/\/www.poesie-italiane.de\/fi\/runous\/sinusta-ja-merestae\/","title":{"rendered":"Sinusta ja merest\u00e4"},"content":{"rendered":"[vc_row sidebar_id=&#8221;sidebar-15&#8243; el_id=&#8221;sprachen&#8221; title=&#8221;&#8221;][vc_column][vc_widget_sidebar sidebar_id=&#8221;sidebar-15&#8243; el_id=&#8221;sprachen&#8221;][\/vc_column][\/vc_row][vc_row css=&#8221;.vc_custom_1570196806231{padding-top: 30px !important;}&#8221;][vc_column width=&#8221;1\/2&#8243;][vc_single_image image=&#8221;411&#8243; img_size=&#8221;252&#215;390&#8243; alignment=&#8221;center&#8221; style=&#8221;vc_box_shadow&#8221; onclick=&#8221;custom_link&#8221; img_link_target=&#8221;_blank&#8221; link=&#8221;https:\/\/www.amazon.de\/gp\/product\/3947989180\/&#8221;][mk_button dimension=&#8221;two&#8221; size=&#8221;medium&#8221; icon=&#8221;mk-jupiter-icon-simple-amazon&#8221; url=&#8221;https:\/\/www.amazon.de\/gp\/product\/3947989180\/&#8221; target=&#8221;_blank&#8221; nofollow=&#8221;true&#8221; align=&#8221;center&#8221; bg_color=&#8221;#efbc3b&#8221;]Bei Amazon kaufen[\/mk_button][\/vc_column][vc_column width=&#8221;1\/2&#8243;][vc_column_text css=&#8221;.vc_custom_1568198446164{margin-bottom: 0px !important;}&#8221;]\n<h3>Aaltojen laulu<\/h3>\n<p>\u2018Olen meri<br \/>\nymp\u00e4r\u00f6in sinut<br \/>\naisteillani<br \/>\ntunnen sinut<br \/>\nkun uppoat<br \/>\nsiniseen veteen.<br \/>\nAaltojen laulu<br \/>\non minun \u00e4\u00e4neni.<br \/>\nKuuletko?<br \/>\nOle tarkkana!<br \/>\nViel\u00e4 se on vaimea kutsu,<br \/>\nmutta er\u00e4\u00e4n\u00e4 p\u00e4iv\u00e4n\u00e4<br \/>\ntulet oleman onnellinen<br \/>\nkun kuulet minut<br \/>\nselv\u00e4sti.\u2019<\/p>\n<h3>Hiekkaan kirjoitettu<\/h3>\n<p>Seisoin<br \/>\nrannalla<br \/>\nihailin<br \/>\naaltojen<br \/>\nleikki\u00e4.<br \/>\nKirjoitin<br \/>\nnimesi<br \/>\nhiekkaan,<br \/>\nvesi huuhtoi<br \/>\nsen pois<br \/>\nja kirjasi sen<br \/>\nikuiseen<br \/>\nmuistiinsa.[\/vc_column_text][\/vc_column][\/vc_row]\n","protected":false},"excerpt":{"rendered":"<p>[vc_row sidebar_id=&#8221;sidebar-15&#8243; el_id=&#8221;sprachen&#8221; title=&#8221;&#8221;][vc_column][vc_widget_sidebar sidebar_id=&#8221;sidebar-15&#8243; el_id=&#8221;sprachen&#8221;][\/vc_column][\/vc_row][vc_row css=&#8221;.vc_custom_1570196806231{padding-top: 30px !important;}&#8221;][vc_column width=&#8221;1\/2&#8243;][vc_single_image image=&#8221;411&#8243; img_size=&#8221;252&#215;390&#8243; alignment=&#8221;center&#8221; style=&#8221;vc_box_shadow&#8221; onclick=&#8221;custom_link&#8221; img_link_target=&#8221;_blank&#8221; link=&#8221;https:\/\/www.amazon.de\/gp\/product\/3947989180\/&#8221;][mk_button dimension=&#8221;two&#8221; size=&#8221;medium&#8221; icon=&#8221;mk-jupiter-icon-simple-amazon&#8221; url=&#8221;https:\/\/www.amazon.de\/gp\/product\/3947989180\/&#8221; target=&#8221;_blank&#8221; nofollow=&#8221;true&#8221; align=&#8221;center&#8221; bg_color=&#8221;#efbc3b&#8221;]Bei Amazon kaufen[\/mk_button][\/vc_column][vc_column width=&#8221;1\/2&#8243;][vc_column_text css=&#8221;.vc_custom_1568198446164{margin-bottom: 0px !important;}&#8221;] Aaltojen laulu \u2018Olen meri ymp\u00e4r\u00f6in sinut aisteillani tunnen sinut kun uppoat siniseen veteen. Aaltojen laulu on minun \u00e4\u00e4neni. Kuuletko? Ole tarkkana! Viel\u00e4 se on [&hellip;]<\/p>\n","protected":false},"author":2,"featured_media":0,"parent":254,"menu_order":0,"comment_status":"closed","ping_status":"closed","template":"","meta":[],"_links":{"self":[{"href":"https:\/\/www.poesie-italiane.de\/fi\/wp-json\/wp\/v2\/pages\/465\/"}],"collection":[{"href":"https:\/\/www.poesie-italiane.de\/fi\/wp-json\/wp\/v2\/pages\/"}],"about":[{"href":"https:\/\/www.poesie-italiane.de\/fi\/wp-json\/wp\/v2\/types\/page\/"}],"author":[{"embeddable":true,"href":"https:\/\/www.poesie-italiane.de\/fi\/wp-json\/wp\/v2\/users\/2\/"}],"replies":[{"embeddable":true,"href":"https:\/\/www.poesie-italiane.de\/fi\/wp-json\/wp\/v2\/comments\/?post=465"}],"version-history":[{"count":5,"href":"https:\/\/www.poesie-italiane.de\/fi\/wp-json\/wp\/v2\/pages\/465\/revisions\/"}],"predecessor-version":[{"id":1204,"href":"https:\/\/www.poesie-italiane.de\/fi\/wp-json\/wp\/v2\/pages\/465\/revisions\/1204\/"}],"up":[{"embeddable":true,"href":"https:\/\/www.poesie-italiane.de\/fi\/wp-json\/wp\/v2\/pages\/254\/"}],"wp:attachment":[{"href":"https:\/\/www.poesie-italiane.de\/fi\/wp-json\/wp\/v2\/media\/?parent=465"}],"curies":[{"name":"wp","href":"https:\/\/api.w.org\/{rel}","templated":true}]}}