{"id":484,"date":"2019-09-11T12:53:02","date_gmt":"2019-09-11T10:53:02","guid":{"rendered":"https:\/\/www.poesie-italiane.de\/?page_id=484"},"modified":"2022-09-29T08:51:38","modified_gmt":"2022-09-29T06:51:38","slug":"elaemaestae-ja-kuolemasta","status":"publish","type":"page","link":"https:\/\/www.poesie-italiane.de\/fi\/runous\/elaemaestae-ja-kuolemasta\/","title":{"rendered":"El\u00e4m\u00e4st\u00e4 ja kuolemasta"},"content":{"rendered":"[vc_row sidebar_id=&#8221;sidebar-15&#8243; el_id=&#8221;sprachen&#8221; title=&#8221;&#8221;][vc_column][vc_widget_sidebar sidebar_id=&#8221;sidebar-15&#8243; el_id=&#8221;sprachen&#8221;][\/vc_column][\/vc_row][vc_row css=&#8221;.vc_custom_1570196680153{padding-top: 30px !important;}&#8221;][vc_column width=&#8221;1\/2&#8243;][vc_single_image image=&#8221;411&#8243; img_size=&#8221;252&#215;390&#8243; alignment=&#8221;center&#8221; style=&#8221;vc_box_shadow&#8221; onclick=&#8221;custom_link&#8221; img_link_target=&#8221;_blank&#8221; link=&#8221;https:\/\/www.amazon.de\/gp\/product\/3947989180\/&#8221;][mk_button dimension=&#8221;two&#8221; size=&#8221;medium&#8221; icon=&#8221;mk-jupiter-icon-simple-amazon&#8221; url=&#8221;https:\/\/www.amazon.de\/gp\/product\/3947989180\/&#8221; target=&#8221;_blank&#8221; nofollow=&#8221;true&#8221; align=&#8221;center&#8221; bg_color=&#8221;#efbc3b&#8221;]Bei Amazon kaufen[\/mk_button][\/vc_column][vc_column width=&#8221;1\/2&#8243;][vc_column_text css=&#8221;.vc_custom_1568199177251{margin-bottom: 0px !important;}&#8221;]\n<h3>Kaikki<\/h3>\n<p>Ikuinen min\u00e4<br \/>\ntuntee kaikki tarinat<br \/>\njokaisesta el\u00e4m\u00e4st\u00e4,<br \/>\njonka elin.<br \/>\nSen, mit\u00e4 n\u00e4in,<br \/>\ntunsin,<br \/>\ntiesin<br \/>\non tallennettu<br \/>\nsieluuni.<br \/>\nSiell\u00e4 on aarre,<br \/>\njoka sallii<br \/>\nminun seurata<br \/>\nomia j\u00e4lki\u00e4ni.<\/p>\n<h3>Kun taivas on avoinna<\/h3>\n<p>Miksi pyyt\u00e4\u00e4 vain<br \/>\nosasta<br \/>\njos kaikki on<br \/>\nmahdollista?<br \/>\nMiksi rajoittaa<br \/>\ntavoitteita<br \/>\njos rajoja<br \/>\nei ole?<br \/>\nMiksi sitoa<br \/>\nitsens\u00e4 maahan<br \/>\nkun taivas<br \/>\non avoinna?[\/vc_column_text][\/vc_column][\/vc_row]\n","protected":false},"excerpt":{"rendered":"<p>[vc_row sidebar_id=&#8221;sidebar-15&#8243; el_id=&#8221;sprachen&#8221; title=&#8221;&#8221;][vc_column][vc_widget_sidebar sidebar_id=&#8221;sidebar-15&#8243; el_id=&#8221;sprachen&#8221;][\/vc_column][\/vc_row][vc_row css=&#8221;.vc_custom_1570196680153{padding-top: 30px !important;}&#8221;][vc_column width=&#8221;1\/2&#8243;][vc_single_image image=&#8221;411&#8243; img_size=&#8221;252&#215;390&#8243; alignment=&#8221;center&#8221; style=&#8221;vc_box_shadow&#8221; onclick=&#8221;custom_link&#8221; img_link_target=&#8221;_blank&#8221; link=&#8221;https:\/\/www.amazon.de\/gp\/product\/3947989180\/&#8221;][mk_button dimension=&#8221;two&#8221; size=&#8221;medium&#8221; icon=&#8221;mk-jupiter-icon-simple-amazon&#8221; url=&#8221;https:\/\/www.amazon.de\/gp\/product\/3947989180\/&#8221; target=&#8221;_blank&#8221; nofollow=&#8221;true&#8221; align=&#8221;center&#8221; bg_color=&#8221;#efbc3b&#8221;]Bei Amazon kaufen[\/mk_button][\/vc_column][vc_column width=&#8221;1\/2&#8243;][vc_column_text css=&#8221;.vc_custom_1568199177251{margin-bottom: 0px !important;}&#8221;] Kaikki Ikuinen min\u00e4 tuntee kaikki tarinat jokaisesta el\u00e4m\u00e4st\u00e4, jonka elin. Sen, mit\u00e4 n\u00e4in, tunsin, tiesin on tallennettu sieluuni. Siell\u00e4 on aarre, joka sallii minun [&hellip;]<\/p>\n","protected":false},"author":2,"featured_media":0,"parent":254,"menu_order":0,"comment_status":"closed","ping_status":"closed","template":"","meta":[],"_links":{"self":[{"href":"https:\/\/www.poesie-italiane.de\/fi\/wp-json\/wp\/v2\/pages\/484\/"}],"collection":[{"href":"https:\/\/www.poesie-italiane.de\/fi\/wp-json\/wp\/v2\/pages\/"}],"about":[{"href":"https:\/\/www.poesie-italiane.de\/fi\/wp-json\/wp\/v2\/types\/page\/"}],"author":[{"embeddable":true,"href":"https:\/\/www.poesie-italiane.de\/fi\/wp-json\/wp\/v2\/users\/2\/"}],"replies":[{"embeddable":true,"href":"https:\/\/www.poesie-italiane.de\/fi\/wp-json\/wp\/v2\/comments\/?post=484"}],"version-history":[{"count":5,"href":"https:\/\/www.poesie-italiane.de\/fi\/wp-json\/wp\/v2\/pages\/484\/revisions\/"}],"predecessor-version":[{"id":1203,"href":"https:\/\/www.poesie-italiane.de\/fi\/wp-json\/wp\/v2\/pages\/484\/revisions\/1203\/"}],"up":[{"embeddable":true,"href":"https:\/\/www.poesie-italiane.de\/fi\/wp-json\/wp\/v2\/pages\/254\/"}],"wp:attachment":[{"href":"https:\/\/www.poesie-italiane.de\/fi\/wp-json\/wp\/v2\/media\/?parent=484"}],"curies":[{"name":"wp","href":"https:\/\/api.w.org\/{rel}","templated":true}]}}