{"id":146,"date":"2019-09-04T12:14:19","date_gmt":"2019-09-04T10:14:19","guid":{"rendered":"https:\/\/www.poesie-italiane.de\/poesie\/"},"modified":"2024-10-11T12:41:03","modified_gmt":"2024-10-11T10:41:03","slug":"gedichte","status":"publish","type":"page","link":"https:\/\/www.poesie-italiane.de\/it\/","title":{"rendered":"Poesia"},"content":{"rendered":"[vc_row fullwidth=&#8221;true&#8221; fullwidth_content=&#8221;false&#8221; sidebar_id=&#8221;sidebar-15&#8243; el_id=&#8221;sprachen&#8221; title=&#8221;&#8221;][vc_column][vc_widget_sidebar sidebar_id=&#8221;sidebar-15&#8243; el_id=&#8221;sprachen&#8221;][\/vc_column][\/vc_row][vc_row css=&#8221;.vc_custom_1570191217337{margin-bottom: 40px !important;padding-top: 20px !important;}&#8221;][vc_column][vc_column_text css=&#8221;.vc_custom_1728643257666{margin-bottom: 0px !important;padding-bottom: 0px !important;}&#8221;]Dalla mia giovent\u00f9 ho cercato di capire il senso della mia vita. Socrate fu il filosofo che mi ispir\u00f2 di pi\u00f9 con la sua chiamata a riconoscersi. Nelle sue idee vedo una connessione tra filosofia e spiritualit\u00e0. Le mie poesie raccontano di questa ricerca. Cos\u00ec voglio incoraggiare i miei lettori a esplorare il proprio io. Ne vale la pena!<\/p>\n<p>Il mio libro contiene una selezione di poesie su otto temi: della gioia, dell\u2019amore e della felicit\u00e0, delle gatte, della voce del cuore, della fonte, del mare, del vivere e del morire \u00a0dal proprio punto di vista.[\/vc_column_text][\/vc_column][\/vc_row][vc_row css=&#8221;.vc_custom_1728641582739{margin-bottom: 0px !important;padding-bottom: 0px !important;}&#8221;][vc_column width=&#8221;1\/3&#8243;][\/vc_column][vc_column width=&#8221;1\/3&#8243;][mk_button dimension=&#8221;two&#8221; size=&#8221;large&#8221; url=&#8221;\/buch\/&#8221; align=&#8221;center&#8221; fullwidth=&#8221;true&#8221; margin_right=&#8221;20&#8243; bg_color=&#8221;#1e73be&#8221;]LIBRO[\/mk_button][\/vc_column][vc_column width=&#8221;1\/3&#8243;][\/vc_column][\/vc_row][vc_row css=&#8221;.vc_custom_1570191217337{margin-bottom: 40px !important;padding-top: 20px !important;}&#8221;][vc_column][vc_column_text css=&#8221;.vc_custom_1728643019837{margin-bottom: 0px !important;padding-bottom: 0px !important;}&#8221;]Cosa c&#8217;\u00e8 di meglio di quando le cose si espandono, quando si segue la voce del cuore? Cos\u00ec \u00e8 nata la meravigliosa collaborazione con Roald Raschner (http:\/\/www.rr-mupro.de), che ha creato la musica per alcune delle mie poesie nel modo cos\u00ec come l&#8217;avrei fatto io, se ne fossi stato capace. Questa \u00e8 musica da ascoltare, da pensare, da cantare e da ballare[\/vc_column_text][\/vc_column][\/vc_row][vc_row css=&#8221;.vc_custom_1728641582739{margin-bottom: 0px !important;padding-bottom: 0px !important;}&#8221;][vc_column width=&#8221;1\/3&#8243;][\/vc_column][vc_column width=&#8221;1\/3&#8243;][mk_button dimension=&#8221;two&#8221; size=&#8221;large&#8221; url=&#8221;\/buch\/&#8221; align=&#8221;center&#8221; fullwidth=&#8221;true&#8221; margin_right=&#8221;20&#8243; bg_color=&#8221;#1e73be&#8221;]CD[\/mk_button][\/vc_column][vc_column width=&#8221;1\/3&#8243;][\/vc_column][\/vc_row]\n","protected":false},"excerpt":{"rendered":"<p>[vc_row fullwidth=&#8221;true&#8221; fullwidth_content=&#8221;false&#8221; sidebar_id=&#8221;sidebar-15&#8243; el_id=&#8221;sprachen&#8221; title=&#8221;&#8221;][vc_column][vc_widget_sidebar sidebar_id=&#8221;sidebar-15&#8243; el_id=&#8221;sprachen&#8221;][\/vc_column][\/vc_row][vc_row css=&#8221;.vc_custom_1570191217337{margin-bottom: 40px !important;padding-top: 20px !important;}&#8221;][vc_column][vc_column_text css=&#8221;.vc_custom_1728643257666{margin-bottom: 0px !important;padding-bottom: 0px !important;}&#8221;]Dalla mia giovent\u00f9 ho cercato di capire il senso della mia vita. Socrate fu il filosofo che mi ispir\u00f2 di pi\u00f9 con la sua chiamata a riconoscersi. Nelle sue idee vedo una connessione tra filosofia e spiritualit\u00e0. Le [&hellip;]<\/p>\n","protected":false},"author":2,"featured_media":0,"parent":0,"menu_order":3,"comment_status":"closed","ping_status":"closed","template":"","meta":[],"_links":{"self":[{"href":"https:\/\/www.poesie-italiane.de\/it\/wp-json\/wp\/v2\/pages\/146\/"}],"collection":[{"href":"https:\/\/www.poesie-italiane.de\/it\/wp-json\/wp\/v2\/pages\/"}],"about":[{"href":"https:\/\/www.poesie-italiane.de\/it\/wp-json\/wp\/v2\/types\/page\/"}],"author":[{"embeddable":true,"href":"https:\/\/www.poesie-italiane.de\/it\/wp-json\/wp\/v2\/users\/2\/"}],"replies":[{"embeddable":true,"href":"https:\/\/www.poesie-italiane.de\/it\/wp-json\/wp\/v2\/comments\/?post=146"}],"version-history":[{"count":12,"href":"https:\/\/www.poesie-italiane.de\/it\/wp-json\/wp\/v2\/pages\/146\/revisions\/"}],"predecessor-version":[{"id":1396,"href":"https:\/\/www.poesie-italiane.de\/it\/wp-json\/wp\/v2\/pages\/146\/revisions\/1396\/"}],"wp:attachment":[{"href":"https:\/\/www.poesie-italiane.de\/it\/wp-json\/wp\/v2\/media\/?parent=146"}],"curies":[{"name":"wp","href":"https:\/\/api.w.org\/{rel}","templated":true}]}}