{"id":1247,"date":"2024-04-24T15:53:43","date_gmt":"2024-04-24T13:53:43","guid":{"rendered":"https:\/\/www.poesie-italiane.de\/?page_id=1247"},"modified":"2024-10-11T13:47:58","modified_gmt":"2024-10-11T11:47:58","slug":"buch","status":"publish","type":"page","link":"https:\/\/www.poesie-italiane.de\/pt-pt\/buch\/","title":{"rendered":"Buch"},"content":{"rendered":"[vc_row][vc_column][vc_widget_sidebar sidebar_id=&#8221;sidebar-15&#8243; el_id=&#8221;sprachen&#8221;][\/vc_column][\/vc_row][vc_row css=&#8221;.vc_custom_1713599604741{padding-top: 70px !important;padding-bottom: 25px !important;}&#8221;][vc_column width=&#8221;1\/6&#8243;][\/vc_column][vc_column width=&#8221;2\/6&#8243;][vc_column_text css=&#8221;.vc_custom_1728647264733{margin-bottom: 0px !important;}&#8221;]\n<h3>Invece di sognare<\/h3>\n<p>\u00c8 saggio godere<br \/>\nla bellezza<br \/>\ndei fiori ai lati<br \/>\ndella strada<br \/>\ninvece di sognare<br \/>\nla meraviglia<br \/>\ndella prossima<br \/>\nprimavera.<br \/>\nMa quando<br \/>\nsar\u00e0 venuta,<br \/>\nsar\u00e0 arrivato<br \/>\nl\u2019attimo giusto<br \/>\nper godere<br \/>\ni fiori che<br \/>\nfioriranno.[\/vc_column_text][\/vc_column][vc_column width=&#8221;2\/6&#8243;][vc_column_text css=&#8221;.vc_custom_1713966569265{margin-bottom: 0px !important;}&#8221;]\n<h3>Em vez de sonhar<\/h3>\n<p>\u00c9 s\u00e1bio gozar<br \/>\nda beleza<br \/>\ndas flores<br \/>\nna beira<br \/>\nda estrada<br \/>\nem vez de sonhar<br \/>\ncom o milagre<br \/>\nda pr\u00f3xima<br \/>\nprimavera.<br \/>\nMas<br \/>\nquando chega,<br \/>\n\u00e9 o momento certo<br \/>\ngozar<br \/>\ndas flores<br \/>\nque desabrocham.[\/vc_column_text][\/vc_column][vc_column width=&#8221;1\/6&#8243;][\/vc_column][\/vc_row][vc_row css=&#8221;.vc_custom_1713599615363{padding-top: 25px !important;padding-bottom: 25px !important;}&#8221;][vc_column width=&#8221;1\/6&#8243;][\/vc_column][vc_column width=&#8221;2\/6&#8243;][vc_column_text css=&#8221;.vc_custom_1727336851855{margin-bottom: 0px !important;}&#8221;]\n<h3>Una vita felice<\/h3>\n<p>Se ci ripenso<br \/>\n\u00e8 stata la mia vita<br \/>\nsempre felice,<br \/>\nnon mi sono sentito<br \/>\nmai abbandonato,<br \/>\nal contrario<br \/>\nsempre portato<br \/>\nda un\u2019energia celeste<br \/>\nche mi incoraggiava:<br \/>\n\u2018Credi<br \/>\nnella grande fonte,<br \/>\nfidati di quello<br \/>\nche porti in te<br \/>\ne non dimenticare<br \/>\nmai quelli che<br \/>\nti vogliono bene!\u2019[\/vc_column_text][\/vc_column][vc_column width=&#8221;2\/6&#8243;][vc_column_text css=&#8221;.vc_custom_1713966583856{margin-bottom: 0px !important;}&#8221;]\n<h3>Uma vida feliz<\/h3>\n<p>Relembrando<br \/>\na minha vida<br \/>\nsempre fui feliz,<br \/>\nnunca me senti<br \/>\nabandonado,<br \/>\nao contr\u00e1rio,<br \/>\nsempre carregado<br \/>\nde uma energia celestial<br \/>\nque me encorajava:<br \/>\n\u2018Tenha f\u00e9<br \/>\nna grande fonte,<br \/>\nconfie<br \/>\nno que est\u00e1<br \/>\ndentro de voc\u00ea<br \/>\ne nunca se esque\u00e7a<br \/>\nde quem gosta de voc\u00ea!\u2019[\/vc_column_text][\/vc_column][vc_column width=&#8221;1\/6&#8243;][\/vc_column][\/vc_row][vc_row css=&#8221;.vc_custom_1713599627277{padding-top: 25px !important;padding-bottom: 25px !important;}&#8221;][vc_column width=&#8221;1\/6&#8243;][\/vc_column][vc_column width=&#8221;2\/6&#8243;][vc_column_text css=&#8221;.vc_custom_1713600303714{margin-bottom: 0px !important;}&#8221;]\n<h3>Anime<\/h3>\n<p>Siamo molto intimi,<br \/>\ndimentichiamo<br \/>\nil tempo,<br \/>\nviviamo<br \/>\nun attimo<br \/>\ndell\u2019eternit\u00e0<br \/>\nin cui siamo<br \/>\ninconsciamente<br \/>\nal sicuro<br \/>\ne capiamo<br \/>\nche il contatto<br \/>\ndei nostri corpi<br \/>\n\u00e8 solo l\u2019espressione<br \/>\ndel contatto<br \/>\ndelle nostre anime.[\/vc_column_text][\/vc_column][vc_column width=&#8221;2\/6&#8243;][vc_column_text css=&#8221;.vc_custom_1713966616177{margin-bottom: 0px !important;}&#8221;]\n<h3>Almas<\/h3>\n<p>Somos muito \u00edntimos,<br \/>\nesquecemos<br \/>\no tempo,<br \/>\nnos damos conta<br \/>\npor um \u00e1timo<br \/>\nda eternidade<br \/>\nna qual estamos<br \/>\ninconscientemente<br \/>\nseguros<br \/>\ne entendemos,<br \/>\nque o contato<br \/>\ndos nossos corpos<br \/>\n\u00e9 somente a express\u00e3o<br \/>\ndo contato<br \/>\ndas nossas almas.[\/vc_column_text][\/vc_column][vc_column width=&#8221;1\/6&#8243;][\/vc_column][\/vc_row][vc_row css=&#8221;.vc_custom_1713599650160{padding-top: 25px !important;padding-bottom: 25px !important;}&#8221;][vc_column width=&#8221;1\/6&#8243;][\/vc_column][vc_column width=&#8221;2\/6&#8243;][vc_column_text css=&#8221;.vc_custom_1713600324718{margin-bottom: 0px !important;}&#8221;]\n<h3>L\u2019attimo pi\u00f9 santo<\/h3>\n<p>Forse<br \/>\nl\u2019attimo pi\u00f9 santo<br \/>\nin una vita \u00e8 quello<br \/>\nin cui ci accorgiamo<br \/>\ndell\u2019amore<br \/>\nsenza condizioni.<br \/>\nIn quell\u2019attimo<br \/>\nsiamo in grado<br \/>\ndi spezzare le catene<br \/>\ndei preconcetti.<br \/>\nIn quell\u2019attimo<br \/>\ncadono le mura<br \/>\nche sembravano<br \/>\nproteggerci<br \/>\ne siamo liberi<br \/>\ndi fare quello<br \/>\nche l\u2019anima nostra<br \/>\nha sempre saputo.[\/vc_column_text][\/vc_column][vc_column width=&#8221;2\/6&#8243;][vc_column_text css=&#8221;.vc_custom_1713966638609{margin-bottom: 0px !important;}&#8221;]\n<h3>O momento mais sagrado<\/h3>\n<p>Talvez seja<br \/>\no momento mais sagrado<br \/>\nna vida<br \/>\naquele em que<br \/>\ndescobrimos o amor<br \/>\nsem condi\u00e7\u00e3o.<br \/>\nNeste momento<br \/>\nsomos capazes<br \/>\nde romper<br \/>\nas cadeias do preconceito.<br \/>\nNeste momento<br \/>\ncaem os muros<br \/>\nque pareciam<br \/>\nproteger-nos<br \/>\ne nos tornamos livres<br \/>\npara fazer<br \/>\no que a nossa alma<br \/>\nsempre quis.[\/vc_column_text][\/vc_column][vc_column width=&#8221;1\/6&#8243;][\/vc_column][\/vc_row][vc_row css=&#8221;.vc_custom_1713599650160{padding-top: 25px !important;padding-bottom: 25px !important;}&#8221;][vc_column width=&#8221;1\/6&#8243;][\/vc_column][vc_column width=&#8221;2\/6&#8243;][vc_column_text css=&#8221;.vc_custom_1713600344079{margin-bottom: 0px !important;}&#8221;]\n<h3>Un miagolare<\/h3>\n<p>Avevo i miei principi,<br \/>\nnon volevo nessun<br \/>\ngatto in casa,<br \/>\nma un miagolare<br \/>\nsommesso<br \/>\ncambi\u00f2 il mio mondo.<br \/>\nProvai un affetto ignoto,<br \/>\nmi manc\u00f2 ogni difesa,<br \/>\nparl\u00f2 solo il mio cuore<br \/>\ne disse: \u2018benvenuti\u2019.<br \/>\nE ricevetti un dono<br \/>\nbellissimo:<br \/>\nla vostra amicizia.[\/vc_column_text][\/vc_column][vc_column width=&#8221;2\/6&#8243;][vc_column_text css=&#8221;.vc_custom_1713966654259{margin-bottom: 0px !important;}&#8221;]\n<h3>Um miar<\/h3>\n<p>Tive meus princ\u00edpios,<br \/>\nn\u00e3o queria<br \/>\nnenhum gato na casa,<br \/>\nmas um suave miar<br \/>\nfez alterar meu mundo.<br \/>\nSenti um amor<br \/>\ndesconhecido,<br \/>\nfaltando qualquer defesa,<br \/>\nrespondeu apenas meu cora\u00e7\u00e3o<br \/>\ndizendo: \u2018bem vindas\u2019.<br \/>\nE recebi um presente<br \/>\nt\u00e3o precioso:<br \/>\nvossas amizades.[\/vc_column_text][\/vc_column][vc_column width=&#8221;1\/6&#8243;][\/vc_column][\/vc_row][vc_row css=&#8221;.vc_custom_1713599650160{padding-top: 25px !important;padding-bottom: 25px !important;}&#8221;][vc_column width=&#8221;1\/6&#8243;][\/vc_column][vc_column width=&#8221;2\/6&#8243;][vc_column_text css=&#8221;.vc_custom_1713600369280{margin-bottom: 0px !important;}&#8221;]\n<h3>Le fusa<\/h3>\n<p>Sara,<br \/>\nmi hai insegnato<br \/>\na pensare<br \/>\ncon il cuore,<br \/>\na fidarmi<br \/>\ndell\u2019intuizione.<br \/>\nNon dimenticher\u00f2<br \/>\nche sempre,<br \/>\nse pensavo<br \/>\ntroppo a qualcosa,<br \/>\nti sdraiavi<br \/>\nsu uno dei miei libri<br \/>\ne facevi le fusa.[\/vc_column_text][\/vc_column][vc_column width=&#8221;2\/6&#8243;][vc_column_text css=&#8221;.vc_custom_1713966668332{margin-bottom: 0px !important;}&#8221;]\n<h3>O ronrom<\/h3>\n<p>Sara,<br \/>\nvoc\u00ea me ensinou<br \/>\na pensar<br \/>\ncom o cora\u00e7\u00e3o,<br \/>\na confiar<br \/>\nna intui\u00e7\u00e3o.<br \/>\nNunca esquecerei<br \/>\nque sempre,<br \/>\nquando pensava<br \/>\ndemais em alguma coisa,<br \/>\nvoc\u00ea se estendia<br \/>\nsobre um dos meus livros<br \/>\ne ronronava.[\/vc_column_text][\/vc_column][vc_column width=&#8221;1\/6&#8243;][\/vc_column][\/vc_row][vc_row css=&#8221;.vc_custom_1713599650160{padding-top: 25px !important;padding-bottom: 25px !important;}&#8221;][vc_column width=&#8221;1\/6&#8243;][\/vc_column][vc_column width=&#8221;2\/6&#8243;][vc_column_text css=&#8221;.vc_custom_1713600388540{margin-bottom: 0px !important;}&#8221;]\n<h3>Solo i sogni<\/h3>\n<p>Solo i sogni<br \/>\nci fanno<br \/>\nricordare.<br \/>\nSolo i sogni<br \/>\nci fanno<br \/>\nritrovare<br \/>\nquei tesori interiori<br \/>\nche vivono in noi<br \/>\nda tempi<br \/>\nimmemorabili.<br \/>\nSolo i sogni<br \/>\nci danno il coraggio<br \/>\ndi seguire<br \/>\nla voce del cuore.[\/vc_column_text][\/vc_column][vc_column width=&#8221;2\/6&#8243;][vc_column_text css=&#8221;.vc_custom_1713966684296{margin-bottom: 0px !important;}&#8221;]\n<h3>S\u00f3 os sonhos<\/h3>\n<p>S\u00f3 os sonhos<br \/>\nnos fazem<br \/>\nrecordar.<br \/>\nS\u00f3 os sonhos<br \/>\nnos fazem<br \/>\nreencontrar<br \/>\naqueles tesouros internos,<br \/>\nque vivem em n\u00f3s<br \/>\nna tempos<br \/>\nimemor\u00e1veis.<br \/>\nS\u00f3 os sonhos<br \/>\nnos d\u00e3o a coragem<br \/>\npara seguir<br \/>\na voz do cora\u00e7\u00e3o.[\/vc_column_text][\/vc_column][vc_column width=&#8221;1\/6&#8243;][\/vc_column][\/vc_row][vc_row css=&#8221;.vc_custom_1713599650160{padding-top: 25px !important;padding-bottom: 25px !important;}&#8221;][vc_column width=&#8221;1\/6&#8243;][\/vc_column][vc_column width=&#8221;2\/6&#8243;][vc_column_text css=&#8221;.vc_custom_1713600412413{margin-bottom: 0px !important;}&#8221;]\n<h3>Godot<\/h3>\n<p>Attendere la felicit\u00e0<br \/>\n\u00e8 come<br \/>\nattendere Godot<br \/>\nche non appar\u00ec mai.<br \/>\nQuello che<br \/>\nci rende felici<br \/>\n\u00e8 il coraggio<br \/>\ndi avere visioni,<br \/>\ncredendo<br \/>\nalla sapienza<br \/>\ndel cuore<br \/>\ne all\u2019audacia<br \/>\ndi viverle<br \/>\nsenza riserva.[\/vc_column_text][\/vc_column][vc_column width=&#8221;2\/6&#8243;][vc_column_text css=&#8221;.vc_custom_1713966703388{margin-bottom: 0px !important;}&#8221;]\n<h3>Godot<\/h3>\n<p>Esperar a felicidade<br \/>\n\u00e9 como<br \/>\nesperar por Godot<br \/>\nque nunca apareceu.<br \/>\nAquilo que<br \/>\nn\u00f3s faz feliz<br \/>\n\u00e9 a coragem<br \/>\nde ter vis\u00f5es,<br \/>\nacreditando<br \/>\nna sabedoria<br \/>\ndo cora\u00e7\u00e3o<br \/>\ne a aud\u00e1cia<br \/>\nde viv\u00ea-la<br \/>\nsem reserva.[\/vc_column_text][\/vc_column][vc_column width=&#8221;1\/6&#8243;][\/vc_column][\/vc_row][vc_row css=&#8221;.vc_custom_1713599650160{padding-top: 25px !important;padding-bottom: 25px !important;}&#8221;][vc_column width=&#8221;1\/6&#8243;][\/vc_column][vc_column width=&#8221;2\/6&#8243;][vc_column_text css=&#8221;.vc_custom_1713600432494{margin-bottom: 0px !important;}&#8221;]\n<h3>La fonte<\/h3>\n<p>\u2018La tua poesia<br \/>\nviene dal cuore<br \/>\ned entra<br \/>\nin un attimo<br \/>\ndirettamente nel mio.\u2019<br \/>\nUn bel complimento.<br \/>\nMa come scrivo io?<br \/>\nSento,<br \/>\nrifletto,<br \/>\ncreo?<br \/>\nPenso di no.<br \/>\nAttingo soltanto<br \/>\ncol cuore aperto<br \/>\ndalla grande fonte.[\/vc_column_text][\/vc_column][vc_column width=&#8221;2\/6&#8243;][vc_column_text css=&#8221;.vc_custom_1713966719071{margin-bottom: 0px !important;}&#8221;]\n<h3>A fonte<\/h3>\n<p>\u2018Sua poesia<br \/>\nvem do cora\u00e7\u00e3o<br \/>\ne entra no meu<br \/>\nsem desvio,<br \/>\nsem demora.\u2019<br \/>\nQue cortesia!<br \/>\nMas como escrevo?<br \/>\nSinto,<br \/>\nreflito,<br \/>\ncrio?<br \/>\nPenso que n\u00e3o.<br \/>\nSirvo-me apenas<br \/>\nda grande fonte<br \/>\ncom o cora\u00e7\u00e3o aberto.[\/vc_column_text][\/vc_column][vc_column width=&#8221;1\/6&#8243;][\/vc_column][\/vc_row][vc_row css=&#8221;.vc_custom_1713599650160{padding-top: 25px !important;padding-bottom: 25px !important;}&#8221;][vc_column width=&#8221;1\/6&#8243;][\/vc_column][vc_column width=&#8221;2\/6&#8243;][vc_column_text css=&#8221;.vc_custom_1713600454702{margin-bottom: 0px !important;}&#8221;]\n<h3>Attimi<\/h3>\n<p>Viviamo attimi<br \/>\nche valgono<br \/>\nper sempre.<br \/>\nSono fulmini<br \/>\nluminosi<br \/>\nin cielo,<br \/>\ntuoni forti<br \/>\nche fanno<br \/>\ntremare la terra,<br \/>\nattimi che danno<br \/>\nun segno<br \/>\ne ci fanno<br \/>\nvedere<br \/>\nla nostra<br \/>\npropria strada.[\/vc_column_text][\/vc_column][vc_column width=&#8221;2\/6&#8243;][vc_column_text css=&#8221;.vc_custom_1713966734034{margin-bottom: 0px !important;}&#8221;]\n<h3>\u00c1timos<\/h3>\n<p>Vivemos momentos<br \/>\nque valem<br \/>\npara sempre.<br \/>\nS\u00e3o rel\u00e2mpagos<br \/>\nluminosos<br \/>\nno c\u00e9u,<br \/>\ntrov\u00f5es<br \/>\nque deixam<br \/>\ntremer a terra,<br \/>\n\u00e1timos<br \/>\nque d\u00e3o<br \/>\num sinal,<br \/>\nque nos<br \/>\nfazem ver nosso<br \/>\npr\u00f3prio caminho.[\/vc_column_text][\/vc_column][vc_column width=&#8221;1\/6&#8243;][\/vc_column][\/vc_row][vc_row css=&#8221;.vc_custom_1713599650160{padding-top: 25px !important;padding-bottom: 25px !important;}&#8221;][vc_column width=&#8221;1\/6&#8243;][\/vc_column][vc_column width=&#8221;2\/6&#8243;][vc_column_text css=&#8221;.vc_custom_1713600471904{margin-bottom: 0px !important;}&#8221;]\n<h3>L\u2019odore del mare<\/h3>\n<p>Sognai,<br \/>\nmi svegliai<br \/>\nsentendoti<br \/>\nvicina<br \/>\ne godei<br \/>\nil profumo<br \/>\ndella tua pelle<br \/>\nche raccontava<br \/>\ndel mare,<br \/>\ncome la mia.[\/vc_column_text][\/vc_column][vc_column width=&#8221;2\/6&#8243;][vc_column_text css=&#8221;.vc_custom_1713966745104{margin-bottom: 0px !important;}&#8221;]\n<h3>O odor do mar<\/h3>\n<p>Sonhei,<br \/>\nacordei,<br \/>\nsenti<br \/>\nsua presen\u00e7a<br \/>\ne gozei<br \/>\no odor<br \/>\nda sua pele,<br \/>\nque contava<br \/>\ndo mar,<br \/>\ncomo a minha.[\/vc_column_text][\/vc_column][vc_column width=&#8221;1\/6&#8243;][\/vc_column][\/vc_row][vc_row css=&#8221;.vc_custom_1713599650160{padding-top: 25px !important;padding-bottom: 25px !important;}&#8221;][vc_column width=&#8221;1\/6&#8243;][\/vc_column][vc_column width=&#8221;2\/6&#8243;][vc_column_text css=&#8221;.vc_custom_1713600486709{margin-bottom: 0px !important;}&#8221;]\n<h3>Parte del tutto<\/h3>\n<p>Nuoto verso<br \/>\nil sole calante<br \/>\nin questa<br \/>\nstrada aurea<br \/>\ncos\u00ec bella.<br \/>\nL\u2019acqua mi porta,<br \/>\nmi circonda,<br \/>\nmi accarezza.<br \/>\nPer un attimo<br \/>\nsono l\u2019acqua,<br \/>\nparte del tutto,<br \/>\nma non perdo<br \/>\nla coscienza<br \/>\ndel mio proprio io.[\/vc_column_text][\/vc_column][vc_column width=&#8221;2\/6&#8243;][vc_column_text css=&#8221;.vc_custom_1713966758638{margin-bottom: 0px !important;}&#8221;]\n<h3>Parte do todo<\/h3>\n<p>Nado contra<br \/>\no sol descente<br \/>\nnesta<br \/>\nestrada dourada<br \/>\nassim bela.<br \/>\nA \u00e1gua me carrega,<br \/>\nme envolve,<br \/>\ne me acaricia.<br \/>\nPor um momento<br \/>\nsou \u00e1gua,<br \/>\nparte do todo,<br \/>\nmas n\u00e3o perco<br \/>\na consci\u00eancia<br \/>\ndo meu pr\u00f3prio eu.[\/vc_column_text][\/vc_column][vc_column width=&#8221;1\/6&#8243;][\/vc_column][\/vc_row][vc_row css=&#8221;.vc_custom_1713599650160{padding-top: 25px !important;padding-bottom: 25px !important;}&#8221;][vc_column width=&#8221;1\/6&#8243;][\/vc_column][vc_column width=&#8221;2\/6&#8243;][vc_column_text css=&#8221;.vc_custom_1713600502414{margin-bottom: 0px !important;}&#8221;]\n<h3>Tutto<\/h3>\n<p>Il perenne io<br \/>\nsa tutte le storie<br \/>\ndi tutte le vite<br \/>\nda me vissute.<br \/>\nCi\u00f2 che ho visto,<br \/>\nsentito,<br \/>\nsaputo<br \/>\n\u00e8 memorizzato<br \/>\nnell\u2019anima mia.<br \/>\n\u00c8 l\u00ec il tesoro<br \/>\nche mi permette<br \/>\ndi seguire le mie<br \/>\nproprie tracce.[\/vc_column_text][\/vc_column][vc_column width=&#8221;2\/6&#8243;][vc_column_text css=&#8221;.vc_custom_1713966772509{margin-bottom: 0px !important;}&#8221;]\n<h3>Tudo<\/h3>\n<p>O eterno eu<br \/>\nsabe todas as hist\u00f3rias<br \/>\nde todas as vidas<br \/>\nque eu vivi.<br \/>\nAquilo que vi,<br \/>\nsenti,<br \/>\nsoube<br \/>\nest\u00e1 memorizado<br \/>\nna minha alma.<br \/>\nA\u00ed est\u00e1 o tesouro<br \/>\nque me permite<br \/>\nseguir a minha<br \/>\npr\u00f3pria pista.[\/vc_column_text][\/vc_column][vc_column width=&#8221;1\/6&#8243;][\/vc_column][\/vc_row][vc_row css=&#8221;.vc_custom_1713599650160{padding-top: 25px !important;padding-bottom: 25px !important;}&#8221;][vc_column width=&#8221;1\/6&#8243;][\/vc_column][vc_column width=&#8221;2\/6&#8243;][vc_column_text css=&#8221;.vc_custom_1713600519346{margin-bottom: 0px !important;}&#8221;]\n<h3>Un felice sorriso<\/h3>\n<p>Per il mio<br \/>\nultimo giorno<br \/>\nho solo<br \/>\nun desiderio:<br \/>\nvedere<br \/>\nsul tuo volto<br \/>\nun felice sorriso<br \/>\nper il nostro tempo.<br \/>\nPer questo<br \/>\nfaccio tutto,<br \/>\nlascio tutto,<br \/>\nperch\u00e9<br \/>\nvoglio raggiungere<br \/>\nquesta visione.[\/vc_column_text][\/vc_column][vc_column width=&#8221;2\/6&#8243;][vc_column_text css=&#8221;.vc_custom_1713966788045{margin-bottom: 0px !important;}&#8221;]\n<h3>Um sorriso feliz<\/h3>\n<p>Para o meu<br \/>\n\u00faltimo dia<br \/>\nsomente tenho<br \/>\num desejo:<br \/>\nver no<br \/>\nseu rosto<br \/>\num sorriso feliz<br \/>\npara o tempo comum.<br \/>\nPara isso<br \/>\nfa\u00e7o tudo,<br \/>\ndeixo tudo,<br \/>\nporque<br \/>\nquero atingir<br \/>\nesta vis\u00e3o.[\/vc_column_text][\/vc_column][vc_column width=&#8221;1\/6&#8243;][\/vc_column][\/vc_row][vc_row css=&#8221;.vc_custom_1713599650160{padding-top: 25px !important;padding-bottom: 25px !important;}&#8221;][vc_column width=&#8221;1\/6&#8243;][\/vc_column][vc_column width=&#8221;2\/6&#8243;][vc_column_text css=&#8221;.vc_custom_1713600537391{margin-bottom: 0px !important;}&#8221;]\n<h3>Non scambiare<\/h3>\n<p>Anche se<br \/>\nun\u2019idea<br \/>\n\u00e8 davvero<br \/>\nsacra<br \/>\nnon dobbiamo<br \/>\nscambiare<br \/>\nil messaggio<br \/>\ncol messaggero.<br \/>\nSe non<br \/>\ndiscerniamo<br \/>\nla fonte<br \/>\ndal pozzo<br \/>\nconfondiamo tutto<br \/>\ne forse fondiamo<br \/>\nuna religione.[\/vc_column_text][\/vc_column][vc_column width=&#8221;2\/6&#8243;][vc_column_text css=&#8221;.vc_custom_1713966806935{margin-bottom: 0px !important;}&#8221;]\n<h3>N\u00e3o confunda<\/h3>\n<p>Mesmo que<br \/>\numa id\u00e9ia<br \/>\nesteja<br \/>\nrealmente santa<br \/>\nn\u00e3o devemos<br \/>\nconfundir<br \/>\na mensagem<br \/>\ncom o mensageiro.<br \/>\nSe n\u00e3o<br \/>\ndistinguirmos<br \/>\na fonte<br \/>\ndo po\u00e7o<br \/>\nconfundimos<br \/>\ntudo e talvez fundamos<br \/>\numa religi\u00e3o.[\/vc_column_text][\/vc_column][vc_column width=&#8221;1\/6&#8243;][\/vc_column][\/vc_row][vc_row css=&#8221;.vc_custom_1713599650160{padding-top: 25px !important;padding-bottom: 25px !important;}&#8221;][vc_column width=&#8221;1\/6&#8243;][\/vc_column][vc_column width=&#8221;2\/6&#8243;][vc_column_text css=&#8221;.vc_custom_1713600552466{margin-bottom: 0px !important;}&#8221;]\n<h3>Sonno e sogno<\/h3>\n<p>L\u2019energia<br \/>\ndella vita<br \/>\ncambia,<br \/>\nma l\u2019essenza<br \/>\ndell\u2019esistenza<br \/>\n\u00e8 senza fine.<br \/>\nSiamo tutto,<br \/>\nmateria e anima,<br \/>\nsonno e sogno,<br \/>\nviviamo ogni forma.<br \/>\nLa forza divina<br \/>\nci dona<br \/>\nle possibilit\u00e0,<br \/>\nma la creazione<br \/>\n\u00e8 il nostro dovere.[\/vc_column_text][\/vc_column][vc_column width=&#8221;2\/6&#8243;][vc_column_text css=&#8221;.vc_custom_1713966819703{margin-bottom: 0px !important;}&#8221;]\n<h3>Sono e sonho<\/h3>\n<p>A energia<br \/>\nda vida muda,<br \/>\nmas o essencial<br \/>\nda exist\u00eancia<br \/>\n\u00e9 sem fim.<br \/>\nN\u00f3s somos todos,<br \/>\nmat\u00e9ria e alma,<br \/>\nsono e sonho<br \/>\nvivemos em<br \/>\ncada forma.<br \/>\nA for\u00e7a divina<br \/>\nnos d\u00e1 todas<br \/>\nas possibilidades,<br \/>\nmas a cria\u00e7\u00e3o<br \/>\n\u00e9 nossa obriga\u00e7\u00e3o.[\/vc_column_text][\/vc_column][vc_column width=&#8221;1\/6&#8243;][\/vc_column][\/vc_row][vc_row css=&#8221;.vc_custom_1570192413313{padding-top: 30px !important;}&#8221;][vc_column width=&#8221;1\/2&#8243;][vc_single_image image=&#8221;1304&#8243; img_size=&#8221;252&#215;390&#8243; alignment=&#8221;center&#8221; style=&#8221;vc_box_shadow&#8221; onclick=&#8221;custom_link&#8221; img_link_target=&#8221;_blank&#8221; link=&#8221;https:\/\/amzn.to\/3UGDi2F&#8221;][mk_button dimension=&#8221;two&#8221; size=&#8221;medium&#8221; icon=&#8221;mk-jupiter-icon-simple-amazon&#8221; url=&#8221;https:\/\/amzn.to\/3UGDi2F&#8221; target=&#8221;_blank&#8221; nofollow=&#8221;true&#8221; align=&#8221;center&#8221; bg_color=&#8221;#1e73be&#8221;]Bei Amazon kaufen[\/mk_button][\/vc_column][vc_column width=&#8221;1\/2&#8243;][\/vc_column][\/vc_row]\n","protected":false},"excerpt":{"rendered":"<p>[vc_row][vc_column][vc_widget_sidebar sidebar_id=&#8221;sidebar-15&#8243; el_id=&#8221;sprachen&#8221;][\/vc_column][\/vc_row][vc_row css=&#8221;.vc_custom_1713599604741{padding-top: 70px !important;padding-bottom: 25px !important;}&#8221;][vc_column width=&#8221;1\/6&#8243;][\/vc_column][vc_column width=&#8221;2\/6&#8243;][vc_column_text css=&#8221;.vc_custom_1728647264733{margin-bottom: 0px !important;}&#8221;] Invece di sognare \u00c8 saggio godere la bellezza dei fiori ai lati della strada invece di sognare la meraviglia della prossima primavera. Ma quando sar\u00e0 venuta, sar\u00e0 arrivato l\u2019attimo giusto per godere i fiori che fioriranno.[\/vc_column_text][\/vc_column][vc_column width=&#8221;2\/6&#8243;][vc_column_text css=&#8221;.vc_custom_1713966569265{margin-bottom: 0px !important;}&#8221;] Em vez [&hellip;]<\/p>\n","protected":false},"author":2,"featured_media":0,"parent":0,"menu_order":0,"comment_status":"closed","ping_status":"closed","template":"","meta":[],"_links":{"self":[{"href":"https:\/\/www.poesie-italiane.de\/pt-pt\/wp-json\/wp\/v2\/pages\/1247\/"}],"collection":[{"href":"https:\/\/www.poesie-italiane.de\/pt-pt\/wp-json\/wp\/v2\/pages\/"}],"about":[{"href":"https:\/\/www.poesie-italiane.de\/pt-pt\/wp-json\/wp\/v2\/types\/page\/"}],"author":[{"embeddable":true,"href":"https:\/\/www.poesie-italiane.de\/pt-pt\/wp-json\/wp\/v2\/users\/2\/"}],"replies":[{"embeddable":true,"href":"https:\/\/www.poesie-italiane.de\/pt-pt\/wp-json\/wp\/v2\/comments\/?post=1247"}],"version-history":[{"count":5,"href":"https:\/\/www.poesie-italiane.de\/pt-pt\/wp-json\/wp\/v2\/pages\/1247\/revisions\/"}],"predecessor-version":[{"id":1397,"href":"https:\/\/www.poesie-italiane.de\/pt-pt\/wp-json\/wp\/v2\/pages\/1247\/revisions\/1397\/"}],"wp:attachment":[{"href":"https:\/\/www.poesie-italiane.de\/pt-pt\/wp-json\/wp\/v2\/media\/?parent=1247"}],"curies":[{"name":"wp","href":"https:\/\/api.w.org\/{rel}","templated":true}]}}