{"id":1323,"date":"2024-04-30T10:54:57","date_gmt":"2024-04-30T08:54:57","guid":{"rendered":"https:\/\/www.poesie-italiane.de\/?page_id=1323"},"modified":"2024-09-26T10:15:34","modified_gmt":"2024-09-26T08:15:34","slug":"cd","status":"publish","type":"page","link":"https:\/\/www.poesie-italiane.de\/pt-pt\/cd\/","title":{"rendered":"CD"},"content":{"rendered":"[vc_row][vc_column][vc_widget_sidebar sidebar_id=&#8221;sidebar-15&#8243; el_id=&#8221;sprachen&#8221;][\/vc_column][\/vc_row][vc_row css=&#8221;.vc_custom_1713599604741{padding-top: 70px !important;padding-bottom: 25px !important;}&#8221;][vc_column width=&#8221;1\/6&#8243;][\/vc_column][vc_column width=&#8221;2\/6&#8243;][vc_column_text css=&#8221;.vc_custom_1713601514280{margin-bottom: 0px !important;}&#8221;]\n<h3>Aspettami!<\/h3>\n<p>Non c\u2019era bisogno<br \/>\ndi grandi pensieri,<br \/>\nperch\u00e9 sei tu<br \/>\nun grande pensiero<br \/>\ndell\u2019universo.<br \/>\nIl tuo affetto<br \/>\nera semplice,<br \/>\nnaturale e<br \/>\ndegno di fiducia<br \/>\ncome la luce del sole.<br \/>\nCon te non<br \/>\ndesideravo niente,<br \/>\nperch\u00e9 avevo tutto.<br \/>\nMi manchi,<br \/>\nma un giorno<br \/>\nci ritroveremo.<br \/>\nAspettami![\/vc_column_text][\/vc_column][vc_column width=&#8221;2\/6&#8243;][vc_column_text css=&#8221;.vc_custom_1714467132253{margin-bottom: 0px !important;}&#8221;]\n<h3>Espere-me!<\/h3>\n<p>N\u00e3o era preciso<br \/>\ngrandes pensamentos,<br \/>\nporque voc\u00ea \u00e9<br \/>\num grande pensamento<br \/>\ndo universo.<br \/>\nO seu afeto<br \/>\nera simples,<br \/>\nnatural e<br \/>\ndigno de confian\u00e7a<br \/>\ncomo a luz do sol.<br \/>\nCom voc\u00ea n\u00e3o<br \/>\ndesejava nada,<br \/>\nporque tinha tudo.<br \/>\nVoc\u00ea me faz falta,<br \/>\nmas um dia<br \/>\nnos reencontraremos<br \/>\nEspere-me![\/vc_column_text][\/vc_column][vc_column width=&#8221;1\/6&#8243;][\/vc_column][\/vc_row][vc_row css=&#8221;.vc_custom_1713599615363{padding-top: 25px !important;padding-bottom: 25px !important;}&#8221;][vc_column width=&#8221;1\/6&#8243;][\/vc_column][vc_column width=&#8221;2\/6&#8243;][vc_column_text css=&#8221;.vc_custom_1713601529611{margin-bottom: 0px !important;}&#8221;]\n<h3>Se il cielo si apre<\/h3>\n<p>Perch\u00e9 chiedere<br \/>\nuna parte<br \/>\nse tutto<br \/>\n\u00e8 possibile?<br \/>\nPerch\u00e9 limitare<br \/>\nle mete<br \/>\nse i confini<br \/>\nnon esistono?<br \/>\nPerch\u00e9 legarsi<br \/>\nalla terra<br \/>\nse il cielo<br \/>\nsi apre?[\/vc_column_text][\/vc_column][vc_column width=&#8221;2\/6&#8243;][vc_column_text css=&#8221;.vc_custom_1714467144706{margin-bottom: 0px !important;}&#8221;]\n<h3>Se o c\u00e9u se abre<\/h3>\n<p>Porque exigir<br \/>\numa parte<br \/>\nse tudo<br \/>\n\u00e9 poss\u00edvel?<br \/>\nPorque limitar<br \/>\nas metas<br \/>\nse n\u00e3o h\u00e1<br \/>\nconfins?<br \/>\nPorque ligar-se<br \/>\n\u00e0 terra<br \/>\nse o c\u00e9u<br \/>\nse abre?[\/vc_column_text][\/vc_column][vc_column width=&#8221;1\/6&#8243;][\/vc_column][\/vc_row][vc_row css=&#8221;.vc_custom_1713599627277{padding-top: 25px !important;padding-bottom: 25px !important;}&#8221;][vc_column width=&#8221;1\/6&#8243;][\/vc_column][vc_column width=&#8221;2\/6&#8243;][vc_column_text css=&#8221;.vc_custom_1713601541840{margin-bottom: 0px !important;}&#8221;]\n<h3>Il mio messaggio<\/h3>\n<p>Il mio messaggio<br \/>\nper il mondo \u00e8<br \/>\nche non ho<br \/>\nun messaggio.<br \/>\nChi sostiene<br \/>\ndi averne uno<br \/>\nracconta bugie.<br \/>\nNon c\u2019\u00e8 niente<br \/>\nche vale<br \/>\nper tutti.<br \/>\nCi obbliga<br \/>\nsolo la voce<br \/>\ndel cuore<br \/>\ne questa vale<br \/>\nsenza riserva.[\/vc_column_text][\/vc_column][vc_column width=&#8221;2\/6&#8243;][vc_column_text css=&#8221;.vc_custom_1714467157329{margin-bottom: 0px !important;}&#8221;]\n<h3>Minha mensagem<\/h3>\n<p>Minha mensagem<br \/>\npara o mundo \u00e9<br \/>\nque n\u00e3o tenho<br \/>\nmensagem.<br \/>\nQuem afirma<br \/>\nter uma<br \/>\nconta mentiras.<br \/>\nN\u00e3o tem nada<br \/>\nque vale<br \/>\npara todos.<br \/>\nA nossa obriga\u00e7\u00e3o<br \/>\n\u00e9 obedecer<br \/>\na voz do cora\u00e7\u00e3o<br \/>\ne isto vale<br \/>\nsem reserva.[\/vc_column_text][\/vc_column][vc_column width=&#8221;1\/6&#8243;][\/vc_column][\/vc_row][vc_row css=&#8221;.vc_custom_1713599650160{padding-top: 25px !important;padding-bottom: 25px !important;}&#8221;][vc_column width=&#8221;1\/6&#8243;][\/vc_column][vc_column width=&#8221;2\/6&#8243;][vc_column_text css=&#8221;.vc_custom_1713601553011{margin-bottom: 0px !important;}&#8221;]\n<h3>Scritto sulla sabbia<\/h3>\n<p>Sono stato<br \/>\nalla spiaggia<br \/>\nammirando<br \/>\nil movimento<br \/>\ndelle onde<br \/>\ne ho scritto<br \/>\nil tuo nome<br \/>\nsulla sabbia.<br \/>\nE l\u2019acqua<br \/>\nl\u2019ha portato via<br \/>\ne inciso<br \/>\nnella sua<br \/>\nmemoria eterna.[\/vc_column_text][\/vc_column][vc_column width=&#8221;2\/6&#8243;][vc_column_text css=&#8221;.vc_custom_1714467169253{margin-bottom: 0px !important;}&#8221;]\n<h3>Escrito na areia<\/h3>\n<p>Eu estive<br \/>\nna praia<br \/>\nadmirando<br \/>\no movimento<br \/>\ndas ondas<br \/>\ne escrevi<br \/>\no seu nome<br \/>\nna areia.<br \/>\nE a \u00e1gua<br \/>\no levou embora<br \/>\ne o gravou<br \/>\nna sua<br \/>\nmem\u00f3ria eterna.[\/vc_column_text][\/vc_column][vc_column width=&#8221;1\/6&#8243;][\/vc_column][\/vc_row][vc_row css=&#8221;.vc_custom_1713599650160{padding-top: 25px !important;padding-bottom: 25px !important;}&#8221;][vc_column width=&#8221;1\/6&#8243;][\/vc_column][vc_column width=&#8221;2\/6&#8243;][vc_column_text css=&#8221;.vc_custom_1713601568941{margin-bottom: 0px !important;}&#8221;]\n<h3>Memoria<\/h3>\n<p>Ho dimenticato<br \/>\nche ho le ali,<br \/>\nche la terra<br \/>\nnon mi lega?<br \/>\nVoglio volare<br \/>\nsulla campagna,<br \/>\ni laghi, il mare.<br \/>\nHo dimenticato<br \/>\nche sono<br \/>\nun\u2019anima eterna<br \/>\nnon solo<br \/>\nuomo mortale?<br \/>\nNon l\u2019ho<br \/>\ndimenticato.<br \/>\nRicordo<br \/>\ne comincio<br \/>\nad esser<br \/>\nquel che sono.[\/vc_column_text][\/vc_column][vc_column width=&#8221;2\/6&#8243;][vc_column_text css=&#8221;.vc_custom_1714467183834{margin-bottom: 0px !important;}&#8221;]\n<h3>Mem\u00f3ria<\/h3>\n<p>Esqueci<br \/>\nque tenho asas,<br \/>\nque a terra<br \/>\nn\u00e3o me amarra?<br \/>\nQuero voar<br \/>\nsobre o campo,<br \/>\nos lagos, o mar.<br \/>\nEsqueci<br \/>\nque sou<br \/>\numa alma eterna<br \/>\nn\u00e3o s\u00f3<br \/>\nhomem mortal?<br \/>\nN\u00e3o<br \/>\no esqueci.<br \/>\nLembro<br \/>\ne come\u00e7o<br \/>\na ser<br \/>\no que sou.[\/vc_column_text][\/vc_column][vc_column width=&#8221;1\/6&#8243;][\/vc_column][\/vc_row][vc_row css=&#8221;.vc_custom_1713599650160{padding-top: 25px !important;padding-bottom: 25px !important;}&#8221;][vc_column width=&#8221;1\/6&#8243;][\/vc_column][vc_column width=&#8221;2\/6&#8243;][vc_column_text css=&#8221;.vc_custom_1713601586018{margin-bottom: 0px !important;}&#8221;]\n<h3>L\u2019amore \u00e8 libert\u00e0<\/h3>\n<p>Non dico:<br \/>\n\u2018Ti amo,<br \/>\nti voglio,<br \/>\nsei mia,<br \/>\nsono tuo.\u2019<br \/>\nNo, io amo<br \/>\ncome se tenessi<br \/>\nun uccello<br \/>\nnella mano aperta.<br \/>\nTi dico:<br \/>\n\u2018Vola,<br \/>\nse hai il desiderio<br \/>\ndi esser te stessa,<br \/>\nrimani,<br \/>\nse lo vuoi.\u2019[\/vc_column_text][\/vc_column][vc_column width=&#8221;2\/6&#8243;][vc_column_text css=&#8221;.vc_custom_1714467194825{margin-bottom: 0px !important;}&#8221;]\n<h3>O amor \u00e9 liberdade<\/h3>\n<p>N\u00e3o digo:<br \/>\n\u2018Te amo,<br \/>\nte quero,<br \/>\nvoc\u00ea \u00e9 minha,<br \/>\nsou seu.\u2019<br \/>\nN\u00e3o, eu amo<br \/>\ncomo se segurasse<br \/>\num p\u00e1ssaro<br \/>\nna m\u00e3o aberta.<br \/>\nTe digo:<br \/>\n\u2018Voa,<br \/>\nse tens o desejo<br \/>\nde ser voc\u00ea mesma,<br \/>\nfique,<br \/>\nse quiser!\u2019[\/vc_column_text][\/vc_column][vc_column width=&#8221;1\/6&#8243;][\/vc_column][\/vc_row][vc_row css=&#8221;.vc_custom_1713599650160{padding-top: 25px !important;padding-bottom: 25px !important;}&#8221;][vc_column width=&#8221;1\/6&#8243;][\/vc_column][vc_column width=&#8221;2\/6&#8243;][vc_column_text css=&#8221;.vc_custom_1713601600576{margin-bottom: 0px !important;}&#8221;]\n<h3>L\u2019attimo felice<\/h3>\n<p>Sei un fiore<br \/>\nche fiorisce<br \/>\nsolo una volta?<br \/>\nSei un uccello<br \/>\nche canta<br \/>\nsolo una canzone?<br \/>\nSei una stella cadente<br \/>\nche illumina<br \/>\nil cielo notturno<br \/>\nper fuggire per sempre<br \/>\nnella vastit\u00e0<br \/>\ndell\u2019universo?<br \/>\nNon lo so,<br \/>\nma fioristi,<br \/>\ncantasti<br \/>\ned illuminasti<br \/>\nla mia strada<br \/>\nper un attimo<br \/>\ne mi rendesti<br \/>\ntanto felice.[\/vc_column_text][\/vc_column][vc_column width=&#8221;2\/6&#8243;][vc_column_text css=&#8221;.vc_custom_1714467206380{margin-bottom: 0px !important;}&#8221;]\n<h3>Momento feliz<\/h3>\n<p>Voc\u00ea \u00e9 uma flor<br \/>\nque floresce<br \/>\napenas uma vez?<br \/>\nVoc\u00ea \u00e9 um p\u00e1ssaro<br \/>\nque canta<br \/>\napenas uma can\u00e7\u00e3o?<br \/>\nVoc\u00ea \u00e9 uma<br \/>\nestrela cadente<br \/>\nque ilumina<br \/>\no c\u00e9u noturno<br \/>\npara perder-se<br \/>\npara sempre<br \/>\nna vastid\u00e3o do universo?<br \/>\nN\u00e3o sei,<br \/>\nmas voc\u00ea floresceu,<br \/>\ncantou<br \/>\ne iluminou<br \/>\no meu caminho<br \/>\npor um momento<br \/>\ne me fez t\u00e3o feliz.[\/vc_column_text][\/vc_column][vc_column width=&#8221;1\/6&#8243;][\/vc_column][\/vc_row][vc_row css=&#8221;.vc_custom_1713599650160{padding-top: 25px !important;padding-bottom: 25px !important;}&#8221;][vc_column width=&#8221;1\/6&#8243;][\/vc_column][vc_column width=&#8221;2\/6&#8243;][vc_column_text css=&#8221;.vc_custom_1713601617901{margin-bottom: 0px !important;}&#8221;]\n<h3>Il caso<\/h3>\n<p>Niente<br \/>\ndi quel<br \/>\nche succede<br \/>\n\u00e8 senza<br \/>\nsignificato.<br \/>\nL\u2019errore<br \/>\npi\u00f9 grande<br \/>\n\u00e8 l\u2019idea<br \/>\ndel caso,<br \/>\nperch\u00e9 tutto<br \/>\n\u00e8 previsto<br \/>\ndall\u2019anima<br \/>\nnostra.[\/vc_column_text][\/vc_column][vc_column width=&#8221;2\/6&#8243;][vc_column_text css=&#8221;.vc_custom_1714467228587{margin-bottom: 0px !important;}&#8221;]\n<h3>O acaso<\/h3>\n<p>Nada<br \/>\nque<br \/>\nacontece<br \/>\n\u00e9 sem<br \/>\nsignificado.<br \/>\nO maior<br \/>\nerro<br \/>\n\u00e9 a id\u00e9ia<br \/>\ndo acaso,<br \/>\npois tudo<br \/>\n\u00e9 previsto<br \/>\npor nossa<br \/>\nalma.[\/vc_column_text][\/vc_column][vc_column width=&#8221;1\/6&#8243;][\/vc_column][\/vc_row][vc_row css=&#8221;.vc_custom_1713599650160{padding-top: 25px !important;padding-bottom: 25px !important;}&#8221;][vc_column width=&#8221;1\/6&#8243;][\/vc_column][vc_column width=&#8221;2\/6&#8243;][vc_column_text css=&#8221;.vc_custom_1713601630703{margin-bottom: 0px !important;}&#8221;]\n<h3>Il canto delle onde<\/h3>\n<p>\u2018Sono il mare<br \/>\nti circondo<br \/>\ncon i miei sensi<br \/>\nsentendoti<br \/>\nse ti immergi<br \/>\nnell\u2019acqua s\u00ec azzurra.<br \/>\nLa mia voce<br \/>\n\u00e8 il canto delle onde.<br \/>\nMi senti?<br \/>\nStai attento!<br \/>\n\u00c8 ancora<br \/>\nun richiamo sommesso,<br \/>\nma nei giorni seguenti<br \/>\nsarai felice<br \/>\ndi udirmi chiaramente.\u2019[\/vc_column_text][\/vc_column][vc_column width=&#8221;2\/6&#8243;][vc_column_text css=&#8221;.vc_custom_1714467252123{margin-bottom: 0px !important;}&#8221;]\n<h3>A can\u00e7\u00e3o das ondas<\/h3>\n<p>\u2018Sou o mar<br \/>\nenvolvo-te<br \/>\ncom os meus sentidos<br \/>\ne sinto-te<br \/>\nse tu mergulhas<br \/>\nna \u00e1gua t\u00e3o azul.<br \/>\nA minha voz<br \/>\n\u00e9 o canto das ondas.<br \/>\nVoc\u00ea me ouve?<br \/>\nEsteja atento!<br \/>\nAinda \u00e9<br \/>\numa chamada baixinha,<br \/>\nmas nos dias vindouros<br \/>\nser\u00e1s feliz<br \/>\nouvindo-me claramente.\u2019[\/vc_column_text][\/vc_column][vc_column width=&#8221;1\/6&#8243;][\/vc_column][\/vc_row][vc_row css=&#8221;.vc_custom_1713599650160{padding-top: 25px !important;padding-bottom: 25px !important;}&#8221;][vc_column width=&#8221;1\/6&#8243;][\/vc_column][vc_column width=&#8221;2\/6&#8243;][vc_column_text css=&#8221;.vc_custom_1713601644485{margin-bottom: 0px !important;}&#8221;]\n<h3>Tu<\/h3>\n<p>Tu leghi quello<br \/>\nche voglio legare<br \/>\ne posso legare<br \/>\ncon te:<br \/>\nLa gioia della<br \/>\nbellezza del mondo<br \/>\ne pensieri profondi<br \/>\nsul senso della vita.<br \/>\nSei nata l\u00ec<br \/>\ndove il mio cuore<br \/>\nha il suo posto.<br \/>\nIn questo modo<br \/>\nabbiamo una<br \/>\npatria comune<br \/>\ne la nostra lingua<br \/>\n\u00e8 la lingua<br \/>\ndel cuore.[\/vc_column_text][\/vc_column][vc_column width=&#8221;2\/6&#8243;][vc_column_text css=&#8221;.vc_custom_1714467266117{margin-bottom: 0px !important;}&#8221;]\n<h3>Voc\u00ea<\/h3>\n<p>Voc\u00ea amarra o que<br \/>\neu quero amarrar<br \/>\ne posso amarrar<br \/>\ncom voc\u00ea:<br \/>\nA alegria<br \/>\nda beleza do mundo<br \/>\ne pensamentos profundos<br \/>\nsobre o significado<br \/>\nda vida.<br \/>\nVoc\u00ea nasceu<br \/>\nonde meu cora\u00e7\u00e3o<br \/>\ntem seu lugar.<br \/>\nDessa forma<br \/>\ntemos uma p\u00e1tria comum<br \/>\ne nossa linguagem<br \/>\n\u00e9 a linguagem<br \/>\ndo cora\u00e7\u00e3o.[\/vc_column_text][\/vc_column][vc_column width=&#8221;1\/6&#8243;][\/vc_column][\/vc_row][vc_row css=&#8221;.vc_custom_1713599650160{padding-top: 25px !important;padding-bottom: 25px !important;}&#8221;][vc_column width=&#8221;1\/6&#8243;][\/vc_column][vc_column width=&#8221;2\/6&#8243;][vc_column_text css=&#8221;.vc_custom_1713601658390{margin-bottom: 0px !important;}&#8221;]\n<h3>Il cuore<\/h3>\n<p>Mi hai detto<br \/>\nche le mie poesie<br \/>\ntoccano il tuo cuore.<br \/>\nChe desidero di pi\u00f9?<br \/>\nQuello che senti<br \/>\nmi d\u00e0 il coraggio<br \/>\ndi dare il massimo<br \/>\ndal cuore,<br \/>\nnon dall\u2019intelletto.<br \/>\nNiente contro l\u2019intelletto!<br \/>\n\u00c8 l\u2019esaminatore severo,<br \/>\nma il cuore \u00e8<br \/>\nin verit\u00e0 il creatore.[\/vc_column_text][\/vc_column][vc_column width=&#8221;2\/6&#8243;][vc_column_text css=&#8221;.vc_custom_1714467279887{margin-bottom: 0px !important;}&#8221;]\n<h3>O cora\u00e7\u00e3o<\/h3>\n<p>Voc\u00ea disse<br \/>\nque as minhas poesias<br \/>\ntocam o seu cora\u00e7\u00e3o.<br \/>\nQue quero mais?<br \/>\nO que voc\u00ea sente<br \/>\nme d\u00e1 coragem<br \/>\nde dar o melhor<br \/>\ndo cora\u00e7\u00e3o<br \/>\nn\u00e3o do intelecto.<br \/>\nNada contra o intelecto!<br \/>\n\u00c9 o provador s\u00e9rio,<br \/>\nmas o cora\u00e7\u00e3o<br \/>\nna verdade \u00e9 o criador.[\/vc_column_text][\/vc_column][vc_column width=&#8221;1\/6&#8243;][\/vc_column][\/vc_row][vc_row css=&#8221;.vc_custom_1713599650160{padding-top: 25px !important;padding-bottom: 25px !important;}&#8221;][vc_column width=&#8221;1\/6&#8243;][\/vc_column][vc_column width=&#8221;2\/6&#8243;][vc_column_text css=&#8221;.vc_custom_1713601709184{margin-bottom: 0px !important;}&#8221;]\n<h3>Una porta aperta<\/h3>\n<p>Il dramma della vita \u00e8<br \/>\nche conosciamo<br \/>\ntutte le cose<br \/>\nnel cuore,<br \/>\nma agiamo<br \/>\ncon la mente<br \/>\n\u2018razionalmente\u2019,<br \/>\ncreando problemi<br \/>\nche non esistono<br \/>\nin verit\u00e0.<br \/>\nA volte rifiutiamo<br \/>\ndi passare<br \/>\nper una porta aperta<br \/>\ne proviamo la strada<br \/>\nattraverso le mura,<br \/>\nperch\u00e9 ci sembra<br \/>\nla pi\u00f9 facile.[\/vc_column_text][\/vc_column][vc_column width=&#8221;2\/6&#8243;][vc_column_text css=&#8221;.vc_custom_1714467294197{margin-bottom: 0px !important;}&#8221;]\n<h3>Uma porta aberta<\/h3>\n<p>O drama da nossa vida \u00e9<br \/>\nque conhecemos<br \/>\ntodas as coisas<br \/>\nno cora\u00e7\u00e3o,<br \/>\nmas agimos<br \/>\ncom a mente<br \/>\n\u2018racionalmente\u2019,<br \/>\ncriando problemas<br \/>\nque na verdade<br \/>\nn\u00e3o existem.<br \/>\n\u00c0s vezes recusamos<br \/>\nde passar<br \/>\npor uma porta aberta<br \/>\ne provamos o caminho<br \/>\npelo muro<br \/>\nporque parece<br \/>\nmais f\u00e1cil.[\/vc_column_text][\/vc_column][vc_column width=&#8221;1\/6&#8243;][\/vc_column][\/vc_row][vc_row css=&#8221;.vc_custom_1725604198952{padding-top: 30px !important;}&#8221;][vc_column width=&#8221;1\/6&#8243;][\/vc_column][vc_column width=&#8221;2\/3&#8243;][vc_single_image image=&#8221;1330&#8243; img_size=&#8221;full&#8221; alignment=&#8221;center&#8221; style=&#8221;vc_box_shadow&#8221; onclick=&#8221;custom_link&#8221; img_link_target=&#8221;_blank&#8221; link=&#8221;https:\/\/www.youtube.com\/watch?v=X5ZDu_9YWt0&#8243;][mk_button dimension=&#8221;two&#8221; size=&#8221;medium&#8221; icon=&#8221;mk-icon-arrow-circle-right&#8221; url=&#8221;\/en\/contact\/&#8221; align=&#8221;center&#8221; bg_color=&#8221;#1e73be&#8221;]Comprar CD[\/mk_button][vc_column_text css=&#8221;.vc_custom_1725604314237{margin-bottom: 0px !important;}&#8221;]Utilize o formul\u00e1rio de contacto caso pretenda adquirir um CD (19,99\u20ac mais portes). Em seguida, enviaremos as op\u00e7\u00f5es de pagamento.[\/vc_column_text][\/vc_column][vc_column width=&#8221;1\/6&#8243;][\/vc_column][\/vc_row]\n","protected":false},"excerpt":{"rendered":"<p>[vc_row][vc_column][vc_widget_sidebar sidebar_id=&#8221;sidebar-15&#8243; el_id=&#8221;sprachen&#8221;][\/vc_column][\/vc_row][vc_row css=&#8221;.vc_custom_1713599604741{padding-top: 70px !important;padding-bottom: 25px !important;}&#8221;][vc_column width=&#8221;1\/6&#8243;][\/vc_column][vc_column width=&#8221;2\/6&#8243;][vc_column_text css=&#8221;.vc_custom_1713601514280{margin-bottom: 0px !important;}&#8221;] Aspettami! Non c\u2019era bisogno di grandi pensieri, perch\u00e9 sei tu un grande pensiero dell\u2019universo. Il tuo affetto era semplice, naturale e degno di fiducia come la luce del sole. Con te non desideravo niente, perch\u00e9 avevo tutto. Mi manchi, ma un giorno [&hellip;]<\/p>\n","protected":false},"author":2,"featured_media":0,"parent":0,"menu_order":0,"comment_status":"closed","ping_status":"closed","template":"","meta":[],"_links":{"self":[{"href":"https:\/\/www.poesie-italiane.de\/pt-pt\/wp-json\/wp\/v2\/pages\/1323\/"}],"collection":[{"href":"https:\/\/www.poesie-italiane.de\/pt-pt\/wp-json\/wp\/v2\/pages\/"}],"about":[{"href":"https:\/\/www.poesie-italiane.de\/pt-pt\/wp-json\/wp\/v2\/types\/page\/"}],"author":[{"embeddable":true,"href":"https:\/\/www.poesie-italiane.de\/pt-pt\/wp-json\/wp\/v2\/users\/2\/"}],"replies":[{"embeddable":true,"href":"https:\/\/www.poesie-italiane.de\/pt-pt\/wp-json\/wp\/v2\/comments\/?post=1323"}],"version-history":[{"count":5,"href":"https:\/\/www.poesie-italiane.de\/pt-pt\/wp-json\/wp\/v2\/pages\/1323\/revisions\/"}],"predecessor-version":[{"id":1373,"href":"https:\/\/www.poesie-italiane.de\/pt-pt\/wp-json\/wp\/v2\/pages\/1323\/revisions\/1373\/"}],"wp:attachment":[{"href":"https:\/\/www.poesie-italiane.de\/pt-pt\/wp-json\/wp\/v2\/media\/?parent=1323"}],"curies":[{"name":"wp","href":"https:\/\/api.w.org\/{rel}","templated":true}]}}