{"id":257,"date":"2019-09-04T12:14:19","date_gmt":"2019-09-04T10:14:19","guid":{"rendered":"https:\/\/www.poesie-italiane.de\/poesie\/"},"modified":"2024-10-11T12:27:12","modified_gmt":"2024-10-11T10:27:12","slug":"gedichte","status":"publish","type":"page","link":"https:\/\/www.poesie-italiane.de\/pt-pt\/","title":{"rendered":"Poesia"},"content":{"rendered":"[vc_row fullwidth=&#8221;true&#8221; fullwidth_content=&#8221;false&#8221; sidebar_id=&#8221;sidebar-15&#8243; el_id=&#8221;sprachen&#8221; title=&#8221;&#8221;][vc_column][vc_widget_sidebar sidebar_id=&#8221;sidebar-15&#8243; el_id=&#8221;sprachen&#8221;][\/vc_column][\/vc_row][vc_row css=&#8221;.vc_custom_1570191217337{margin-bottom: 40px !important;padding-top: 20px !important;}&#8221;][vc_column][vc_column_text css=&#8221;.vc_custom_1728642334301{margin-bottom: 0px !important;padding-bottom: 0px !important;}&#8221;]Desde minha inf\u00e2ncia tentei entender o sentido da minha vida. Socrates, com sua solicita\u00e7\u00e3o de conhecer a si mesmo, foi o fil\u00f3sofo que mais me inspirou. Nas suas ideias vejo a conex\u00e3o entre a filosofia e a espiritualidade. Meus poemas tratam desta busca. Assim quero convidar os meus leitores a descobrir seu pr\u00f3prio ego. Vale a pena!<\/p>\n<p>Este livro contem uma sele\u00e7\u00e3o de poesias sobre oito temas: da alegria, do amor e da felicidade, dos meus gatos, da voz do cora\u00e7\u00e3o, da fonte, do mar, da vida e da morte at\u00e9 o pr\u00f3prio ponto de vista.[\/vc_column_text][\/vc_column][\/vc_row][vc_row css=&#8221;.vc_custom_1728641582739{margin-bottom: 0px !important;padding-bottom: 0px !important;}&#8221;][vc_column width=&#8221;1\/3&#8243;][\/vc_column][vc_column width=&#8221;1\/3&#8243;][mk_button dimension=&#8221;two&#8221; size=&#8221;large&#8221; url=&#8221;\/pt-pt\/buch\/&#8221; align=&#8221;center&#8221; fullwidth=&#8221;true&#8221; margin_right=&#8221;20&#8243; bg_color=&#8221;#1e73be&#8221;]LIVRO[\/mk_button][\/vc_column][vc_column width=&#8221;1\/3&#8243;][\/vc_column][\/vc_row][vc_row css=&#8221;.vc_custom_1570191217337{margin-bottom: 40px !important;padding-top: 20px !important;}&#8221;][vc_column][vc_column_text css=&#8221;.vc_custom_1728642397615{margin-bottom: 0px !important;padding-bottom: 0px !important;}&#8221;]O que poderia ser melhor do que quando as coisas se expandem seguindo a voz do seu cora\u00e7\u00e3o? Foi assim que surgiu a maravilhosa colabora\u00e7\u00e3o com Roald Raschner (http:\/\/www.rr-mupro.de), que criou a m\u00fasica para alguns dos meus poemas de uma forma que eu teria feito, se eu tivesse sido capaz de fazer a m\u00fasica. \u00c9 m\u00fasica para ouvir, pensar, cantar e dan\u00e7ar[\/vc_column_text][\/vc_column][\/vc_row][vc_row css=&#8221;.vc_custom_1728641582739{margin-bottom: 0px !important;padding-bottom: 0px !important;}&#8221;][vc_column width=&#8221;1\/3&#8243;][\/vc_column][vc_column width=&#8221;1\/3&#8243;][mk_button dimension=&#8221;two&#8221; size=&#8221;large&#8221; url=&#8221;\/pt-pt\/cd\/&#8221; align=&#8221;center&#8221; fullwidth=&#8221;true&#8221; margin_right=&#8221;20&#8243; bg_color=&#8221;#1e73be&#8221;]CD[\/mk_button][\/vc_column][vc_column width=&#8221;1\/3&#8243;][\/vc_column][\/vc_row]\n","protected":false},"excerpt":{"rendered":"<p>[vc_row fullwidth=&#8221;true&#8221; fullwidth_content=&#8221;false&#8221; sidebar_id=&#8221;sidebar-15&#8243; el_id=&#8221;sprachen&#8221; title=&#8221;&#8221;][vc_column][vc_widget_sidebar sidebar_id=&#8221;sidebar-15&#8243; el_id=&#8221;sprachen&#8221;][\/vc_column][\/vc_row][vc_row css=&#8221;.vc_custom_1570191217337{margin-bottom: 40px !important;padding-top: 20px !important;}&#8221;][vc_column][vc_column_text css=&#8221;.vc_custom_1728642334301{margin-bottom: 0px !important;padding-bottom: 0px !important;}&#8221;]Desde minha inf\u00e2ncia tentei entender o sentido da minha vida. Socrates, com sua solicita\u00e7\u00e3o de conhecer a si mesmo, foi o fil\u00f3sofo que mais me inspirou. Nas suas ideias vejo a conex\u00e3o entre a filosofia e a espiritualidade. [&hellip;]<\/p>\n","protected":false},"author":2,"featured_media":0,"parent":0,"menu_order":3,"comment_status":"closed","ping_status":"closed","template":"","meta":[],"_links":{"self":[{"href":"https:\/\/www.poesie-italiane.de\/pt-pt\/wp-json\/wp\/v2\/pages\/257\/"}],"collection":[{"href":"https:\/\/www.poesie-italiane.de\/pt-pt\/wp-json\/wp\/v2\/pages\/"}],"about":[{"href":"https:\/\/www.poesie-italiane.de\/pt-pt\/wp-json\/wp\/v2\/types\/page\/"}],"author":[{"embeddable":true,"href":"https:\/\/www.poesie-italiane.de\/pt-pt\/wp-json\/wp\/v2\/users\/2\/"}],"replies":[{"embeddable":true,"href":"https:\/\/www.poesie-italiane.de\/pt-pt\/wp-json\/wp\/v2\/comments\/?post=257"}],"version-history":[{"count":12,"href":"https:\/\/www.poesie-italiane.de\/pt-pt\/wp-json\/wp\/v2\/pages\/257\/revisions\/"}],"predecessor-version":[{"id":1391,"href":"https:\/\/www.poesie-italiane.de\/pt-pt\/wp-json\/wp\/v2\/pages\/257\/revisions\/1391\/"}],"wp:attachment":[{"href":"https:\/\/www.poesie-italiane.de\/pt-pt\/wp-json\/wp\/v2\/media\/?parent=257"}],"curies":[{"name":"wp","href":"https:\/\/api.w.org\/{rel}","templated":true}]}}