{"id":380,"date":"2019-09-11T10:54:44","date_gmt":"2019-09-11T08:54:44","guid":{"rendered":"https:\/\/www.poesie-italiane.de\/kosketus\/"},"modified":"2020-01-03T10:05:28","modified_gmt":"2020-01-03T09:05:28","slug":"contato","status":"publish","type":"page","link":"https:\/\/www.poesie-italiane.de\/pt-pt\/contato\/","title":{"rendered":"Contato"},"content":{"rendered":"[vc_row sidebar_id=&#8221;sidebar-15&#8243; el_id=&#8221;sprachen&#8221; title=&#8221;&#8221;][vc_column][vc_widget_sidebar sidebar_id=&#8221;sidebar-15&#8243; el_id=&#8221;sprachen&#8221;][\/vc_column][\/vc_row][vc_row css=&#8221;.vc_custom_1571996174515{margin-bottom: 40px !important;padding-top: 20px !important;}&#8221;][vc_column width=&#8221;1\/2&#8243;][vc_custom_heading text=&#8221;Contato&#8221; use_theme_fonts=&#8221;yes&#8221; css=&#8221;.vc_custom_1578042326704{margin-bottom: 40px !important;}&#8221;][vc_column_text css=&#8221;.vc_custom_1576832487415{margin-bottom: 0px !important;}&#8221;]Voc\u00ea gostaria de conhecer mais ou perguntar? Podes enviar uma mensagem via est\u00e1 formul\u00e1rio. Irei responder rapidamente, em alem\u00e3o italiano ou ingl\u00eas.<\/p>\n<p>Claro que toda sua informa\u00e7\u00e3o ser\u00e1 tratada de forma confidencial.[\/vc_column_text][\/vc_column][vc_column width=&#8221;1\/2&#8243;]<div role=\"form\" class=\"wpcf7\" id=\"wpcf7-f837-o1\" lang=\"de-DE\" dir=\"ltr\">\n<div class=\"screen-reader-response\"><p role=\"status\" aria-live=\"polite\" aria-atomic=\"true\"><\/p> <ul><\/ul><\/div>\n<form action=\"\/pt-pt\/wp-json\/wp\/v2\/pages\/380\/#wpcf7-f837-o1\" method=\"post\" class=\"wpcf7-form init\" novalidate=\"novalidate\" data-status=\"init\">\n<div style=\"display: none;\">\n<input type=\"hidden\" name=\"_wpcf7\" value=\"837\" \/>\n<input type=\"hidden\" name=\"_wpcf7_version\" value=\"5.5.6.1\" \/>\n<input type=\"hidden\" name=\"_wpcf7_locale\" value=\"de_DE\" \/>\n<input type=\"hidden\" name=\"_wpcf7_unit_tag\" value=\"wpcf7-f837-o1\" \/>\n<input type=\"hidden\" name=\"_wpcf7_container_post\" value=\"0\" \/>\n<input type=\"hidden\" name=\"_wpcf7_posted_data_hash\" value=\"\" \/>\n<\/div>\n<p><label> Nome*<br \/>\n    <span class=\"wpcf7-form-control-wrap your-name\"><input type=\"text\" name=\"your-name\" value=\"\" size=\"40\" class=\"wpcf7-form-control wpcf7-text wpcf7-validates-as-required\" aria-required=\"true\" aria-invalid=\"false\" \/><\/span> <\/label><\/p>\n<p><label> Endere\u00e7o de email*<br \/>\n    <span class=\"wpcf7-form-control-wrap your-email\"><input type=\"email\" name=\"your-email\" value=\"\" size=\"40\" class=\"wpcf7-form-control wpcf7-text wpcf7-email wpcf7-validates-as-required wpcf7-validates-as-email\" aria-required=\"true\" aria-invalid=\"false\" \/><\/span> <\/label><\/p>\n<p><label> Tema<br \/>\n    <span class=\"wpcf7-form-control-wrap your-subject\"><input type=\"text\" name=\"your-subject\" value=\"\" size=\"40\" class=\"wpcf7-form-control wpcf7-text\" aria-invalid=\"false\" \/><\/span> <\/label><\/p>\n<p><label> Mensagem<br \/>\n    <span class=\"wpcf7-form-control-wrap your-message\"><textarea name=\"your-message\" cols=\"40\" rows=\"10\" class=\"wpcf7-form-control wpcf7-textarea\" aria-invalid=\"false\"><\/textarea><\/span> <\/label><br \/>\n<span class=\"wpcf7-form-control-wrap zustimmung\"><span class=\"wpcf7-form-control wpcf7-acceptance\"><span class=\"wpcf7-list-item\"><label><input type=\"checkbox\" name=\"zustimmung\" value=\"1\" aria-invalid=\"false\" \/><span class=\"wpcf7-list-item-label\">Eu li a pol\u00edtica de privacidade.<\/span><\/label><\/span><\/span><\/span><\/p>\n<p><input type=\"submit\" value=\"Enviar\" class=\"wpcf7-form-control has-spinner wpcf7-submit\" \/><\/p>\n<div class=\"wpcf7-response-output\" aria-hidden=\"true\"><\/div><\/form><\/div>[\/vc_column][\/vc_row]\n","protected":false},"excerpt":{"rendered":"<p>[vc_row sidebar_id=&#8221;sidebar-15&#8243; el_id=&#8221;sprachen&#8221; title=&#8221;&#8221;][vc_column][vc_widget_sidebar sidebar_id=&#8221;sidebar-15&#8243; el_id=&#8221;sprachen&#8221;][\/vc_column][\/vc_row][vc_row css=&#8221;.vc_custom_1571996174515{margin-bottom: 40px !important;padding-top: 20px !important;}&#8221;][vc_column width=&#8221;1\/2&#8243;][vc_custom_heading text=&#8221;Contato&#8221; use_theme_fonts=&#8221;yes&#8221; css=&#8221;.vc_custom_1578042326704{margin-bottom: 40px !important;}&#8221;][vc_column_text css=&#8221;.vc_custom_1576832487415{margin-bottom: 0px !important;}&#8221;]Voc\u00ea gostaria de conhecer mais ou perguntar? Podes enviar uma mensagem via est\u00e1 formul\u00e1rio. Irei responder rapidamente, em alem\u00e3o italiano ou ingl\u00eas. Claro que toda sua informa\u00e7\u00e3o ser\u00e1 tratada de forma confidencial.[\/vc_column_text][\/vc_column][vc_column width=&#8221;1\/2&#8243;][\/vc_column][\/vc_row]<\/p>\n","protected":false},"author":2,"featured_media":0,"parent":0,"menu_order":4,"comment_status":"closed","ping_status":"closed","template":"","meta":[],"_links":{"self":[{"href":"https:\/\/www.poesie-italiane.de\/pt-pt\/wp-json\/wp\/v2\/pages\/380\/"}],"collection":[{"href":"https:\/\/www.poesie-italiane.de\/pt-pt\/wp-json\/wp\/v2\/pages\/"}],"about":[{"href":"https:\/\/www.poesie-italiane.de\/pt-pt\/wp-json\/wp\/v2\/types\/page\/"}],"author":[{"embeddable":true,"href":"https:\/\/www.poesie-italiane.de\/pt-pt\/wp-json\/wp\/v2\/users\/2\/"}],"replies":[{"embeddable":true,"href":"https:\/\/www.poesie-italiane.de\/pt-pt\/wp-json\/wp\/v2\/comments\/?post=380"}],"version-history":[{"count":7,"href":"https:\/\/www.poesie-italiane.de\/pt-pt\/wp-json\/wp\/v2\/pages\/380\/revisions\/"}],"predecessor-version":[{"id":1072,"href":"https:\/\/www.poesie-italiane.de\/pt-pt\/wp-json\/wp\/v2\/pages\/380\/revisions\/1072\/"}],"wp:attachment":[{"href":"https:\/\/www.poesie-italiane.de\/pt-pt\/wp-json\/wp\/v2\/media\/?parent=380"}],"curies":[{"name":"wp","href":"https:\/\/api.w.org\/{rel}","templated":true}]}}