{"id":499,"date":"2019-09-11T13:00:21","date_gmt":"2019-09-11T11:00:21","guid":{"rendered":"https:\/\/www.poesie-italiane.de\/?page_id=499"},"modified":"2022-09-29T08:56:55","modified_gmt":"2022-09-29T06:56:55","slug":"de-meu-ponto-di-vista","status":"publish","type":"page","link":"https:\/\/www.poesie-italiane.de\/pt-pt\/gedichte\/de-meu-ponto-di-vista\/","title":{"rendered":"De meu ponto di vista"},"content":{"rendered":"[vc_row sidebar_id=&#8221;sidebar-15&#8243; el_id=&#8221;sprachen&#8221; title=&#8221;&#8221;][vc_column][vc_widget_sidebar sidebar_id=&#8221;sidebar-15&#8243; el_id=&#8221;sprachen&#8221;][\/vc_column][\/vc_row][vc_row css=&#8221;.vc_custom_1570197793205{padding-top: 30px !important;}&#8221;][vc_column width=&#8221;1\/2&#8243;][vc_single_image image=&#8221;1021&#8243; img_size=&#8221;252&#215;390&#8243; alignment=&#8221;center&#8221; style=&#8221;vc_box_shadow&#8221; onclick=&#8221;custom_link&#8221; img_link_target=&#8221;_blank&#8221; link=&#8221;https:\/\/www.amazon.de\/gp\/product\/3947989172\/&#8221;][mk_button dimension=&#8221;two&#8221; size=&#8221;medium&#8221; icon=&#8221;mk-jupiter-icon-simple-amazon&#8221; url=&#8221;https:\/\/www.amazon.de\/gp\/product\/3947989172\/&#8221; target=&#8221;_blank&#8221; nofollow=&#8221;true&#8221; align=&#8221;center&#8221; bg_color=&#8221;#efbc3b&#8221;]Bei Amazon kaufen[\/mk_button][\/vc_column][vc_column width=&#8221;1\/2&#8243;][vc_column_text css=&#8221;.vc_custom_1568199614552{margin-bottom: 0px !important;}&#8221;]\n<h3>N\u00e3o confunda<\/h3>\n<p>Mesmo que<br \/>\numa id\u00e9ia<br \/>\nesteja<br \/>\nrealmente santa<br \/>\nn\u00e3o devemos<br \/>\nconfundir<br \/>\na mensagem<br \/>\ncom o mensageiro.<br \/>\nSe n\u00e3o<br \/>\ndistinguirmos<br \/>\na fonte<br \/>\ndo po\u00e7o<br \/>\nconfundimos tudo<br \/>\ne talvez fundamos<br \/>\numa religi\u00e3o.<\/p>\n<h3>Sono e sonho<\/h3>\n<p>A energia<br \/>\nda vida muda,<br \/>\nmas o essencial<br \/>\nda exist\u00eancia<br \/>\n\u00e9 sem fim.<br \/>\nN\u00f3s somos todos,<br \/>\nmat\u00e9ria e alma,<br \/>\nsono e sonho<br \/>\nvivemos em<br \/>\ncada forma.<br \/>\nA for\u00e7a divina<br \/>\nnos d\u00e1 todas<br \/>\nas possibilidades,<br \/>\nmas a cria\u00e7\u00e3o<br \/>\n\u00e9 nossa obriga\u00e7\u00e3o.[\/vc_column_text][\/vc_column][\/vc_row]\n","protected":false},"excerpt":{"rendered":"<p>[vc_row sidebar_id=&#8221;sidebar-15&#8243; el_id=&#8221;sprachen&#8221; title=&#8221;&#8221;][vc_column][vc_widget_sidebar sidebar_id=&#8221;sidebar-15&#8243; el_id=&#8221;sprachen&#8221;][\/vc_column][\/vc_row][vc_row css=&#8221;.vc_custom_1570197793205{padding-top: 30px !important;}&#8221;][vc_column width=&#8221;1\/2&#8243;][vc_single_image image=&#8221;1021&#8243; img_size=&#8221;252&#215;390&#8243; alignment=&#8221;center&#8221; style=&#8221;vc_box_shadow&#8221; onclick=&#8221;custom_link&#8221; img_link_target=&#8221;_blank&#8221; link=&#8221;https:\/\/www.amazon.de\/gp\/product\/3947989172\/&#8221;][mk_button dimension=&#8221;two&#8221; size=&#8221;medium&#8221; icon=&#8221;mk-jupiter-icon-simple-amazon&#8221; url=&#8221;https:\/\/www.amazon.de\/gp\/product\/3947989172\/&#8221; target=&#8221;_blank&#8221; nofollow=&#8221;true&#8221; align=&#8221;center&#8221; bg_color=&#8221;#efbc3b&#8221;]Bei Amazon kaufen[\/mk_button][\/vc_column][vc_column width=&#8221;1\/2&#8243;][vc_column_text css=&#8221;.vc_custom_1568199614552{margin-bottom: 0px !important;}&#8221;] N\u00e3o confunda Mesmo que uma id\u00e9ia esteja realmente santa n\u00e3o devemos confundir a mensagem com o mensageiro. Se n\u00e3o distinguirmos a fonte do po\u00e7o [&hellip;]<\/p>\n","protected":false},"author":2,"featured_media":0,"parent":257,"menu_order":0,"comment_status":"closed","ping_status":"closed","template":"","meta":[],"_links":{"self":[{"href":"https:\/\/www.poesie-italiane.de\/pt-pt\/wp-json\/wp\/v2\/pages\/499\/"}],"collection":[{"href":"https:\/\/www.poesie-italiane.de\/pt-pt\/wp-json\/wp\/v2\/pages\/"}],"about":[{"href":"https:\/\/www.poesie-italiane.de\/pt-pt\/wp-json\/wp\/v2\/types\/page\/"}],"author":[{"embeddable":true,"href":"https:\/\/www.poesie-italiane.de\/pt-pt\/wp-json\/wp\/v2\/users\/2\/"}],"replies":[{"embeddable":true,"href":"https:\/\/www.poesie-italiane.de\/pt-pt\/wp-json\/wp\/v2\/comments\/?post=499"}],"version-history":[{"count":5,"href":"https:\/\/www.poesie-italiane.de\/pt-pt\/wp-json\/wp\/v2\/pages\/499\/revisions\/"}],"predecessor-version":[{"id":1211,"href":"https:\/\/www.poesie-italiane.de\/pt-pt\/wp-json\/wp\/v2\/pages\/499\/revisions\/1211\/"}],"up":[{"embeddable":true,"href":"https:\/\/www.poesie-italiane.de\/pt-pt\/wp-json\/wp\/v2\/pages\/257\/"}],"wp:attachment":[{"href":"https:\/\/www.poesie-italiane.de\/pt-pt\/wp-json\/wp\/v2\/media\/?parent=499"}],"curies":[{"name":"wp","href":"https:\/\/api.w.org\/{rel}","templated":true}]}}